{"id":22,"date":"2019-07-10T15:15:14","date_gmt":"2019-07-10T18:15:14","guid":{"rendered":"http:\/\/www12.goiania.go.gov.br\/procuradoria\/?page_id=22"},"modified":"2022-03-18T11:34:36","modified_gmt":"2022-03-18T14:34:36","slug":"sobre-a-procuradoria","status":"publish","type":"page","link":"https:\/\/www.goiania.go.gov.br\/procuradoria\/sobre-a-procuradoria\/","title":{"rendered":"Sobre a Procuradoria"},"content":{"rendered":"\n<p>A Procuradoria-Geral do Munic\u00edpio (PGM) \u00e9 o \u00f3rg\u00e3o de assist\u00eancia e assessoramento jur\u00eddico do Poder Executivo do Munic\u00edpio de Goi\u00e2nia, atuando no controle de legalidade de seus atos e prestando consultoria no desempenho de suas atribui\u00e7\u00f5es. Em especial, atua na representa\u00e7\u00e3o judicial e extrajudicial do Munic\u00edpio, al\u00e9m de atender os \u00f3rg\u00e3os da Administra\u00e7\u00e3o Direta, Aut\u00e1rquica e Fundacional. <\/p>\n\n\n\n<p>Tamb\u00e9m \u00e9 institui\u00e7\u00e3o permanente, essencial \u00e0 administra\u00e7\u00e3o da justi\u00e7a, dotada de autonomia t\u00e9cnico-funcional em assuntos jur\u00eddicos. \u00c9 regida pela Lei Complementar n\u00ba 313, de 30 de outubro de 2018.<\/p>\n\n\n\n<p><\/p>\n\n\n\n<p><\/p>\n\n\n\n<p><strong>IDENTIDADE ORGANIZACIONAL<\/strong><\/p>\n\n\n\n<p><\/p>\n\n\n\n<p><strong>MISS\u00c3O<\/strong><br>Representar o Munic\u00edpio de Goi\u00e2nia judicial e extrajudicialmente, visando a sua prote\u00e7\u00e3o jur\u00eddica e o atendimento ao interesse p\u00fablico.<\/p>\n\n\n\n<p><\/p>\n\n\n\n<p><strong>VIS\u00c3O<\/strong><br>Fortalecer-se como institui\u00e7\u00e3o e ser reconhecida como \u00f3rg\u00e3o estrat\u00e9gico, inovador e de excel\u00eancia na representa\u00e7\u00e3o jur\u00eddica.<\/p>\n\n\n\n<p><strong>VALORES<\/strong><br>1. Efici\u00eancia<br>2. \u00c9tica<br>3. Integridade<br>4. Interesse P\u00fablico<br>5. Juridicidade<\/p>\n\n\n\n<p><\/p>\n","protected":false},"excerpt":{"rendered":"<p>A Procuradoria-Geral do Munic\u00edpio (PGM) \u00e9 o \u00f3rg\u00e3o de assist\u00eancia e assessoramento jur\u00eddico do Poder Executivo do Munic\u00edpio de Goi\u00e2nia, atuando no controle de legalidade de seus atos e prestando consultoria no desempenho de suas atribui\u00e7\u00f5es. Em especial, atua na representa\u00e7\u00e3o judicial e extrajudicial do Munic\u00edpio, al\u00e9m de atender os \u00f3rg\u00e3os da Administra\u00e7\u00e3o Direta, Aut\u00e1rquica [&hellip;]<\/p>\n","protected":false},"author":1,"featured_media":0,"parent":0,"menu_order":50,"comment_status":"closed","ping_status":"closed","template":"","meta":{"_acf_changed":false,"custom_icon_class":"","footnotes":""},"class_list":["post-22","page","type-page","status-publish","hentry"],"acf":[],"_links":{"self":[{"href":"https:\/\/www.goiania.go.gov.br\/procuradoria\/wp-json\/wp\/v2\/pages\/22","targetHints":{"allow":["GET"]}}],"collection":[{"href":"https:\/\/www.goiania.go.gov.br\/procuradoria\/wp-json\/wp\/v2\/pages"}],"about":[{"href":"https:\/\/www.goiania.go.gov.br\/procuradoria\/wp-json\/wp\/v2\/types\/page"}],"author":[{"embeddable":true,"href":"https:\/\/www.goiania.go.gov.br\/procuradoria\/wp-json\/wp\/v2\/users\/1"}],"replies":[{"embeddable":true,"href":"https:\/\/www.goiania.go.gov.br\/procuradoria\/wp-json\/wp\/v2\/comments?post=22"}],"version-history":[{"count":10,"href":"https:\/\/www.goiania.go.gov.br\/procuradoria\/wp-json\/wp\/v2\/pages\/22\/revisions"}],"predecessor-version":[{"id":991,"href":"https:\/\/www.goiania.go.gov.br\/procuradoria\/wp-json\/wp\/v2\/pages\/22\/revisions\/991"}],"wp:attachment":[{"href":"https:\/\/www.goiania.go.gov.br\/procuradoria\/wp-json\/wp\/v2\/media?parent=22"}],"curies":[{"name":"wp","href":"https:\/\/api.w.org\/{rel}","templated":true}]}}