{"id":1985,"date":"2025-07-10T09:34:19","date_gmt":"2025-07-10T12:34:19","guid":{"rendered":"https:\/\/www.goiania.go.gov.br\/procuradoria\/?page_id=1985"},"modified":"2026-01-16T16:22:00","modified_gmt":"2026-01-16T19:22:00","slug":"pareceres-referenciais","status":"publish","type":"page","link":"https:\/\/www.goiania.go.gov.br\/procuradoria\/pareceres-referenciais\/","title":{"rendered":"Pareceres Referenciais"},"content":{"rendered":"\n<ul class=\"wp-block-list\">\n<li><strong><a href=\"https:\/\/www.goiania.go.gov.br\/procuradoria\/wp-content\/uploads\/sites\/11\/2026\/01\/SEI_0063955_Parecer_Juridico_125.pdf\">PARECER JUR\u00cdDICO N\u00ba 125\/2022 &#8211; PGM\/PEAA<\/a><\/strong> &#8211; Institui\u00e7\u00e3o de ensino superior. Est\u00e1gio. Acordo de coopera\u00e7\u00e3o (conv\u00eanio). Possibilidade jur\u00eddica, com ressalvas.<\/li>\n\n\n\n<li><strong><a href=\"https:\/\/www.goiania.go.gov.br\/procuradoria\/wp-content\/uploads\/sites\/11\/2025\/07\/Parecer_referencial_n._233_2022._Contrato_de_Locacao_de_imovel._Lei_14.133.pdf\">PARECER JUR\u00cdDICO N\u00ba 233\/2022-PGM\/PEAA <\/a><\/strong>&#8211; Consulta. Parecer referencial. Contrato de Loca\u00e7\u00e3o de im\u00f3vel. Obrigatoriedade de licitar. Exce\u00e7\u00e3o: Inexigibilidade de Licita\u00e7\u00e3o com fulcro no art. 74, V, da Lei n. 14.133\/2021. Necessidade de cumprimento dos requisitos legais. Checklist. Minuta padr\u00e3o de contrato de loca\u00e7\u00e3o e Minuta Padr\u00e3o de Termo de Prorroga\u00e7\u00e3o de Prazo.<\/li>\n\n\n\n<li><strong><a href=\"https:\/\/www.goiania.go.gov.br\/procuradoria\/wp-content\/uploads\/sites\/11\/2025\/07\/Parecer_Referencial_n._301_2022._Pagamento_por_indenizacao._Sem_cobertura_contratual._Lei_8.666.pdf\">PARECER JUR\u00cdDICO N\u00ba 301\/2022 PGM\/PEAA<\/a><\/strong> &#8211; Consulta. Parecer referencial. Pagamento por indeniza\u00e7\u00e3o. Presta\u00e7\u00e3o de servi\u00e7os sem cobertura contratual. Contrato Nulo. Fundamenta\u00e7\u00e3o Legal: Lei 4.320\/64, Lei 8.666\/93. Possibilidade de pagamento, para se evitar o enriquecimento il\u00edcito da Administra\u00e7\u00e3o. Presun\u00e7\u00e3o de boa-f\u00e9 do prestador. Necessidade de cumprimento dos requisitos legais. Checklist. Aplica\u00e7\u00e3o restrita ao limite de dispensa de licita\u00e7\u00e3o em raz\u00e3o do valor.<\/li>\n\n\n\n<li><strong><a href=\"https:\/\/www.goiania.go.gov.br\/procuradoria\/wp-content\/uploads\/sites\/11\/2025\/07\/Parecer_Referencial_n._362_2022._Pagamento_por_indenizacao._Sem_cobertura_contratual._Lei_14.133.pdf\">PARECER JUR\u00cdDICO N\u00ba 362\/2022 PGM\/PEAA<\/a><\/strong> &#8211; Consulta. Parecer referencial. Pagamento por indeniza\u00e7\u00e3o. Presta\u00e7\u00e3o de servi\u00e7os\/fornecimento de bens sem cobertura contratual. Contrato Nulo. Fundamenta\u00e7\u00e3o Legal: Lei 4.320\/64, Lei 14.133\/2021. Possibilidade de pagamento, para se evitar o enriquecimento il\u00edcito da Administra\u00e7\u00e3o. Presun\u00e7\u00e3o de boa-f\u00e9 do prestador. Necessidade de cumprimento dos requisitos legais. Checklist. Aplica\u00e7\u00e3o restrita ao limite de dispensa de licita\u00e7\u00e3o em raz\u00e3o do valor.<\/li>\n\n\n\n<li><a href=\"https:\/\/www.goiania.go.gov.br\/procuradoria\/wp-content\/uploads\/sites\/11\/2025\/07\/Parecer_n._1154_2023._Termo_Aditivo._Reequilibrio._Materiais_Betuminosos.pdf\"><strong>PARECER JUR\u00cdDICO N\u00ba 1154\/2023-PGM\/PEAA<\/strong> <\/a>&#8211; Consulta jur\u00eddica. Administrativo. Licita\u00e7\u00e3o e contratos. Padroniza\u00e7\u00e3o administrativa. Parecer Referencial. Termo Aditivo. Recomposi\u00e7\u00e3o do Reequil\u00edbrio. Econ\u00f4mico-financeiro por revis\u00e3o de contratos em decorr\u00eancia da altera\u00e7\u00e3o de custos dos materiais betuminosos. Requisitos a serem preenchidos\/observados. <\/li>\n\n\n\n<li><a href=\"https:\/\/www.goiania.go.gov.br\/procuradoria\/wp-content\/uploads\/sites\/11\/2025\/07\/Parecer_n._1263_2023._Prorrogacao_de_Contratos_de_Servicos_Continuos._Art._57__II__da_lei_8.666.pdf\"><strong>PARECER JUR\u00cdDICO N\u00ba 1263\/2023-PGM\/PEAA<\/strong><\/a> &#8211; Consulta jur\u00eddica. Administrativo. Licita\u00e7\u00e3o e contratos. Padroniza\u00e7\u00e3o administrativa. Parecer Referencial. Prorroga\u00e7\u00e3o de contratos administrativos de servi\u00e7os cont\u00ednuos. Requisitos a serem preenchidos\/observados. Art. 57, inciso II, da Lei Federal n\u00ba 8.666\/93. Quest\u00e3o reiteradamente submetida \u00e0 PGM. Aus\u00eancia de complexidade a demandar an\u00e1lise espec\u00edfica. Checklist.<\/li>\n\n\n\n<li><strong><a href=\"https:\/\/www.goiania.go.gov.br\/procuradoria\/wp-content\/uploads\/sites\/11\/2025\/07\/Parecer_n._1614_2023._Contratacao_de_profiss_do_setor_artistico.pdf\">PARECER JUR\u00cdDICO N\u00ba 1614\/2023-PGM\/PEAA<\/a><\/strong> &#8211; Consulta jur\u00eddica. Administrativo. Licita\u00e7\u00e3o e contratos. Padroniza\u00e7\u00e3o administrativa. Parecer Referencial. Contrata\u00e7\u00e3o direta por inexigibilidade. Nova lei de licita\u00e7\u00f5es e contratos. Contrata\u00e7\u00e3o de profissional do setor art\u00edstico, diretamente ou por meio de empres\u00e1rio exclusivo, desde que consagrado pela cr\u00edtica especializada ou pela opini\u00e3o p\u00fablica (Art. 74, inciso II, da Lei Federal n\u00ba 14.133\/2021). Quest\u00e3o reiteradamente submetida \u00e0 PGM. Aus\u00eancia de complexidade a demandar an\u00e1lise espec\u00edfica. Minuta contratual e checklist. Aplica\u00e7\u00e3o restrita ao limite do dobro do valor previsto no art. 75, I, da Lei n. 14.133\/2021.<\/li>\n\n\n\n<li><strong><a href=\"https:\/\/www.goiania.go.gov.br\/procuradoria\/wp-content\/uploads\/sites\/11\/2025\/07\/Parecer_Referencial_n._2263_2023._Termo_de_Fomento_ou_Colaboracao._Emendas_parlamentares.pdf\">PARECER JUR\u00cdDICO N\u00ba 2263\/2023-PGM\/PEAA<\/a><\/strong> &#8211; Parecer Referencial. Consulta jur\u00eddica. Direito Administrativo. Parceria p\u00fablico-privada. Lei n. 13.019\/2014. Termo de Fomento ou Termo de Colabora\u00e7\u00e3o. Recursos previstos em Emendas Parlamentares \u00e0 lei or\u00e7ament\u00e1ria anual (art. 29). Lista de verifica\u00e7\u00e3o, Minuta contratual e outros anexos. Possibilidade de aplica\u00e7\u00e3o a casos semelhantes.<\/li>\n\n\n\n<li><strong><a href=\"https:\/\/www.goiania.go.gov.br\/procuradoria\/wp-content\/uploads\/sites\/11\/2025\/07\/Parecer_Referencial_n._608_2024._Termo_de_compromisso._SMS._Emenda_parlamentar_Municipal.pdf\">PARECER JUR\u00cdDICO N\u00ba 608\/2024 \u2013 PGM\/PEAA<\/a> <\/strong>&#8211; Consulta jur\u00eddica. Administrativo. Licita\u00e7\u00e3o e contratos. Padroniza\u00e7\u00e3o administrativa. Parecer Referencial. Transfer\u00eancia de recursos financeiros provenientes de Emenda Parlamentar individual de natureza impositiva \u00e0 Lei Or\u00e7ament\u00e1ria Anual do Fundo Municipal de Sa\u00fade da Secretaria de Sa\u00fade de Goi\u00e2nia para entidades filantr\u00f3picas e sem fins lucrativos que complementam o Sistema \u00danico de Sa\u00fade &#8211; SUS. Lei Org\u00e2nica do Munic\u00edpio de Goi\u00e2nia. Nova lei de licita\u00e7\u00f5es e contratos. (Art. 184 da Lei Federal n\u00ba 14.133\/2021; Decreto Federal n\u00ba 11.531\/2023; Portaria Conjunta MGI\/MF\/CGU n\u00ba 33, de 30 de agosto de 2023). Aus\u00eancia de complexidade a demandar an\u00e1lise espec\u00edfica. Minuta contratual e checklist.<\/li>\n\n\n\n<li><strong><a href=\"https:\/\/www.goiania.go.gov.br\/procuradoria\/wp-content\/uploads\/sites\/11\/2025\/07\/Parecer_Referencial_n._672_2024._Termo_de_compromisso._SMS._Emenda_parlamentar_Estadual.pdf\">PARECER JUR\u00cdDICO N\u00ba 672\/2024 \u2013 PGM\/PEAA<\/a><\/strong> &#8211; Consulta jur\u00eddica. Administrativo. Licita\u00e7\u00e3o e contratos. Padroniza\u00e7\u00e3o administrativa. Atualiza\u00e7\u00e3o de Parecer Referencial. Celebra\u00e7\u00e3o de termo de compromisso para transfer\u00eancia de recursos recebidos do Fundo de Sa\u00fade do Estado de Goi\u00e1s &#8211; FES advindos de transfer\u00eancia derivada de Emenda Parlamentar Impositiva \u00e0 Lei Or\u00e7ament\u00e1ria Anual \u2013 LOA ao Fundo Municipal de Sa\u00fade \u2013 FMS para institui\u00e7\u00f5es filantr\u00f3picas e sem fins lucrativos contratualizadas para complementar o Sistema \u00fanico de Sa\u00fade \u2013 SUS. Fundamenta\u00e7\u00e3o legal: Nova lei de licita\u00e7\u00f5es e contratos. Art. 184 da Lei Federal n\u00ba 14.133\/2021. Lei Estadual n\u00ba 17.797\/2012; Decreto Estadual n\u00ba 7.824\/2013; Portaria n\u00ba 2912, de 14 de dezembro de 2023 da Secretaria de Sa\u00fade do Estado de Goi\u00e1s e Decreto Estadual n\u00ba 10.410, 08\/02\/2024. Aus\u00eancia de complexidade a demandar an\u00e1lise espec\u00edfica. Minuta contratual e checklist.<\/li>\n\n\n\n<li><strong><a href=\"https:\/\/www.goiania.go.gov.br\/procuradoria\/wp-content\/uploads\/sites\/11\/2025\/07\/Parecer_Referencial_n._850_2024._Termo_de_compromisso._SMS._Emenda_parlamentar_Federal.pdf\">PARECER JUR\u00cdDICO N\u00ba 850\/2024 \u2013 PGM\/PEAA<\/a><\/strong> &#8211; Consulta jur\u00eddica. Administrativo. Licita\u00e7\u00e3o e contratos. Padroniza\u00e7\u00e3o administrativa. Atualiza\u00e7\u00e3o de Parecer Referencial. Celebra\u00e7\u00e3o de termo de compromisso para transfer\u00eancia de recursos recebidos do Fundo Nacional de Sa\u00fade \u2013 FNS advindos de transfer\u00eancia derivada de Emenda Parlamentar Impositiva e\/ou de Bancada \u00e0 Lei Or\u00e7ament\u00e1ria Anual \u2013 LOA\/Uni\u00e3o ao Fundo Municipal de Sa\u00fade \u2013 FMS para institui\u00e7\u00f5es filantr\u00f3picas e sem fins lucrativos contratualizadas para complementar o Sistema \u00fanico de Sa\u00fade \u2013 SUS. Fundamenta\u00e7\u00e3o legal: Nova lei de licita\u00e7\u00f5es e contratos. Art. 184 da Lei Federal n\u00ba 14.133\/2021. Decreto Federal n\u00ba 11.531\/2023; Portaria Conjunta MGI\/MF\/CGU n\u00ba 33, de 30 de agosto de 2023. Aus\u00eancia de complexidade a demandar an\u00e1lise espec\u00edfica. Minuta contratual e checklist.<\/li>\n<\/ul>\n\n\n\n<p><\/p>\n","protected":false},"excerpt":{"rendered":"","protected":false},"author":1,"featured_media":0,"parent":0,"menu_order":0,"comment_status":"closed","ping_status":"closed","template":"","meta":{"_acf_changed":false,"custom_icon_class":"","footnotes":""},"class_list":["post-1985","page","type-page","status-publish","hentry"],"acf":[],"_links":{"self":[{"href":"https:\/\/www.goiania.go.gov.br\/procuradoria\/wp-json\/wp\/v2\/pages\/1985","targetHints":{"allow":["GET"]}}],"collection":[{"href":"https:\/\/www.goiania.go.gov.br\/procuradoria\/wp-json\/wp\/v2\/pages"}],"about":[{"href":"https:\/\/www.goiania.go.gov.br\/procuradoria\/wp-json\/wp\/v2\/types\/page"}],"author":[{"embeddable":true,"href":"https:\/\/www.goiania.go.gov.br\/procuradoria\/wp-json\/wp\/v2\/users\/1"}],"replies":[{"embeddable":true,"href":"https:\/\/www.goiania.go.gov.br\/procuradoria\/wp-json\/wp\/v2\/comments?post=1985"}],"version-history":[{"count":10,"href":"https:\/\/www.goiania.go.gov.br\/procuradoria\/wp-json\/wp\/v2\/pages\/1985\/revisions"}],"predecessor-version":[{"id":2103,"href":"https:\/\/www.goiania.go.gov.br\/procuradoria\/wp-json\/wp\/v2\/pages\/1985\/revisions\/2103"}],"wp:attachment":[{"href":"https:\/\/www.goiania.go.gov.br\/procuradoria\/wp-json\/wp\/v2\/media?parent=1985"}],"curies":[{"name":"wp","href":"https:\/\/api.w.org\/{rel}","templated":true}]}}