{"id":1530,"date":"2023-05-18T14:07:30","date_gmt":"2023-05-18T17:07:30","guid":{"rendered":"https:\/\/www.goiania.go.gov.br\/procuradoria\/?page_id=1530"},"modified":"2024-06-10T15:45:40","modified_gmt":"2024-06-10T18:45:40","slug":"pareceres-2023","status":"publish","type":"page","link":"https:\/\/www.goiania.go.gov.br\/procuradoria\/pareceres-2023\/","title":{"rendered":"Pareceres 2023"},"content":{"rendered":"\n<p>Os Pareceres Referencias e Orienta\u00e7\u00f5es Normativas emitidas pela Procuradoria-Geral do Munic\u00edpio de Goi\u00e2nia est\u00e3o fundamentados nos atos normativos vigentes \u00e0 \u00e9poca da sua elabora\u00e7\u00e3o, e ser\u00e3o revistos quando houver altera\u00e7\u00e3o quanto ao entendimento jur\u00eddico neles expostos. Dessa forma, compete aos \u00f3rg\u00e3os, quando da utiliza\u00e7\u00e3o dos Pareceres e Orienta\u00e7\u00f5es Normativas, observar as normas procedimentais que, eventualmente, tenham sido emitidas em momento posterior ao ato emitido pela PGM, pela Controladoria-Geral do Munic\u00edpio, Secretaria Municipal de Administra\u00e7\u00e3o, Secretaria Municipal de Finan\u00e7as etc.<\/p>\n\n\n\n<p><a href=\"https:\/\/www.goiania.go.gov.br\/procuradoria\/wp-content\/uploads\/sites\/11\/2023\/05\/Parecer-n.-904-2023.-Parecer-Referencial.-Inexigibilidade.-Treinamento-e-Aperfeicoamento-de-Pessoal.-Art.-74-III-f-da-Lei-n.-14.133-2.pdf\">Parecer 904\/2023<\/a> &#8211; Parecer Referencial. Inexigibilidade. Treinamento e Aperfei\u00e7oamento de Pessoal. Art. 74, III, f, da Lei n. 14.133<\/p>\n\n\n\n<ul class=\"wp-block-list\">\n<li>Anexo I: <a href=\"https:\/\/www.goiania.go.gov.br\/procuradoria\/wp-content\/uploads\/sites\/11\/2023\/05\/Anexo-I.-Checklist.-Inexigibilidade.-Treinamento-e-Aperfeicoamento-de-Pessoal.-Art.-74-III-f-da-Lei-n.-14.133.docx\">Checklist. Inexigibilidade. Treinamento e Aperfei\u00e7oamento de Pessoal. Art. 74, III, f, da Lei n. 14.133<\/a><\/li>\n\n\n\n<li>Anexo II: <a href=\"https:\/\/www.goiania.go.gov.br\/procuradoria\/wp-content\/uploads\/sites\/11\/2023\/05\/Anexo-II.-Minuta-Contratual.-Inexigibilidade.-Treinamento-e-Aperfeicoamento-de-Pessoal.-Art.-74-III-f-da-Lei-n.-14.133.docx\">Minuta Contratual. Inexigibilidade. Treinamento e Aperfei\u00e7oamento de Pessoal. Art. 74, III, f, da Lei n. 14.133<\/a><\/li>\n<\/ul>\n\n\n\n<p><a href=\"https:\/\/www.goiania.go.gov.br\/procuradoria\/wp-content\/uploads\/sites\/11\/2023\/06\/Parecer-n.-1031-2023.-Sistema-de-Registro-de-Precos.-Adesao-a-Ata.-Orgao-nao-participante.-Art.-15-II-da-Lei-8.666-1.pdf\">Parecer 1031\/2023 <\/a>&#8211; Parecer Referencial. Sistema de Registro de Pre\u00e7os. Ades\u00e3o \u00e0 Ata. \u00d3rg\u00e3o n\u00e3o participante. Art. 15,II, da Lei 8.666<\/p>\n\n\n\n<ul class=\"wp-block-list\">\n<li>Anexo I: <a href=\"https:\/\/www.goiania.go.gov.br\/procuradoria\/wp-content\/uploads\/sites\/11\/2023\/06\/Anexo-I.-Checklist-Sistema-de-Registro-de-Precos.-Adesao-a-Ata.-Orgao-nao-participante.-Art.-15-II-da-Lei-8.666-2.pdf\">Checklist &#8211; Sistema de Registro de Pre\u00e7os. Ades\u00e3o \u00e0 Ata. \u00d3rg\u00e3o n\u00e3o participante. Art. 15, II, da Lei 8.666<\/a><\/li>\n<\/ul>\n\n\n\n<p><a href=\"https:\/\/www.goiania.go.gov.br\/procuradoria\/wp-content\/uploads\/sites\/11\/2023\/06\/Parecer-n.-1154-2023.-Termo-Aditivo.-Reequilibrio-Economico-Financeiro.-Materiais-Betuminosos.-Art.-65-II-d-da-Lei-8.666.pdf\">Parecer 1154\/2023<\/a> &#8211; Parecer Referencial. Termo Aditivo. Reequil\u00edbrio Econ\u00f4mico-Financeiro. Materiais Betuminosos. At. 65, II, d, da Lei 8.666<\/p>\n\n\n\n<ul class=\"wp-block-list\">\n<li>Anexo I:<a href=\"https:\/\/www.goiania.go.gov.br\/procuradoria\/wp-content\/uploads\/sites\/11\/2023\/06\/Anexo-I.-Checklist-Termo-Aditivo.-Reequilibrio-Economico-Financeiro.-Materiais-Betuminosos.pdf\"> Checklist &#8211; Termo Aditivo. Reequil\u00edbrio Econ\u00f4mico-Financeiro. Materiais Betuminosos. Art. 65, II, d, da Lei 8.666<\/a><\/li>\n\n\n\n<li>Anexo II: <a href=\"https:\/\/www.goiania.go.gov.br\/procuradoria\/wp-content\/uploads\/sites\/11\/2023\/06\/Anexo-II.-Minuta-Contratual-Termo-Aditivo.-Reequilibrio-Economico-Financeiro.-Materiais-Betuminosos.docx\">Minuta Contratual &#8211; Termo Aditivo. Reequil\u00edbrio Econ\u00f4mico- Financeiro. Materiais Betuminosos. Art. 65, II, d, da Lei 8.666<\/a><\/li>\n<\/ul>\n\n\n\n<p><a href=\"https:\/\/www.goiania.go.gov.br\/procuradoria\/wp-content\/uploads\/sites\/11\/2023\/06\/Parecer-n.-1263-2023.-Prorrogacao-de-Contratos-de-Servicos-Continuos.-Art.-57-II-da-lei-8.666.pdf\">Parecer 1263\/2023<\/a> &#8211; Parecer Referencial. Prorroga\u00e7\u00e3o de Contratos de Servi\u00e7os Cont\u00ednuos. Art. 57, II, da lei 8.666<\/p>\n\n\n\n<ul class=\"wp-block-list\">\n<li>Anexo I: <a href=\"https:\/\/www.goiania.go.gov.br\/procuradoria\/wp-content\/uploads\/sites\/11\/2023\/06\/Anexo-I.-Checklist-Prorrogacao-de-Contratos-de-Servicos-Continuos.-Art.-57-II-da-lei-8.666.pdf\">Checklist &#8211; Prorroga\u00e7\u00e3o de Contratos de Servi\u00e7os Cont\u00ednuos. Art. 57, II, da lei 8.666<\/a><\/li>\n\n\n\n<li>Anexo II: <a href=\"https:\/\/www.goiania.go.gov.br\/procuradoria\/wp-content\/uploads\/sites\/11\/2023\/06\/Anexo-II.-Minuta-do-Termo-Aditivo-Prorrogacao-de-Contratos-de-Servicos-Continuos.-Art.-57-II-da-lei-8.666.docx\">Minuta do Termo Aditivo &#8211; Prorroga\u00e7\u00e3o de Contratos de Servi\u00e7os Cont\u00ednuos. Art. 57, II, da lei 8.666<\/a><\/li>\n<\/ul>\n\n\n\n<p><a href=\"https:\/\/www.goiania.go.gov.br\/procuradoria\/wp-content\/uploads\/sites\/11\/2023\/08\/Parecer-n.-1614-2023.-Inexigibilidade-de-Licitacao.-Contratacao-de-profissional-do-setor-artistico.pdf\">Parecer 1614-2023<\/a> &#8211; Parecer Referencial. Inexigibilidade de Licita\u00e7\u00e3o. Contrata\u00e7\u00e3o de profissional do setor art\u00edstico. Art. 74, II, da Lei n. 14.133<\/p>\n\n\n\n<ul class=\"wp-block-list\">\n<li>Anexo I: <a href=\"https:\/\/www.goiania.go.gov.br\/procuradoria\/wp-content\/uploads\/sites\/11\/2023\/08\/Anexo-I.-Checklist.-Inexigibilidade-de-Licitacao.-Contratacao-de-profissional-do-setor-artistico.pdf\">Checklist. Inexigibilidade de Licita\u00e7\u00e3o. Contrata\u00e7\u00e3o de profissional do setor art\u00edstico. Art. 74, II, da Lei n. 14.133<\/a><\/li>\n\n\n\n<li>Anexo II. <a href=\"https:\/\/www.goiania.go.gov.br\/procuradoria\/wp-content\/uploads\/sites\/11\/2023\/08\/ANEXOI_2.pdf\">Minuta Contratual. Inexigibilidade de Licita\u00e7\u00e3o. Contrata\u00e7\u00e3o de profissional do setor art\u00edstico. Art. 74, II, da Lei n. 14.133<\/a><\/li>\n<\/ul>\n\n\n\n<p><a href=\"https:\/\/www.goiania.go.gov.br\/procuradoria\/wp-content\/uploads\/sites\/11\/2024\/06\/Parecer_Juridico_2263-SEI_2510332_.pdf\">Parecer 2263-2023<\/a> &#8211; Parecer Referencial. Termo de Fomento. Emendas Parlamentares. Lei n. 13.019-2014<\/p>\n","protected":false},"excerpt":{"rendered":"<p>Os Pareceres Referencias e Orienta\u00e7\u00f5es Normativas emitidas pela Procuradoria-Geral do Munic\u00edpio de Goi\u00e2nia est\u00e3o fundamentados nos atos normativos vigentes \u00e0 \u00e9poca da sua elabora\u00e7\u00e3o, e ser\u00e3o revistos quando houver altera\u00e7\u00e3o quanto ao entendimento jur\u00eddico neles expostos. Dessa forma, compete aos \u00f3rg\u00e3os, quando da utiliza\u00e7\u00e3o dos Pareceres e Orienta\u00e7\u00f5es Normativas, observar as normas procedimentais que, eventualmente, [&hellip;]<\/p>\n","protected":false},"author":1,"featured_media":0,"parent":0,"menu_order":0,"comment_status":"closed","ping_status":"closed","template":"","meta":{"_acf_changed":false,"custom_icon_class":"","footnotes":""},"class_list":["post-1530","page","type-page","status-publish","hentry"],"acf":[],"_links":{"self":[{"href":"https:\/\/www.goiania.go.gov.br\/procuradoria\/wp-json\/wp\/v2\/pages\/1530","targetHints":{"allow":["GET"]}}],"collection":[{"href":"https:\/\/www.goiania.go.gov.br\/procuradoria\/wp-json\/wp\/v2\/pages"}],"about":[{"href":"https:\/\/www.goiania.go.gov.br\/procuradoria\/wp-json\/wp\/v2\/types\/page"}],"author":[{"embeddable":true,"href":"https:\/\/www.goiania.go.gov.br\/procuradoria\/wp-json\/wp\/v2\/users\/1"}],"replies":[{"embeddable":true,"href":"https:\/\/www.goiania.go.gov.br\/procuradoria\/wp-json\/wp\/v2\/comments?post=1530"}],"version-history":[{"count":10,"href":"https:\/\/www.goiania.go.gov.br\/procuradoria\/wp-json\/wp\/v2\/pages\/1530\/revisions"}],"predecessor-version":[{"id":1896,"href":"https:\/\/www.goiania.go.gov.br\/procuradoria\/wp-json\/wp\/v2\/pages\/1530\/revisions\/1896"}],"wp:attachment":[{"href":"https:\/\/www.goiania.go.gov.br\/procuradoria\/wp-json\/wp\/v2\/media?parent=1530"}],"curies":[{"name":"wp","href":"https:\/\/api.w.org\/{rel}","templated":true}]}}