{"id":1159,"date":"2022-07-26T15:49:56","date_gmt":"2022-07-26T18:49:56","guid":{"rendered":"https:\/\/www.goiania.go.gov.br\/procuradoria\/?page_id=1159"},"modified":"2025-07-10T16:00:31","modified_gmt":"2025-07-10T19:00:31","slug":"orientacoes-normativas-peaa","status":"publish","type":"page","link":"https:\/\/www.goiania.go.gov.br\/procuradoria\/orientacoes-normativas-peaa\/","title":{"rendered":"Orienta\u00e7\u00f5es Normativas &#8211; PEAA"},"content":{"rendered":"\n<p>Os Pareceres Referencias e Orienta\u00e7\u00f5es Normativas emitidas pela Procuradoria-Geral do Munic\u00edpio de Goi\u00e2nia est\u00e3o fundamentados nos atos normativos vigentes \u00e0 \u00e9poca da sua elabora\u00e7\u00e3o, e ser\u00e3o revistos quando houver altera\u00e7\u00e3o quanto ao entendimento jur\u00eddico neles expostos. Dessa forma, compete aos \u00f3rg\u00e3os, quando da utiliza\u00e7\u00e3o dos Pareceres e Orienta\u00e7\u00f5es Normativas, observar as normas procedimentais que, eventualmente, tenham sido emitidas em momento posterior ao ato emitido pela PGM, pela Controladoria-Geral do Munic\u00edpio, Secretaria Municipal de Administra\u00e7\u00e3o, Secretaria Municipal de Finan\u00e7as etc.<\/p>\n\n\n\n<p>Orienta\u00e7\u00e3o Normativa 02\/2021 &#8211; <strong>(REVOGADA PELA ORIENTA\u00c7\u00c3O NORMATIVA N. 003\/2023)<\/strong> &#8211; Disp\u00f5e sobre a desnecessidade de an\u00e1lise jur\u00eddica pela Procuradoria-Geral do Munic\u00edpio em processos de dispensa de licita\u00e7\u00e3o em raz\u00e3o do baixo valor (art. 75, I e II, da Lei n. 14.133\/21), desde que obedecidos os requisitos previamente elencados no Parecer n. 1652\/2021-PGM e atendido o <em>checklist<\/em> anexo \u00e0 presente.<\/p>\n\n\n\n<p><a href=\"https:\/\/www.goiania.go.gov.br\/procuradoria\/wp-content\/uploads\/sites\/11\/2023\/08\/ON-n.-003-2023-Dispensa-em-razao-do-baixo-valor.-Integra.-D.O.M.-Ed.-8.117-2023.pdf\">Orienta\u00e7\u00e3o Normativa 03\/2023 <\/a>&#8211;<a href=\"https:\/\/www.goiania.go.gov.br\/procuradoria\/wp-content\/uploads\/sites\/11\/2023\/08\/ON-n.-003-2023-Dispensa-em-razao-do-baixo-valor.-Integra.-D.O.M.-Ed.-8.117-2023.pdf\"> <\/a>Disp\u00f5e sobre a desnecessidade de an\u00e1lise jur\u00eddica pela Procuradoria-Geral do Munic\u00edpio em processos de dispensa de licita\u00e7\u00e3o em raz\u00e3o do baixo valor (art. 75, I e II, da Lei n. 14.133\/21), desde que obedecidos os requisitos previamente elencados no Parecer n. 1795\/2023-PGM e atendido o checklist anexo \u00e0 presente.<\/p>\n","protected":false},"excerpt":{"rendered":"<p>Os Pareceres Referencias e Orienta\u00e7\u00f5es Normativas emitidas pela Procuradoria-Geral do Munic\u00edpio de Goi\u00e2nia est\u00e3o fundamentados nos atos normativos vigentes \u00e0 \u00e9poca da sua elabora\u00e7\u00e3o, e ser\u00e3o revistos quando houver altera\u00e7\u00e3o quanto ao entendimento jur\u00eddico neles expostos. Dessa forma, compete aos \u00f3rg\u00e3os, quando da utiliza\u00e7\u00e3o dos Pareceres e Orienta\u00e7\u00f5es Normativas, observar as normas procedimentais que, eventualmente, [&hellip;]<\/p>\n","protected":false},"author":23,"featured_media":0,"parent":0,"menu_order":49,"comment_status":"closed","ping_status":"closed","template":"","meta":{"_acf_changed":false,"custom_icon_class":"","footnotes":""},"class_list":["post-1159","page","type-page","status-publish","hentry"],"acf":[],"_links":{"self":[{"href":"https:\/\/www.goiania.go.gov.br\/procuradoria\/wp-json\/wp\/v2\/pages\/1159","targetHints":{"allow":["GET"]}}],"collection":[{"href":"https:\/\/www.goiania.go.gov.br\/procuradoria\/wp-json\/wp\/v2\/pages"}],"about":[{"href":"https:\/\/www.goiania.go.gov.br\/procuradoria\/wp-json\/wp\/v2\/types\/page"}],"author":[{"embeddable":true,"href":"https:\/\/www.goiania.go.gov.br\/procuradoria\/wp-json\/wp\/v2\/users\/23"}],"replies":[{"embeddable":true,"href":"https:\/\/www.goiania.go.gov.br\/procuradoria\/wp-json\/wp\/v2\/comments?post=1159"}],"version-history":[{"count":8,"href":"https:\/\/www.goiania.go.gov.br\/procuradoria\/wp-json\/wp\/v2\/pages\/1159\/revisions"}],"predecessor-version":[{"id":2020,"href":"https:\/\/www.goiania.go.gov.br\/procuradoria\/wp-json\/wp\/v2\/pages\/1159\/revisions\/2020"}],"wp:attachment":[{"href":"https:\/\/www.goiania.go.gov.br\/procuradoria\/wp-json\/wp\/v2\/media?parent=1159"}],"curies":[{"name":"wp","href":"https:\/\/api.w.org\/{rel}","templated":true}]}}