{"id":1129,"date":"2022-07-13T17:49:05","date_gmt":"2022-07-13T20:49:05","guid":{"rendered":"https:\/\/www.goiania.go.gov.br\/procuradoria\/?page_id=1129"},"modified":"2022-07-13T17:49:05","modified_gmt":"2022-07-13T20:49:05","slug":"pareceres-2021","status":"publish","type":"page","link":"https:\/\/www.goiania.go.gov.br\/procuradoria\/pareceres-2021\/","title":{"rendered":"PARECERES 2021"},"content":{"rendered":"\n<p><a href=\"https:\/\/www.goiania.go.gov.br\/procuradoria\/wp-content\/uploads\/sites\/11\/2022\/07\/Parecer-no-381.2021.-Pagamento-de-verbas-indenizatorias.-Afastamento-remunerado._compressed.pdf\">Parecer 381\/2021<\/a> &#8211; Pagamento de verbas indenizat\u00f3rias. Afastamento remunerado.<\/p>\n\n\n\n<p><a href=\"https:\/\/www.goiania.go.gov.br\/procuradoria\/wp-content\/uploads\/sites\/11\/2022\/07\/Parecer-2483.2021.-Consulta-CGM.-Percepcao-de-GDI-por-Agente-Politico.-Impossibilidade_compressed.pdf\">Parecer 2483\/2021 <\/a>&#8211; Consulta CGM. Percep\u00e7\u00e3o de GDI por Agente Pol\u00edtico. Impossibilidade.<\/p>\n","protected":false},"excerpt":{"rendered":"<p>Parecer 381\/2021 &#8211; Pagamento de verbas indenizat\u00f3rias. Afastamento remunerado. Parecer 2483\/2021 &#8211; Consulta CGM. Percep\u00e7\u00e3o de GDI por Agente Pol\u00edtico. Impossibilidade.<\/p>\n","protected":false},"author":23,"featured_media":0,"parent":0,"menu_order":47,"comment_status":"closed","ping_status":"closed","template":"","meta":{"_acf_changed":false,"custom_icon_class":"","footnotes":""},"class_list":["post-1129","page","type-page","status-publish","hentry"],"acf":[],"_links":{"self":[{"href":"https:\/\/www.goiania.go.gov.br\/procuradoria\/wp-json\/wp\/v2\/pages\/1129","targetHints":{"allow":["GET"]}}],"collection":[{"href":"https:\/\/www.goiania.go.gov.br\/procuradoria\/wp-json\/wp\/v2\/pages"}],"about":[{"href":"https:\/\/www.goiania.go.gov.br\/procuradoria\/wp-json\/wp\/v2\/types\/page"}],"author":[{"embeddable":true,"href":"https:\/\/www.goiania.go.gov.br\/procuradoria\/wp-json\/wp\/v2\/users\/23"}],"replies":[{"embeddable":true,"href":"https:\/\/www.goiania.go.gov.br\/procuradoria\/wp-json\/wp\/v2\/comments?post=1129"}],"version-history":[{"count":1,"href":"https:\/\/www.goiania.go.gov.br\/procuradoria\/wp-json\/wp\/v2\/pages\/1129\/revisions"}],"predecessor-version":[{"id":1130,"href":"https:\/\/www.goiania.go.gov.br\/procuradoria\/wp-json\/wp\/v2\/pages\/1129\/revisions\/1130"}],"wp:attachment":[{"href":"https:\/\/www.goiania.go.gov.br\/procuradoria\/wp-json\/wp\/v2\/media?parent=1129"}],"curies":[{"name":"wp","href":"https:\/\/api.w.org\/{rel}","templated":true}]}}