{"id":1092,"date":"2022-07-13T17:07:46","date_gmt":"2022-07-13T20:07:46","guid":{"rendered":"https:\/\/www.goiania.go.gov.br\/procuradoria\/?page_id=1092"},"modified":"2022-07-13T17:07:46","modified_gmt":"2022-07-13T20:07:46","slug":"pareceres-2018","status":"publish","type":"page","link":"https:\/\/www.goiania.go.gov.br\/procuradoria\/pareceres-2018\/","title":{"rendered":"PARECERES 2018"},"content":{"rendered":"\n<p><a href=\"https:\/\/www.goiania.go.gov.br\/procuradoria\/wp-content\/uploads\/sites\/11\/2022\/07\/Parecer-n\u00b0.-619.2018.-Jornada-noturna.-Guardas-Municipais..pdf\">Parecer 619\/2018<\/a> &#8211; Jornada noturna. Guardas Municipais.<\/p>\n\n\n\n<p><a href=\"https:\/\/www.goiania.go.gov.br\/procuradoria\/wp-content\/uploads\/sites\/11\/2022\/07\/Parecer-n\u00b0-1326.2018.-Contrato-por-Tempo-Determinado.-Estrangeiro..pdf\">Parecer 1326\/2018<\/a> &#8211; Contrato por Tempo Determinado. Estrangeiro.<\/p>\n\n\n\n<p><a href=\"https:\/\/www.goiania.go.gov.br\/procuradoria\/wp-content\/uploads\/sites\/11\/2022\/07\/Parecer-n\u00b0-1346.2018.-Adicional-de-Titulacao.-Titulo-utilizado-para-ingresso-no-cargo.-Enfermeiro..pdf\">Parecer 1346\/2018<\/a> &#8211; Adicional de Titula\u00e7\u00e3o. T\u00edtulo utilizado para ingresso no cargo. Enfermeiro.<\/p>\n\n\n\n<p><a href=\"https:\/\/www.goiania.go.gov.br\/procuradoria\/wp-content\/uploads\/sites\/11\/2022\/07\/Parecer-n\u00b0-1355.2018.-Revisao-e-Readequacao-de-Estabilidade-Economica.-Servidor-Aposentado..pdf\">Parecer 1355\/2018 <\/a>&#8211; Revis\u00e3o e Readequa\u00e7\u00e3o de Estabilidade Econ\u00f4mica. Servidor Aposentado.<\/p>\n\n\n\n<p><a href=\"https:\/\/www.goiania.go.gov.br\/procuradoria\/wp-content\/uploads\/sites\/11\/2022\/07\/Parecer-no-1502.2018.-Contrato-por-Tempo-Determinado.-Brasileiro-Naturalizado..pdf\">Parecer 1502\/2018<\/a> &#8211; Contrato por Tempo Determinado. Brasileiro Naturalizado.<\/p>\n\n\n\n<p><a href=\"https:\/\/www.goiania.go.gov.br\/procuradoria\/wp-content\/uploads\/sites\/11\/2022\/07\/Parecer-n\u00b0-1919.2018.-Queda-de-fruto.-Responsabilidade-do-municipio-nao-configurada..pdf\">Parecer 1919\/2018<\/a> &#8211; Queda de fruto. Responsabilidade do munic\u00edpio n\u00e3o configurada.<\/p>\n\n\n\n<p><a href=\"https:\/\/www.goiania.go.gov.br\/procuradoria\/wp-content\/uploads\/sites\/11\/2022\/07\/Parecer-n\u00b0-2433.2018.-Estabilidade-provisoria-a-servidora-gestante.-Premio-de-producao-extra.pdf\">Parecer 2433\/2018<\/a> &#8211; Estabilidade provis\u00f3ria a servidora gestante. Pr\u00eamio de produ\u00e7\u00e3o extra.<\/p>\n\n\n\n<p><a href=\"https:\/\/www.goiania.go.gov.br\/procuradoria\/wp-content\/uploads\/sites\/11\/2022\/07\/Parecer-n\u00b0-2857.2018.-Processo-seletivo-simplificado.-Candidta-aprovada-e-em-gozo-de-licenca-marternidade.-SEMAS.pdf\">Parecer 2857\/2018<\/a> &#8211; Processo seletivo simplificado. Candidata aprovada e em gozo de licen\u00e7a maternidade. SEMAS.<\/p>\n\n\n\n<p><a href=\"https:\/\/www.goiania.go.gov.br\/procuradoria\/wp-content\/uploads\/sites\/11\/2022\/07\/Parecer-n\u00b0-3240.2018.-Readaptacao-e-vacancia-de-cargos-publicos..pdf.\">Parecer 3240\/2018<\/a> &#8211; Readapta\u00e7\u00e3o e vac\u00e2ncia de cargos p\u00fablicos.<\/p>\n\n\n\n<p><a href=\"https:\/\/www.goiania.go.gov.br\/procuradoria\/wp-content\/uploads\/sites\/11\/2022\/07\/Parecer-n\u00b0-3416.2018.-Concurso.-Candidato-convocado.-Apresentacao-de-documento-fora-do-prazo-estipulado..pdf\">Parecer 3416\/2018<\/a> &#8211; Concurso. Candidato convocado. Apresenta\u00e7\u00e3o de documento fora do prazo estipulado.<\/p>\n\n\n\n<p><a href=\"https:\/\/www.goiania.go.gov.br\/procuradoria\/wp-content\/uploads\/sites\/11\/2022\/07\/Parecer-n\u00b0-3600.2018.-Processo-seletivo-simplificado-para-cargo-de-auxiliar-administrativo.pdf\">Parecer 3600\/2018<\/a> &#8211; Processo seletivo simplificado para cargo de auxiliar administrativo.<\/p>\n\n\n\n<p><a href=\"https:\/\/www.goiania.go.gov.br\/procuradoria\/wp-content\/uploads\/sites\/11\/2022\/07\/Parecer-n\u00b0-4123.2018-.-Adicional-de-Titulacao.-Juntada-de-documento-comprobatorio-do-beneficio-apos-aposentadoria..pdf\">Parecer 4123\/2018<\/a> &#8211; Adicional de Titula\u00e7\u00e3o. Juntada de documento comprobat\u00f3rio do benef\u00edcio ap\u00f3s aposentadoria.<\/p>\n\n\n\n<p><a href=\"https:\/\/www.goiania.go.gov.br\/procuradoria\/wp-content\/uploads\/sites\/11\/2022\/07\/Parecer-n\u00b0-4179.2018.-Infracao-de-Transito.-Multa.-Veiculo-Municipal.-Acao-de-regresso-em-face-do-servidor..pdf\">Parecer 4179\/2018<\/a> &#8211; Infra\u00e7\u00e3o de Tr\u00e2nsito. Multa. Ve\u00edculo Municipal. A\u00e7\u00e3o de regresso em face do servidor.<\/p>\n\n\n\n<p><\/p>\n","protected":false},"excerpt":{"rendered":"<p>Parecer 619\/2018 &#8211; Jornada noturna. Guardas Municipais. Parecer 1326\/2018 &#8211; Contrato por Tempo Determinado. Estrangeiro. Parecer 1346\/2018 &#8211; Adicional de Titula\u00e7\u00e3o. T\u00edtulo utilizado para ingresso no cargo. Enfermeiro. Parecer 1355\/2018 &#8211; Revis\u00e3o e Readequa\u00e7\u00e3o de Estabilidade Econ\u00f4mica. Servidor Aposentado. Parecer 1502\/2018 &#8211; Contrato por Tempo Determinado. Brasileiro Naturalizado. Parecer 1919\/2018 &#8211; Queda de fruto. Responsabilidade [&hellip;]<\/p>\n","protected":false},"author":23,"featured_media":0,"parent":0,"menu_order":44,"comment_status":"closed","ping_status":"closed","template":"","meta":{"_acf_changed":false,"custom_icon_class":"","footnotes":""},"class_list":["post-1092","page","type-page","status-publish","hentry"],"acf":[],"_links":{"self":[{"href":"https:\/\/www.goiania.go.gov.br\/procuradoria\/wp-json\/wp\/v2\/pages\/1092","targetHints":{"allow":["GET"]}}],"collection":[{"href":"https:\/\/www.goiania.go.gov.br\/procuradoria\/wp-json\/wp\/v2\/pages"}],"about":[{"href":"https:\/\/www.goiania.go.gov.br\/procuradoria\/wp-json\/wp\/v2\/types\/page"}],"author":[{"embeddable":true,"href":"https:\/\/www.goiania.go.gov.br\/procuradoria\/wp-json\/wp\/v2\/users\/23"}],"replies":[{"embeddable":true,"href":"https:\/\/www.goiania.go.gov.br\/procuradoria\/wp-json\/wp\/v2\/comments?post=1092"}],"version-history":[{"count":1,"href":"https:\/\/www.goiania.go.gov.br\/procuradoria\/wp-json\/wp\/v2\/pages\/1092\/revisions"}],"predecessor-version":[{"id":1093,"href":"https:\/\/www.goiania.go.gov.br\/procuradoria\/wp-json\/wp\/v2\/pages\/1092\/revisions\/1093"}],"wp:attachment":[{"href":"https:\/\/www.goiania.go.gov.br\/procuradoria\/wp-json\/wp\/v2\/media?parent=1092"}],"curies":[{"name":"wp","href":"https:\/\/api.w.org\/{rel}","templated":true}]}}