{"id":338,"date":"2021-04-27T12:50:37","date_gmt":"2021-04-27T15:50:37","guid":{"rendered":"https:\/\/www.goiania.go.gov.br\/procon\/apresentacao\/gerencia-de-cartorio-e-protocolo\/"},"modified":"2021-04-29T08:53:52","modified_gmt":"2021-04-29T11:53:52","slug":"gerencia-de-cartorio-e-protocolo","status":"publish","type":"page","link":"https:\/\/www.goiania.go.gov.br\/procon\/apresentacao\/gerencia-de-cartorio-e-protocolo\/","title":{"rendered":"Ger\u00eancia de Cart\u00f3rio e Protocolo"},"content":{"rendered":"\n<p><strong>Art. 23.<\/strong> Compete \u00e0 Ger\u00eancia de Cart\u00f3rio e Protocolo, unidade da integrante da Diretoria Administrativa, e ao seu gerente: <\/p>\n\n\n\n<p><strong>I &#8211;<\/strong> organizar e controlar as atividades relacionadas aos processos, procedendo a digita\u00e7\u00e3o de decis\u00f5es, despachos, intima\u00e7\u00f5es, notifica\u00e7\u00f5es e outros documentos a serem assinados pelo Presidente do PROCON\/GOI\u00c2NIA;<\/p>\n\n\n\n<p> <strong>II &#8211; <\/strong>receber, autuar e distribuir os processos e documentos dirigidos ao PROCON\/GOI\u00c2NIA, mantendo um fluxo permanente de informa\u00e7\u00f5es sobre a sua tramita\u00e7\u00e3o, atrav\u00e9s da alimenta\u00e7\u00e3o do Sistema de Controle de Processos; <\/p>\n\n\n\n<p><strong>III &#8211;<\/strong> expedir os processos reclamat\u00f3rios e demais documentos dirigidos a outros \u00d3rg\u00e3os e Entidades externas; <\/p>\n\n\n\n<p><strong>IV &#8211; <\/strong>promover o arquivamento dos Processos do PROCON\/GOI\u00c2NIA; <\/p>\n\n\n\n<p><strong>V &#8211; <\/strong>receber os Autos de Infra\u00e7\u00f5es lavrados pela Ger\u00eancia de Fiscaliza\u00e7\u00e3o para aguardar o prazo de defesa determinado em lei;<\/p>\n\n\n\n<p> <strong>VI &#8211; <\/strong>cadastrar os processos e as multas; <\/p>\n\n\n\n<p><strong>VII &#8211; <\/strong>expedir o Documento \u00danico de Arrecada\u00e7\u00e3o Municipal &#8211; DUAM e suas notifica\u00e7\u00f5es; <\/p>\n\n\n\n<p><strong>VIII &#8211;<\/strong> exercer outras atividades correlatas \u00e0s suas compet\u00eancias e que lhe forem determinadas pelo Diretor Administrativo.<\/p>\n","protected":false},"excerpt":{"rendered":"<p>Art. 23. Compete \u00e0 Ger\u00eancia de Cart\u00f3rio e Protocolo, unidade da integrante da Diretoria Administrativa, e ao seu gerente: I &#8211; organizar e controlar as atividades relacionadas aos processos, procedendo a digita\u00e7\u00e3o de decis\u00f5es, despachos, intima\u00e7\u00f5es, notifica\u00e7\u00f5es e outros documentos a serem assinados pelo Presidente do PROCON\/GOI\u00c2NIA; II &#8211; receber, autuar e distribuir os processos [&hellip;]<\/p>\n","protected":false},"author":28,"featured_media":0,"parent":21,"menu_order":17,"comment_status":"closed","ping_status":"closed","template":"","meta":{"_acf_changed":false,"custom_icon_class":"","footnotes":""},"class_list":["post-338","page","type-page","status-publish","hentry"],"acf":[],"_links":{"self":[{"href":"https:\/\/www.goiania.go.gov.br\/procon\/wp-json\/wp\/v2\/pages\/338","targetHints":{"allow":["GET"]}}],"collection":[{"href":"https:\/\/www.goiania.go.gov.br\/procon\/wp-json\/wp\/v2\/pages"}],"about":[{"href":"https:\/\/www.goiania.go.gov.br\/procon\/wp-json\/wp\/v2\/types\/page"}],"author":[{"embeddable":true,"href":"https:\/\/www.goiania.go.gov.br\/procon\/wp-json\/wp\/v2\/users\/28"}],"replies":[{"embeddable":true,"href":"https:\/\/www.goiania.go.gov.br\/procon\/wp-json\/wp\/v2\/comments?post=338"}],"version-history":[{"count":1,"href":"https:\/\/www.goiania.go.gov.br\/procon\/wp-json\/wp\/v2\/pages\/338\/revisions"}],"predecessor-version":[{"id":363,"href":"https:\/\/www.goiania.go.gov.br\/procon\/wp-json\/wp\/v2\/pages\/338\/revisions\/363"}],"up":[{"embeddable":true,"href":"https:\/\/www.goiania.go.gov.br\/procon\/wp-json\/wp\/v2\/pages\/21"}],"wp:attachment":[{"href":"https:\/\/www.goiania.go.gov.br\/procon\/wp-json\/wp\/v2\/media?parent=338"}],"curies":[{"name":"wp","href":"https:\/\/api.w.org\/{rel}","templated":true}]}}