{"id":337,"date":"2021-04-27T12:50:00","date_gmt":"2021-04-27T15:50:00","guid":{"rendered":"https:\/\/www.goiania.go.gov.br\/procon\/apresentacao\/gerencia-de-atendimento-ao-consumidor\/"},"modified":"2021-04-29T08:52:24","modified_gmt":"2021-04-29T11:52:24","slug":"gerencia-de-atendimento-ao-consumidor","status":"publish","type":"page","link":"https:\/\/www.goiania.go.gov.br\/procon\/apresentacao\/gerencia-de-atendimento-ao-consumidor\/","title":{"rendered":"Ger\u00eancia de Atendimento ao Consumidor"},"content":{"rendered":"\n<p><strong>Art. 22.<\/strong> Compete \u00e0 Ger\u00eancia de Atendimento ao Consumidor, unidade integrante da Diretoria Administrativa e ao seu Gerente: <\/p>\n\n\n\n<p><strong>I &#8211;<\/strong> recepcionar o p\u00fablico em geral, prestando por telefone ou pessoalmente, informa\u00e7\u00f5es, orienta\u00e7\u00f5es e esclarecimentos inerentes \u00e0 prote\u00e7\u00e3o e defesa dos direitos dos consumidores; <\/p>\n\n\n\n<p><strong>II &#8211;<\/strong> instruir o consumidor sobre os procedimentos e documenta\u00e7\u00f5es necess\u00e1rias a formaliza\u00e7\u00e3o de reclama\u00e7\u00f5es ou den\u00fancias; <\/p>\n\n\n\n<p><strong>III &#8211;<\/strong> protocolar no sistema pr\u00f3prio da Central de Atendimento \u00e0s consultas, reclama\u00e7\u00f5es e den\u00fancias apresentadas pelos consumidores;<\/p>\n\n\n\n<p><strong>IV &#8211;<\/strong> promover o contato com as partes, na tentativa de dar solu\u00e7\u00e3o pr\u00e9via \u00e0s reclama\u00e7\u00f5es, esclarecendo d\u00favidas, orientando e intermediando acordos entre consumidores e fornecedores; <\/p>\n\n\n\n<p><strong>V &#8211; <\/strong>proceder \u00e0 an\u00e1lise dos processos, contendo consultas, reclama\u00e7\u00f5es ou den\u00fancias, verificando as alternativas de solu\u00e7\u00e3o e sugerindo, ao Presidente a ado\u00e7\u00e3o das medidas cab\u00edveis a cada caso;<\/p>\n\n\n\n<p> <strong>VI &#8211;<\/strong> solicitar, atrav\u00e9s da Ger\u00eancia de Fiscaliza\u00e7\u00e3o, dilig\u00eancias para apura\u00e7\u00e3o da veracidade das den\u00fancias recebidas;<\/p>\n\n\n\n<p> <strong>VII &#8211; <\/strong>atender demandas de informa\u00e7\u00f5es dos consumidores e de setores diversos da sociedade, no que diz respeito \u00e0s informa\u00e7\u00f5es sobre pol\u00edticas e a\u00e7\u00f5es do PROCON\/GOI\u00c2NIA; <\/p>\n\n\n\n<p><strong>VIII &#8211; <\/strong>manter e controlar o arquivo de documentos e os procedimentos administrativos de atendimento ao consumidor; <\/p>\n\n\n\n<p><strong>IX &#8211; <\/strong>expedir notifica\u00e7\u00f5es e intima\u00e7\u00f5es, solicitando o comparecimento das partes envolvidas, para esclarecimento, conforme disposto no \u00a7 4\u00ba, do artigo 55, da Lei Federal n\u00ba. 8.078\/90;<\/p>\n\n\n\n<p> <strong>X &#8211;<\/strong> proceder \u00e0 an\u00e1lise e a juntada de documentos necess\u00e1rios \u00e0s instru\u00e7\u00f5es dos procedimentos reclamat\u00f3rios;<\/p>\n\n\n\n<p> <strong>XI &#8211;<\/strong> realizar estudo detalhado da reclama\u00e7\u00e3o fundamentada, verificando a possibilidade de propor solu\u00e7\u00f5es por meio de dilig\u00eancias fiscais, acordos e concilia\u00e7\u00f5es individuais ou coletivas;<\/p>\n\n\n\n<p> <strong>XII &#8211;<\/strong> marcar e realizar audi\u00eancias de concilia\u00e7\u00e3o entre as partes envolvidas nos procedimentos reclamat\u00f3rios, procedendo \u00e0 lavratura, em termo pr\u00f3prio, do resultado alcan\u00e7ado; <\/p>\n\n\n\n<p><strong>XIII &#8211;<\/strong> encaminhar ao Presidente os procedimentos reclamat\u00f3rios, cujas audi\u00eancias tenham sido realizadas e n\u00e3o resolvidos, sugerindo a ado\u00e7\u00e3o das provid\u00eancias cab\u00edveis aos \u00f3rg\u00e3os competentes;<\/p>\n\n\n\n<p> <strong>XIV &#8211; <\/strong>apresentar relat\u00f3rios mensais detalhados sobre as diversas \u00e1reas de atendimento; <\/p>\n\n\n\n<p><strong>XV &#8211;<\/strong> distribuir, manuais, cartilhas, panfletos e outros instrumentos informativos, com o objetivo de manter o consumidor permanentemente informado sobre seus direitos e obriga\u00e7\u00f5es;<\/p>\n\n\n\n<p><strong>XVI &#8211; <\/strong>desempenhar outras atividades correlatas \u00e0s suas compet\u00eancias e que lhes forem determinadas pelo Diretor Administrativo.<\/p>\n","protected":false},"excerpt":{"rendered":"<p>Art. 22. Compete \u00e0 Ger\u00eancia de Atendimento ao Consumidor, unidade integrante da Diretoria Administrativa e ao seu Gerente: I &#8211; recepcionar o p\u00fablico em geral, prestando por telefone ou pessoalmente, informa\u00e7\u00f5es, orienta\u00e7\u00f5es e esclarecimentos inerentes \u00e0 prote\u00e7\u00e3o e defesa dos direitos dos consumidores; II &#8211; instruir o consumidor sobre os procedimentos e documenta\u00e7\u00f5es necess\u00e1rias a [&hellip;]<\/p>\n","protected":false},"author":28,"featured_media":0,"parent":21,"menu_order":16,"comment_status":"closed","ping_status":"closed","template":"","meta":{"_acf_changed":false,"custom_icon_class":"","footnotes":""},"class_list":["post-337","page","type-page","status-publish","hentry"],"acf":[],"_links":{"self":[{"href":"https:\/\/www.goiania.go.gov.br\/procon\/wp-json\/wp\/v2\/pages\/337","targetHints":{"allow":["GET"]}}],"collection":[{"href":"https:\/\/www.goiania.go.gov.br\/procon\/wp-json\/wp\/v2\/pages"}],"about":[{"href":"https:\/\/www.goiania.go.gov.br\/procon\/wp-json\/wp\/v2\/types\/page"}],"author":[{"embeddable":true,"href":"https:\/\/www.goiania.go.gov.br\/procon\/wp-json\/wp\/v2\/users\/28"}],"replies":[{"embeddable":true,"href":"https:\/\/www.goiania.go.gov.br\/procon\/wp-json\/wp\/v2\/comments?post=337"}],"version-history":[{"count":1,"href":"https:\/\/www.goiania.go.gov.br\/procon\/wp-json\/wp\/v2\/pages\/337\/revisions"}],"predecessor-version":[{"id":361,"href":"https:\/\/www.goiania.go.gov.br\/procon\/wp-json\/wp\/v2\/pages\/337\/revisions\/361"}],"up":[{"embeddable":true,"href":"https:\/\/www.goiania.go.gov.br\/procon\/wp-json\/wp\/v2\/pages\/21"}],"wp:attachment":[{"href":"https:\/\/www.goiania.go.gov.br\/procon\/wp-json\/wp\/v2\/media?parent=337"}],"curies":[{"name":"wp","href":"https:\/\/api.w.org\/{rel}","templated":true}]}}