{"id":332,"date":"2021-04-27T12:45:43","date_gmt":"2021-04-27T15:45:43","guid":{"rendered":"https:\/\/www.goiania.go.gov.br\/procon\/apresentacao\/gerencia-de-pesquisa-e-calculo\/"},"modified":"2021-04-29T08:37:07","modified_gmt":"2021-04-29T11:37:07","slug":"gerencia-de-pesquisa-e-calculo","status":"publish","type":"page","link":"https:\/\/www.goiania.go.gov.br\/procon\/apresentacao\/gerencia-de-pesquisa-e-calculo\/","title":{"rendered":"Ger\u00eancia de Pesquisa e C\u00e1lculo"},"content":{"rendered":"\n<p><strong>Art. 17. <\/strong>Compete \u00e0 Ger\u00eancia de Pesquisa e C\u00e1lculo, unidade integrante da estrutura da Chefia da Advocacia Setorial e ao seu\/sua Gerente: <\/p>\n\n\n\n<p><strong>I &#8211; <\/strong>realizar c\u00e1lculos espec\u00edficos, no sentido de possibilitar o equil\u00edbrio financeiro entre consumidor e fornecedor, nos termos do C\u00f3digo de Defesa do Consumidor; <\/p>\n\n\n\n<p><strong>II &#8211; <\/strong>facilitar o acordo entre fornecedor e consumidor, evitando abusos praticados por parte de alguns fornecedores na cobran\u00e7a de d\u00edvidas;<\/p>\n\n\n\n<p> <strong>III &#8211; <\/strong>fornecer laudos t\u00e9cnicos como revis\u00e3o de contrato, evitando que o consumidor endividado tenha, ainda, mais gastos com a elabora\u00e7\u00e3o destes laudos; <\/p>\n\n\n\n<p><strong>IV &#8211; <\/strong>elaborar c\u00e1lculos, com base em taxas de juros m\u00e9dios mensais, divulgadas pelo Banco Central do Brasil, para cada tipo de modalidade, dentre outros: <\/p>\n\n\n\n<p><strong>a)<\/strong>Revisional de contrato (empr\u00e9stimos, financiamento de carros, motos);<\/p>\n\n\n\n<p><strong>b)<\/strong>Antecipa\u00e7\u00e3o para quita\u00e7\u00e3o;<\/p>\n\n\n\n<p><strong>c)<\/strong>Atualiza\u00e7\u00e3o de parcelas ou presta\u00e7\u00f5es em atraso;<\/p>\n\n\n\n<p><strong>d)<\/strong>Cart\u00e3o de cr\u00e9dito\/ carn\u00ea\/ cheque;<\/p>\n\n\n\n<p><strong>e)<\/strong>Atualiza\u00e7\u00e3o de financiamento, cart\u00e3o de cr\u00e9dito e empr\u00e9stimo.<\/p>\n\n\n\n<p><strong>V &#8211;<\/strong> realizar pesquisas sobre os pre\u00e7os praticados pelos estabelecimentos; <\/p>\n\n\n\n<p><strong>VI &#8211;<\/strong> informar e orientar os consumidores sobre como proceder na compra de determinado produto, seus direitos e deveres; <\/p>\n\n\n\n<p><strong>VII &#8211;<\/strong> exercer outras atividades correlatas \u00e0 sua \u00e1rea de atua\u00e7\u00e3o e as que lhe forem determinadas pelo Presidente.<\/p>\n\n\n\n<p><\/p>\n","protected":false},"excerpt":{"rendered":"<p>Art. 17. Compete \u00e0 Ger\u00eancia de Pesquisa e C\u00e1lculo, unidade integrante da estrutura da Chefia da Advocacia Setorial e ao seu\/sua Gerente: I &#8211; realizar c\u00e1lculos espec\u00edficos, no sentido de possibilitar o equil\u00edbrio financeiro entre consumidor e fornecedor, nos termos do C\u00f3digo de Defesa do Consumidor; II &#8211; facilitar o acordo entre fornecedor e consumidor, [&hellip;]<\/p>\n","protected":false},"author":28,"featured_media":0,"parent":21,"menu_order":11,"comment_status":"closed","ping_status":"closed","template":"","meta":{"_acf_changed":false,"custom_icon_class":"","footnotes":""},"class_list":["post-332","page","type-page","status-publish","hentry"],"acf":[],"_links":{"self":[{"href":"https:\/\/www.goiania.go.gov.br\/procon\/wp-json\/wp\/v2\/pages\/332","targetHints":{"allow":["GET"]}}],"collection":[{"href":"https:\/\/www.goiania.go.gov.br\/procon\/wp-json\/wp\/v2\/pages"}],"about":[{"href":"https:\/\/www.goiania.go.gov.br\/procon\/wp-json\/wp\/v2\/types\/page"}],"author":[{"embeddable":true,"href":"https:\/\/www.goiania.go.gov.br\/procon\/wp-json\/wp\/v2\/users\/28"}],"replies":[{"embeddable":true,"href":"https:\/\/www.goiania.go.gov.br\/procon\/wp-json\/wp\/v2\/comments?post=332"}],"version-history":[{"count":1,"href":"https:\/\/www.goiania.go.gov.br\/procon\/wp-json\/wp\/v2\/pages\/332\/revisions"}],"predecessor-version":[{"id":350,"href":"https:\/\/www.goiania.go.gov.br\/procon\/wp-json\/wp\/v2\/pages\/332\/revisions\/350"}],"up":[{"embeddable":true,"href":"https:\/\/www.goiania.go.gov.br\/procon\/wp-json\/wp\/v2\/pages\/21"}],"wp:attachment":[{"href":"https:\/\/www.goiania.go.gov.br\/procon\/wp-json\/wp\/v2\/media?parent=332"}],"curies":[{"name":"wp","href":"https:\/\/api.w.org\/{rel}","templated":true}]}}