{"id":331,"date":"2021-04-27T12:44:29","date_gmt":"2021-04-27T15:44:29","guid":{"rendered":"https:\/\/www.goiania.go.gov.br\/procon\/apresentacao\/gerencia-de-fiscalizacao\/"},"modified":"2021-04-29T08:34:10","modified_gmt":"2021-04-29T11:34:10","slug":"gerencia-de-fiscalizacao","status":"publish","type":"page","link":"https:\/\/www.goiania.go.gov.br\/procon\/apresentacao\/gerencia-de-fiscalizacao\/","title":{"rendered":"Ger\u00eancia de Fiscaliza\u00e7\u00e3o"},"content":{"rendered":"\n<p><strong>Art. 16.<\/strong> Compete \u00e0 Ger\u00eancia de Fiscaliza\u00e7\u00e3o, unidade integrante da estrutura da Chefia da Advocacia Setorial e ao seu\/sua Gerente:<\/p>\n\n\n\n<p> <strong>I &#8211; <\/strong>programar, coordenar e executar as a\u00e7\u00f5es de fiscaliza\u00e7\u00e3o relativas \u00e0 defesa dos direitos dos consumidores no \u00e2mbito do Munic\u00edpio, nos termos da Lei Federal n\u00ba. 8.078\/90 e Decreto Federal n\u00ba. 2.181\/97;<\/p>\n\n\n\n<p> <strong>II &#8211;<\/strong> fiscalizar e lavrar autos de infra\u00e7\u00e3o e apreens\u00e3o, conforme o disposto no C\u00f3digo de Defesa do Consumidor e demais legisla\u00e7\u00f5es pertinentes; <\/p>\n\n\n\n<p><strong>III &#8211; <\/strong>efetuar dilig\u00eancias e vistorias, visando subsidiar com informa\u00e7\u00f5es os processos de den\u00fancias ou reclama\u00e7\u00f5es de consumidores; <\/p>\n\n\n\n<p><strong>IV &#8211; <\/strong>proceder \u00e0 fiscaliza\u00e7\u00e3o da publicidade dos produtos e servi\u00e7os, coibindo aquelas consideradas enganosas e abusivas;<\/p>\n\n\n\n<p><strong>V &#8211;<\/strong> realizar a fiscaliza\u00e7\u00e3o de pre\u00e7os, abastecimento, quantitativo e qualitativo de bens e servi\u00e7os; <\/p>\n\n\n\n<p><strong>VI &#8211; <\/strong>executar opera\u00e7\u00f5es especiais de fiscaliza\u00e7\u00e3o, em conjunto com outros \u00f3rg\u00e3os federais, estaduais e municipais; <\/p>\n\n\n\n<p><strong>VII &#8211; <\/strong>sugerir ao Presidente o encaminhamento de expedientes a outros \u00f3rg\u00e3os de fiscaliza\u00e7\u00e3o, visando inform\u00e1-los das irregularidades detectadas e que extrapolam as suas atribui\u00e7\u00f5es; <\/p>\n\n\n\n<p><strong>VIII &#8211;<\/strong> solicitar junto aos \u00f3rg\u00e3os competentes, quando necess\u00e1rio, a realiza\u00e7\u00e3o de testes, an\u00e1lises, diagn\u00f3sticos, visando \u00e0 solu\u00e7\u00e3o de quest\u00f5es envolvendo as den\u00fancias;<\/p>\n\n\n\n<p> <strong>IX &#8211;<\/strong> exercer outras atividades correlatas \u00e0 sua \u00e1rea de atua\u00e7\u00e3o e as que lhe forem determinadas pelo Presidente.<\/p>\n\n\n\n<p><\/p>\n\n\n\n<p><\/p>\n","protected":false},"excerpt":{"rendered":"<p>Art. 16. Compete \u00e0 Ger\u00eancia de Fiscaliza\u00e7\u00e3o, unidade integrante da estrutura da Chefia da Advocacia Setorial e ao seu\/sua Gerente: I &#8211; programar, coordenar e executar as a\u00e7\u00f5es de fiscaliza\u00e7\u00e3o relativas \u00e0 defesa dos direitos dos consumidores no \u00e2mbito do Munic\u00edpio, nos termos da Lei Federal n\u00ba. 8.078\/90 e Decreto Federal n\u00ba. 2.181\/97; II &#8211; [&hellip;]<\/p>\n","protected":false},"author":28,"featured_media":0,"parent":21,"menu_order":10,"comment_status":"closed","ping_status":"closed","template":"","meta":{"_acf_changed":false,"custom_icon_class":"","footnotes":""},"class_list":["post-331","page","type-page","status-publish","hentry"],"acf":[],"_links":{"self":[{"href":"https:\/\/www.goiania.go.gov.br\/procon\/wp-json\/wp\/v2\/pages\/331","targetHints":{"allow":["GET"]}}],"collection":[{"href":"https:\/\/www.goiania.go.gov.br\/procon\/wp-json\/wp\/v2\/pages"}],"about":[{"href":"https:\/\/www.goiania.go.gov.br\/procon\/wp-json\/wp\/v2\/types\/page"}],"author":[{"embeddable":true,"href":"https:\/\/www.goiania.go.gov.br\/procon\/wp-json\/wp\/v2\/users\/28"}],"replies":[{"embeddable":true,"href":"https:\/\/www.goiania.go.gov.br\/procon\/wp-json\/wp\/v2\/comments?post=331"}],"version-history":[{"count":1,"href":"https:\/\/www.goiania.go.gov.br\/procon\/wp-json\/wp\/v2\/pages\/331\/revisions"}],"predecessor-version":[{"id":348,"href":"https:\/\/www.goiania.go.gov.br\/procon\/wp-json\/wp\/v2\/pages\/331\/revisions\/348"}],"up":[{"embeddable":true,"href":"https:\/\/www.goiania.go.gov.br\/procon\/wp-json\/wp\/v2\/pages\/21"}],"wp:attachment":[{"href":"https:\/\/www.goiania.go.gov.br\/procon\/wp-json\/wp\/v2\/media?parent=331"}],"curies":[{"name":"wp","href":"https:\/\/api.w.org\/{rel}","templated":true}]}}