{"id":89,"date":"2020-01-30T10:35:19","date_gmt":"2020-01-30T13:35:19","guid":{"rendered":"https:\/\/www12.goiania.go.gov.br\/imas\/?page_id=89"},"modified":"2020-01-30T10:40:30","modified_gmt":"2020-01-30T13:40:30","slug":"leis","status":"publish","type":"page","link":"https:\/\/www.goiania.go.gov.br\/imas\/leis\/","title":{"rendered":"Leis"},"content":{"rendered":"\n<ul class=\"wp-block-list\"><li> <a href=\"http:\/\/www.goiania.go.gov.br\/html\/gabinete_civil\/sileg\/dados\/legis\/1997\/lo_19971113_000007747.pdf\"><strong>Lei n.<\/strong><\/a><strong><a href=\"http:\/\/www12.goiania.go.gov.br\/imas\/wp-uploads\/sites\/20\/2020\/01\/lo_19971113_000007747.pdf\"> 7747, de 13 de novembro de 1997<\/a><\/strong><\/li><\/ul>\n\n\n\n<p>Reorganiza a estrutura administrativa da Prefeitura de Goi\u00e2nia e d\u00e1 outras\u00a0provid\u00eancias.<\/p>\n\n\n\n<ul class=\"wp-block-list\"><li> <strong><a href=\"http:\/\/www12.goiania.go.gov.br\/imas\/wp-uploads\/sites\/20\/2020\/01\/lo_20000905_000008011.pdf\">Lei n. 8011, de 05 de setembro de 2000<\/a><\/strong> <\/li><\/ul>\n\n\n\n<p>Regulamenta a presta\u00e7\u00e3o dos servi\u00e7os de assist\u00eancia \u00e0 sa\u00fade dos servidores municipais e d\u00e1 outras provid\u00eancias.<\/p>\n\n\n\n<ul class=\"wp-block-list\"><li> <strong><a href=\"http:\/\/www12.goiania.go.gov.br\/imas\/wp-uploads\/sites\/20\/2020\/01\/lo_20020426_000008095.pdf\">Lei n. 8095, de 26 de abril de 2002<\/a><\/strong> <\/li><\/ul>\n\n\n\n<p>Disp\u00f5e sobre o Regime Pr\u00f3prio de Previd\u00eancia Social dos Servidores P\u00fablicos do Munic\u00edpio de Goi\u00e2nia, altera a Lei 8.011, de 5 de setembro de 2.000, e d\u00e1 outras provid\u00eancias. <\/p>\n\n\n\n<ul class=\"wp-block-list\"><li> <strong><a href=\"http:\/\/www12.goiania.go.gov.br\/imas\/wp-uploads\/sites\/20\/2020\/01\/lo_20070620_000008537.pdf\">Lei n. 8537, de 20 de junho de 2007<\/a><\/strong><\/li><\/ul>\n\n\n\n<p>Disp\u00f5e sobre a altera\u00e7\u00e3o na estrutura administrativa da Prefeitura Municipal de Goi\u00e2nia e d\u00e1 outras provid\u00eancias.<\/p>\n","protected":false},"excerpt":{"rendered":"<p>Lei n. 7747, de 13 de novembro de 1997 Reorganiza a estrutura administrativa da Prefeitura de Goi\u00e2nia e d\u00e1 outras\u00a0provid\u00eancias. Lei n. 8011, de 05 de setembro de 2000 Regulamenta a presta\u00e7\u00e3o dos servi\u00e7os de assist\u00eancia \u00e0 sa\u00fade dos servidores municipais e d\u00e1 outras provid\u00eancias. Lei n. 8095, de 26 de abril de 2002 Disp\u00f5e [&hellip;]<\/p>\n","protected":false},"author":1,"featured_media":0,"parent":0,"menu_order":0,"comment_status":"closed","ping_status":"closed","template":"","meta":{"_acf_changed":false,"custom_icon_class":"","footnotes":""},"class_list":["post-89","page","type-page","status-publish","hentry"],"acf":[],"_links":{"self":[{"href":"https:\/\/www.goiania.go.gov.br\/imas\/wp-json\/wp\/v2\/pages\/89","targetHints":{"allow":["GET"]}}],"collection":[{"href":"https:\/\/www.goiania.go.gov.br\/imas\/wp-json\/wp\/v2\/pages"}],"about":[{"href":"https:\/\/www.goiania.go.gov.br\/imas\/wp-json\/wp\/v2\/types\/page"}],"author":[{"embeddable":true,"href":"https:\/\/www.goiania.go.gov.br\/imas\/wp-json\/wp\/v2\/users\/1"}],"replies":[{"embeddable":true,"href":"https:\/\/www.goiania.go.gov.br\/imas\/wp-json\/wp\/v2\/comments?post=89"}],"version-history":[{"count":3,"href":"https:\/\/www.goiania.go.gov.br\/imas\/wp-json\/wp\/v2\/pages\/89\/revisions"}],"predecessor-version":[{"id":97,"href":"https:\/\/www.goiania.go.gov.br\/imas\/wp-json\/wp\/v2\/pages\/89\/revisions\/97"}],"wp:attachment":[{"href":"https:\/\/www.goiania.go.gov.br\/imas\/wp-json\/wp\/v2\/media?parent=89"}],"curies":[{"name":"wp","href":"https:\/\/api.w.org\/{rel}","templated":true}]}}