{"id":82,"date":"2020-01-24T10:14:16","date_gmt":"2020-01-24T13:14:16","guid":{"rendered":"https:\/\/www12.goiania.go.gov.br\/imas\/?page_id=82"},"modified":"2024-05-16T10:35:13","modified_gmt":"2024-05-16T13:35:13","slug":"fale-conosco","status":"publish","type":"page","link":"https:\/\/www.goiania.go.gov.br\/imas\/fale-conosco\/","title":{"rendered":"Fale Conosco"},"content":{"rendered":"\n<p>Em caso de d\u00favidas ou informa\u00e7\u00f5es, entre em contato com o IMAS atrav\u00e9s de nossos contatos:<\/p>\n\n\n\n<h2 class=\"wp-block-heading\">Ouvidoria<\/h2>\n\n\n\n<p>Fone: 156<br>Atendimento ao usu\u00e1rio: 3524 1129<br>Fale com o Imas: <a href=\"mailto:novoimas@gmail.com\">novoimas@gmail.com<\/a><\/p>\n\n\n\n<figure class=\"wp-block-image size-large\"><img loading=\"lazy\" decoding=\"async\" width=\"576\" height=\"1024\" src=\"https:\/\/www.goiania.go.gov.br\/imas\/wp-content\/uploads\/sites\/20\/2024\/05\/556230951084-556299006885-3A29485937870FD2A3CB-576x1024.jpeg\" alt=\"\" class=\"wp-image-266\" srcset=\"https:\/\/www.goiania.go.gov.br\/imas\/wp-content\/uploads\/sites\/20\/2024\/05\/556230951084-556299006885-3A29485937870FD2A3CB-576x1024.jpeg 576w, https:\/\/www.goiania.go.gov.br\/imas\/wp-content\/uploads\/sites\/20\/2024\/05\/556230951084-556299006885-3A29485937870FD2A3CB-169x300.jpeg 169w, https:\/\/www.goiania.go.gov.br\/imas\/wp-content\/uploads\/sites\/20\/2024\/05\/556230951084-556299006885-3A29485937870FD2A3CB-768x1365.jpeg 768w, https:\/\/www.goiania.go.gov.br\/imas\/wp-content\/uploads\/sites\/20\/2024\/05\/556230951084-556299006885-3A29485937870FD2A3CB-864x1536.jpeg 864w, https:\/\/www.goiania.go.gov.br\/imas\/wp-content\/uploads\/sites\/20\/2024\/05\/556230951084-556299006885-3A29485937870FD2A3CB.jpeg 900w\" sizes=\"auto, (max-width: 576px) 100vw, 576px\" \/><\/figure>\n\n\n\n<p><br><\/p>\n","protected":false},"excerpt":{"rendered":"<p>Em caso de d\u00favidas ou informa\u00e7\u00f5es, entre em contato com o IMAS atrav\u00e9s de nossos contatos: Ouvidoria Fone: 156Atendimento ao usu\u00e1rio: 3524 1129Fale com o Imas: novoimas@gmail.com<\/p>\n","protected":false},"author":1,"featured_media":0,"parent":0,"menu_order":0,"comment_status":"closed","ping_status":"closed","template":"","meta":{"_acf_changed":false,"custom_icon_class":"","footnotes":""},"class_list":["post-82","page","type-page","status-publish","hentry"],"acf":[],"_links":{"self":[{"href":"https:\/\/www.goiania.go.gov.br\/imas\/wp-json\/wp\/v2\/pages\/82","targetHints":{"allow":["GET"]}}],"collection":[{"href":"https:\/\/www.goiania.go.gov.br\/imas\/wp-json\/wp\/v2\/pages"}],"about":[{"href":"https:\/\/www.goiania.go.gov.br\/imas\/wp-json\/wp\/v2\/types\/page"}],"author":[{"embeddable":true,"href":"https:\/\/www.goiania.go.gov.br\/imas\/wp-json\/wp\/v2\/users\/1"}],"replies":[{"embeddable":true,"href":"https:\/\/www.goiania.go.gov.br\/imas\/wp-json\/wp\/v2\/comments?post=82"}],"version-history":[{"count":5,"href":"https:\/\/www.goiania.go.gov.br\/imas\/wp-json\/wp\/v2\/pages\/82\/revisions"}],"predecessor-version":[{"id":268,"href":"https:\/\/www.goiania.go.gov.br\/imas\/wp-json\/wp\/v2\/pages\/82\/revisions\/268"}],"wp:attachment":[{"href":"https:\/\/www.goiania.go.gov.br\/imas\/wp-json\/wp\/v2\/media?parent=82"}],"curies":[{"name":"wp","href":"https:\/\/api.w.org\/{rel}","templated":true}]}}