{"id":75,"date":"2020-01-24T10:01:10","date_gmt":"2020-01-24T13:01:10","guid":{"rendered":"https:\/\/www12.goiania.go.gov.br\/imas\/?page_id=75"},"modified":"2020-01-24T10:01:52","modified_gmt":"2020-01-24T13:01:52","slug":"agregados-seguro-especial-e-odonto","status":"publish","type":"page","link":"https:\/\/www.goiania.go.gov.br\/imas\/agregados-seguro-especial-e-odonto\/","title":{"rendered":"Agregados, Seguro Especial e Odonto"},"content":{"rendered":"\n<h2 class=\"wp-block-heading\">Caixa Econ\u00f4mica Federal ou Lot\u00e9rica<\/h2>\n\n\n\n<p>Ag\u00eancia: 2510<br>OP: 006<br>Conta: 544-1<\/p>\n\n\n\n<p>Obs: N\u00e3o pode ser depositado em caixa r\u00e1pido (auto atendimento). Somente na boca do caixa ou transfer\u00eancia. Favor anotar a matricula.<\/p>\n\n\n\n<p>Enviar comprovante por e-mail:<\/p>\n\n\n\n<p><strong><a href=\"mailto:imasagregados@gmail.com\">imasagregados@gmail.com<\/a><\/strong><\/p>\n","protected":false},"excerpt":{"rendered":"<p>Caixa Econ\u00f4mica Federal ou Lot\u00e9rica Ag\u00eancia: 2510OP: 006Conta: 544-1 Obs: N\u00e3o pode ser depositado em caixa r\u00e1pido (auto atendimento). Somente na boca do caixa ou transfer\u00eancia. Favor anotar a matricula. Enviar comprovante por e-mail: imasagregados@gmail.com<\/p>\n","protected":false},"author":1,"featured_media":0,"parent":0,"menu_order":0,"comment_status":"closed","ping_status":"closed","template":"","meta":{"_acf_changed":false,"custom_icon_class":"","footnotes":""},"class_list":["post-75","page","type-page","status-publish","hentry"],"acf":[],"_links":{"self":[{"href":"https:\/\/www.goiania.go.gov.br\/imas\/wp-json\/wp\/v2\/pages\/75","targetHints":{"allow":["GET"]}}],"collection":[{"href":"https:\/\/www.goiania.go.gov.br\/imas\/wp-json\/wp\/v2\/pages"}],"about":[{"href":"https:\/\/www.goiania.go.gov.br\/imas\/wp-json\/wp\/v2\/types\/page"}],"author":[{"embeddable":true,"href":"https:\/\/www.goiania.go.gov.br\/imas\/wp-json\/wp\/v2\/users\/1"}],"replies":[{"embeddable":true,"href":"https:\/\/www.goiania.go.gov.br\/imas\/wp-json\/wp\/v2\/comments?post=75"}],"version-history":[{"count":2,"href":"https:\/\/www.goiania.go.gov.br\/imas\/wp-json\/wp\/v2\/pages\/75\/revisions"}],"predecessor-version":[{"id":77,"href":"https:\/\/www.goiania.go.gov.br\/imas\/wp-json\/wp\/v2\/pages\/75\/revisions\/77"}],"wp:attachment":[{"href":"https:\/\/www.goiania.go.gov.br\/imas\/wp-json\/wp\/v2\/media?parent=75"}],"curies":[{"name":"wp","href":"https:\/\/api.w.org\/{rel}","templated":true}]}}