{"id":53,"date":"2020-01-24T09:38:02","date_gmt":"2020-01-24T12:38:02","guid":{"rendered":"https:\/\/www12.goiania.go.gov.br\/imas\/?page_id=53"},"modified":"2023-09-05T16:43:41","modified_gmt":"2023-09-05T19:43:41","slug":"guia-de-prestadores","status":"publish","type":"page","link":"https:\/\/www.goiania.go.gov.br\/imas\/guia-de-prestadores\/","title":{"rendered":"Guia de Prestadores"},"content":{"rendered":"\n<p>Neste espa\u00e7o o usu\u00e1rio tem acesso a rela\u00e7\u00e3o, por categoria e\nespecialidade, de todos os prestadores credenciados ao Imas Goi\u00e2nia. Fazem\nparte dela os profissionais que possuem contrato direto com o Instituto, bem\ncomo os que prestam servi\u00e7os \u00e0s cl\u00ednicas, hospitais e laborat\u00f3rios credenciados\nao plano, ou seja, os chamados &#8216;corpo cl\u00ednico&#8217;. <\/p>\n\n\n\n<p>Essa rela\u00e7\u00e3o \u00e9 constantemente atualizada, mas pode ocorrer de algum profissional n\u00e3o estar mais atendendo via corpo cl\u00ednico e o prestador n\u00e3o ter informado ao Departamento de Credenciamento do Instituto para retirada do nome da rela\u00e7\u00e3o. Desta forma, solicitamos a gentileza de que, quando isso ocorrer, o usu\u00e1rio entre em contato com a Divis\u00e3o de Servi\u00e7o Social do Imas informando o ocorrido para que o Instituto possa tomar as devidas provid\u00eancias.<\/p>\n\n\n\n<p><a href=\"https:\/\/imassaude.com.br\/as-portalassociado-net\/guia-medico\">Clique aqui para acessar o Novo Guia M\u00e9dico do IMAS<\/a><\/p>\n","protected":false},"excerpt":{"rendered":"<p>Neste espa\u00e7o o usu\u00e1rio tem acesso a rela\u00e7\u00e3o, por categoria e especialidade, de todos os prestadores credenciados ao Imas Goi\u00e2nia. Fazem parte dela os profissionais que possuem contrato direto com o Instituto, bem como os que prestam servi\u00e7os \u00e0s cl\u00ednicas, hospitais e laborat\u00f3rios credenciados ao plano, ou seja, os chamados &#8216;corpo cl\u00ednico&#8217;. Essa rela\u00e7\u00e3o \u00e9 [&hellip;]<\/p>\n","protected":false},"author":1,"featured_media":0,"parent":0,"menu_order":0,"comment_status":"closed","ping_status":"closed","template":"","meta":{"_acf_changed":false,"custom_icon_class":"","footnotes":""},"class_list":["post-53","page","type-page","status-publish","hentry"],"acf":[],"_links":{"self":[{"href":"https:\/\/www.goiania.go.gov.br\/imas\/wp-json\/wp\/v2\/pages\/53","targetHints":{"allow":["GET"]}}],"collection":[{"href":"https:\/\/www.goiania.go.gov.br\/imas\/wp-json\/wp\/v2\/pages"}],"about":[{"href":"https:\/\/www.goiania.go.gov.br\/imas\/wp-json\/wp\/v2\/types\/page"}],"author":[{"embeddable":true,"href":"https:\/\/www.goiania.go.gov.br\/imas\/wp-json\/wp\/v2\/users\/1"}],"replies":[{"embeddable":true,"href":"https:\/\/www.goiania.go.gov.br\/imas\/wp-json\/wp\/v2\/comments?post=53"}],"version-history":[{"count":2,"href":"https:\/\/www.goiania.go.gov.br\/imas\/wp-json\/wp\/v2\/pages\/53\/revisions"}],"predecessor-version":[{"id":153,"href":"https:\/\/www.goiania.go.gov.br\/imas\/wp-json\/wp\/v2\/pages\/53\/revisions\/153"}],"wp:attachment":[{"href":"https:\/\/www.goiania.go.gov.br\/imas\/wp-json\/wp\/v2\/media?parent=53"}],"curies":[{"name":"wp","href":"https:\/\/api.w.org\/{rel}","templated":true}]}}