{"id":95,"date":"2020-05-18T14:40:31","date_gmt":"2020-05-18T17:40:31","guid":{"rendered":"https:\/\/www.goiania.go.gov.br\/agetul\/cadastur\/"},"modified":"2025-02-18T08:10:04","modified_gmt":"2025-02-18T11:10:04","slug":"comtur","status":"publish","type":"page","link":"https:\/\/www.goiania.go.gov.br\/goianiatur\/turismo\/comtur\/","title":{"rendered":"COMTUR"},"content":{"rendered":"<p style=\"text-align: justify\">O Conselho Municipal de Turismo (COMTUR) \u00e9 um \u00f3rg\u00e3o respons\u00e1vel por auxiliar na formula\u00e7\u00e3o e implementa\u00e7\u00e3o de pol\u00edticas p\u00fablicas voltadas para o desenvolvimento do turismo em Goi\u00e2nia. O COMTUR \u00e9 composto por representantes de organiza\u00e7\u00f5es governamentais e do setor privado que atuam no turismo, incluindo hot\u00e9is, ag\u00eancias de viagens, promotores de eventos, organizadores de feiras e prestadores de servi\u00e7os auxiliares. Sua miss\u00e3o \u00e9 fortalecer a atividade tur\u00edstica na cidade, promovendo o di\u00e1logo entre o poder p\u00fablico e o trade tur\u00edstico, estimulando iniciativas que ampliem a competitividade do destino e melhorem a experi\u00eancia dos visitantes.<\/p>\n<p style=\"text-align: justify\" data-start=\"0\" data-end=\"335\">Em 14 de setembro de 1998, a C\u00e2mara Municipal de Goi\u00e2nia aprovou, e o ent\u00e3o prefeito Nion Albernaz sancionou, a Lei n\u00ba 7.843, que instituiu o Conselho Municipal de Turismo (COMTUR). Essa lei estabelece as diretrizes para a estrutura\u00e7\u00e3o e funcionamento do conselho, visando promover o desenvolvimento sustent\u00e1vel do turismo na cidade.<\/p>\n\n<p><a href=\"http:\/\/www.goiania.go.gov.br\/html\/gabinete_civil\/sileg\/dados\/legis\/1998\/lo_19980914_000007843.html\">Lei de Cria\u00e7\u00e3o do COMTUR.<\/a><\/p>\n\n<p><a href=\"https:\/\/drive.google.com\/file\/d\/1bCapeCzspR0cT-H46d4BNntPZO9wJoYt\/view?usp=sharing\">Membros do COMTUR para o bi\u00eanio 2023\/2025<\/a><\/p>\n\n\n<p>O Conselho conta com representantes das seguintes entidades governamentais e privadas:<\/p>\n\n\n\n<p>&#8211; GOIANIATUR (Ag\u00eancia Municipal de Turismo e Eventos);<\/p>\n\n\n\n<p>&#8211; ABAV\/GO (Associa\u00e7\u00e3o brasileira de ag\u00eancias de viagens);<\/p>\n\n\n\n<p>&#8211; ABEOC\/GO (Associa\u00e7\u00e3o brasileira de empresas de eventos)<\/p>\n\n\n\n<p>&#8211; ABIH\/GO (Associa\u00e7\u00e3o brasileira da ind\u00fastria de hot\u00e9is);&nbsp;&nbsp;&nbsp;&nbsp;<\/p>\n\n\n\n<p>&#8211; ABLA\/GO (Associa\u00e7\u00e3o brasileira das locadoras de autom\u00f3veis);<\/p>\n\n\n\n<p>&#8211; ABRAJET\/GO; (Associa\u00e7\u00e3o brasileira de jornalistas de Turismo);<\/p>\n\n\n\n<p>&#8211; ABRASEL\/GO; (Associa\u00e7\u00e3o brasileira de bares e restaurantes);<\/p>\n\n\n\n<p>&#8211; ACIEG\/GO; (Associa\u00e7\u00e3o comercial, industrial e de servi\u00e7os do Estado de Goi\u00e1s)<\/p>\n\n\n\n<p>&#8211; AMMA (Ag\u00eancia Municipal do Meio Ambiente);<\/p>\n\n\n\n<p>&#8211; Banco do Brasil;<\/p>\n\n\n\n<p>&#8211; Caixa Econ\u00f4mica Federal;&nbsp;&nbsp;&nbsp;&nbsp;&nbsp;&nbsp;&nbsp;&nbsp;&nbsp;<\/p>\n\n\n\n<p>&#8211; C\u00e2mara Municipal de Goi\u00e2nia;<\/p>\n\n\n\n<p>&#8211; CDL; (C\u00e2mara de Dirigentes Lojistas de Goi\u00e2nia);<\/p>\n\n\n\n<p>&#8211; GC&amp;VB (Goi\u00e2nia Convention &amp; Visitors Bureau);<\/p>\n\n\n\n<p>&#8211; Goi\u00e1s Turismo;<\/p>\n\n\n\n<p>&#8211; IFG (Instituto Federal de Goi\u00e1s);<\/p>\n\n\n\n<p>&#8211; OAB\/GO (Ordem dos Advogados do Brasil);<\/p>\n\n\n\n<p>&#8211; SEBRAE\/GO (Servi\u00e7o de Apoio \u00e0 Micro e Pequena Empresa de Goi\u00e1s);<\/p>\n\n\n\n<p>&nbsp;&#8211; SECOM (Secretaria Municipal de Comunica\u00e7\u00e3o)<\/p>\n\n\n\n<p>&#8211; SEDEM (Secretaria Municipal de Desenvolvimento Econ\u00f4mico);<\/p>\n\n\n\n<p>&#8211; SENAC\/GO (Servi\u00e7o Nacional de Aprendizagem Comercial);<\/p>\n\n\n\n<p>&#8211; SENAI\/GO (Servi\u00e7o Nacional de Aprendizagem Industrial);<\/p>\n\n\n\n<p>&#8211; SINDEGTUR\/GO (Sindicato dos guias de turismo do Estado de Goi\u00e1s);<\/p>\n\n\n\n<p>&#8211; PUC (Pontif\u00edcia Universidade Cat\u00f3lica de Goi\u00e1s);<\/p>\n\n\n\n<p>&#8211; UFG (Universidade Federal de Goi\u00e1s).<\/p>\n","protected":false},"excerpt":{"rendered":"<p>O Conselho Municipal de Turismo (COMTUR) \u00e9 um \u00f3rg\u00e3o respons\u00e1vel por auxiliar na formula\u00e7\u00e3o e implementa\u00e7\u00e3o de pol\u00edticas p\u00fablicas voltadas para o desenvolvimento do turismo em Goi\u00e2nia. O COMTUR \u00e9 composto por representantes de organiza\u00e7\u00f5es governamentais e do setor privado que atuam no turismo, incluindo hot\u00e9is, ag\u00eancias de viagens, promotores de eventos, organizadores de feiras [&hellip;]<\/p>\n","protected":false},"author":56,"featured_media":0,"parent":89,"menu_order":0,"comment_status":"closed","ping_status":"closed","template":"","meta":{"_acf_changed":false,"custom_icon_class":"","footnotes":""},"class_list":["post-95","page","type-page","status-publish","hentry"],"acf":[],"_links":{"self":[{"href":"https:\/\/www.goiania.go.gov.br\/goianiatur\/wp-json\/wp\/v2\/pages\/95","targetHints":{"allow":["GET"]}}],"collection":[{"href":"https:\/\/www.goiania.go.gov.br\/goianiatur\/wp-json\/wp\/v2\/pages"}],"about":[{"href":"https:\/\/www.goiania.go.gov.br\/goianiatur\/wp-json\/wp\/v2\/types\/page"}],"author":[{"embeddable":true,"href":"https:\/\/www.goiania.go.gov.br\/goianiatur\/wp-json\/wp\/v2\/users\/56"}],"replies":[{"embeddable":true,"href":"https:\/\/www.goiania.go.gov.br\/goianiatur\/wp-json\/wp\/v2\/comments?post=95"}],"version-history":[{"count":6,"href":"https:\/\/www.goiania.go.gov.br\/goianiatur\/wp-json\/wp\/v2\/pages\/95\/revisions"}],"predecessor-version":[{"id":1652,"href":"https:\/\/www.goiania.go.gov.br\/goianiatur\/wp-json\/wp\/v2\/pages\/95\/revisions\/1652"}],"up":[{"embeddable":true,"href":"https:\/\/www.goiania.go.gov.br\/goianiatur\/wp-json\/wp\/v2\/pages\/89"}],"wp:attachment":[{"href":"https:\/\/www.goiania.go.gov.br\/goianiatur\/wp-json\/wp\/v2\/media?parent=95"}],"curies":[{"name":"wp","href":"https:\/\/api.w.org\/{rel}","templated":true}]}}