{"id":90,"date":"2020-05-18T14:38:54","date_gmt":"2020-05-18T17:38:54","guid":{"rendered":"https:\/\/www.goiania.go.gov.br\/agetul\/cats\/"},"modified":"2025-02-18T07:55:29","modified_gmt":"2025-02-18T10:55:29","slug":"cats","status":"publish","type":"page","link":"https:\/\/www.goiania.go.gov.br\/goianiatur\/turismo\/cats\/","title":{"rendered":"CAT &#8211; Centro de Atendimento ao Turista"},"content":{"rendered":"<p style=\"text-align: justify\">Os Centros de Atendimento ao Turista (CAT) s\u00e3o espa\u00e7os dedicados \u00e0 recep\u00e7\u00e3o e orienta\u00e7\u00e3o de visitantes, oferecendo informa\u00e7\u00f5es detalhadas sobre a cidade. No local, os turistas podem obter mapas tem\u00e1ticos de Goi\u00e2nia, com destaques para arquitetura e monumentos, parques, feiras e compras, gastronomia e cultura, dispon\u00edveis em tr\u00eas idiomas: portugu\u00eas, ingl\u00eas e espanhol. Al\u00e9m disso, os CATs fornecem acesso \u00e0 agenda cultural da cidade, atualizada no perfil @goianiapulsa, no Instagram.<\/p>\n\n<p style=\"text-align: justify\">Atualmente, Goi\u00e2nia conta com tr\u00eas unidades em funcionamento. Al\u00e9m do material tur\u00edstico da cidade, os CATs tamb\u00e9m disponibilizam materiais de divulga\u00e7\u00e3o de outros destinos do estado, incentivando roteiros integrados e aumentando a perman\u00eancia dos visitantes. A equipe da Diretoria de Promo\u00e7\u00e3o e Incentivo ao Turismo realiza constantes a\u00e7\u00f5es de hospitalidade, em parceria com o trade tur\u00edstico, al\u00e9m de conduzir pesquisas para monitoramento do perfil dos turistas e desenvolvimento de novas iniciativas.<\/p>\n\n\n<p><\/p>\n\n\n\n<p><strong>Nossas unidades dos CATs s\u00e3o:<\/strong><\/p>\n\n\n\n<p>Terminal Rodovi\u00e1rio de Goi\u00e2nia.<\/p>\n\n\n\n<p>Shopping Mega Modas, Regi\u00e3o da 44.<\/p>\n\n\n\n<p>Aeroporto Internacional Santa Genoveva.<\/p>\n\n\n\n<p><\/p>\n","protected":false},"excerpt":{"rendered":"<p>Os Centros de Atendimento ao Turista (CAT) s\u00e3o espa\u00e7os dedicados \u00e0 recep\u00e7\u00e3o e orienta\u00e7\u00e3o de visitantes, oferecendo informa\u00e7\u00f5es detalhadas sobre a cidade. No local, os turistas podem obter mapas tem\u00e1ticos de Goi\u00e2nia, com destaques para arquitetura e monumentos, parques, feiras e compras, gastronomia e cultura, dispon\u00edveis em tr\u00eas idiomas: portugu\u00eas, ingl\u00eas e espanhol. Al\u00e9m disso, [&hellip;]<\/p>\n","protected":false},"author":56,"featured_media":0,"parent":89,"menu_order":4,"comment_status":"closed","ping_status":"closed","template":"","meta":{"_acf_changed":false,"custom_icon_class":"","footnotes":""},"class_list":["post-90","page","type-page","status-publish","hentry"],"acf":[],"_links":{"self":[{"href":"https:\/\/www.goiania.go.gov.br\/goianiatur\/wp-json\/wp\/v2\/pages\/90","targetHints":{"allow":["GET"]}}],"collection":[{"href":"https:\/\/www.goiania.go.gov.br\/goianiatur\/wp-json\/wp\/v2\/pages"}],"about":[{"href":"https:\/\/www.goiania.go.gov.br\/goianiatur\/wp-json\/wp\/v2\/types\/page"}],"author":[{"embeddable":true,"href":"https:\/\/www.goiania.go.gov.br\/goianiatur\/wp-json\/wp\/v2\/users\/56"}],"replies":[{"embeddable":true,"href":"https:\/\/www.goiania.go.gov.br\/goianiatur\/wp-json\/wp\/v2\/comments?post=90"}],"version-history":[{"count":5,"href":"https:\/\/www.goiania.go.gov.br\/goianiatur\/wp-json\/wp\/v2\/pages\/90\/revisions"}],"predecessor-version":[{"id":1649,"href":"https:\/\/www.goiania.go.gov.br\/goianiatur\/wp-json\/wp\/v2\/pages\/90\/revisions\/1649"}],"up":[{"embeddable":true,"href":"https:\/\/www.goiania.go.gov.br\/goianiatur\/wp-json\/wp\/v2\/pages\/89"}],"wp:attachment":[{"href":"https:\/\/www.goiania.go.gov.br\/goianiatur\/wp-json\/wp\/v2\/media?parent=90"}],"curies":[{"name":"wp","href":"https:\/\/api.w.org\/{rel}","templated":true}]}}