{"id":1559,"date":"2025-02-17T10:05:33","date_gmt":"2025-02-17T13:05:33","guid":{"rendered":"https:\/\/www.goiania.go.gov.br\/goianiatur\/dti\/criatividade\/"},"modified":"2025-02-17T11:23:05","modified_gmt":"2025-02-17T14:23:05","slug":"criatividade","status":"publish","type":"page","link":"https:\/\/www.goiania.go.gov.br\/goianiatur\/dti\/criatividade\/","title":{"rendered":"Criatividade"},"content":{"rendered":"<p style=\"text-align: justify\"><span style=\"font-weight: 400\">O eixo de Criatividade \u00e9 voltado para a valoriza\u00e7\u00e3o da cultura local e o est\u00edmulo \u00e0 inova\u00e7\u00e3o criativa nos destinos tur\u00edsticos. Ele incentiva o fortalecimento das ind\u00fastrias criativas por meio da cria\u00e7\u00e3o, produ\u00e7\u00e3o e distribui\u00e7\u00e3o de bens e servi\u00e7os relacionados \u00e0 cultura, arte e express\u00f5es criativas do destino.\u00a0<\/span><\/p>\n<p style=\"text-align: justify\"><span style=\"font-weight: 400\">A diversidade cultural \u00e9 outro ponto de destaque, com o incentivo \u00e0 inclus\u00e3o das comunidades locais e dos povos origin\u00e1rios em a\u00e7\u00f5es tur\u00edsticas, contribuindo para a preserva\u00e7\u00e3o do patrim\u00f4nio cultural e para a cria\u00e7\u00e3o de experi\u00eancias tur\u00edsticas \u00fanicas, capazes de atrair e cativar visitantes de diversos perfis.<\/span><\/p>\n<p><a href=\"https:\/\/drive.google.com\/file\/d\/198ouFFztGv3wrClpozYVgdCI8Q_ke8JX\/view?usp=sharing\"><span style=\"font-weight: 400\">Lei de Incentivo \u00e0 Cultura<\/span><\/a><\/p>\n<p><a href=\"https:\/\/drive.google.com\/file\/d\/1-XJUPbLqKQmMeVKNw-2Ch0ihlOKJh-Bl\/view?usp=sharing\"><span style=\"font-weight: 400\">Edital Incentivo \u00e0 Cultura 2024<\/span><\/a><\/p>\n<p><a href=\"https:\/\/drive.google.com\/file\/d\/1ZP9EY6XxMWFj-LlnGUNqKaTHR30Nq3DA\/view?usp=sharing\"><span style=\"font-weight: 400\">Projetos de Incentivo \u00e0 Cultura Selecionados 2024<\/span><\/a><\/p>\n","protected":false},"excerpt":{"rendered":"<p>O eixo de Criatividade \u00e9 voltado para a valoriza\u00e7\u00e3o da cultura local e o est\u00edmulo \u00e0 inova\u00e7\u00e3o criativa nos destinos tur\u00edsticos. Ele incentiva o fortalecimento das ind\u00fastrias criativas por meio da cria\u00e7\u00e3o, produ\u00e7\u00e3o e distribui\u00e7\u00e3o de bens e servi\u00e7os relacionados \u00e0 cultura, arte e express\u00f5es criativas do destino.\u00a0 A diversidade cultural \u00e9 outro ponto de [&hellip;]<\/p>\n","protected":false},"author":115,"featured_media":0,"parent":1229,"menu_order":7,"comment_status":"closed","ping_status":"closed","template":"","meta":{"_acf_changed":false,"custom_icon_class":"","footnotes":""},"class_list":["post-1559","page","type-page","status-publish","hentry"],"acf":[],"_links":{"self":[{"href":"https:\/\/www.goiania.go.gov.br\/goianiatur\/wp-json\/wp\/v2\/pages\/1559","targetHints":{"allow":["GET"]}}],"collection":[{"href":"https:\/\/www.goiania.go.gov.br\/goianiatur\/wp-json\/wp\/v2\/pages"}],"about":[{"href":"https:\/\/www.goiania.go.gov.br\/goianiatur\/wp-json\/wp\/v2\/types\/page"}],"author":[{"embeddable":true,"href":"https:\/\/www.goiania.go.gov.br\/goianiatur\/wp-json\/wp\/v2\/users\/115"}],"replies":[{"embeddable":true,"href":"https:\/\/www.goiania.go.gov.br\/goianiatur\/wp-json\/wp\/v2\/comments?post=1559"}],"version-history":[{"count":3,"href":"https:\/\/www.goiania.go.gov.br\/goianiatur\/wp-json\/wp\/v2\/pages\/1559\/revisions"}],"predecessor-version":[{"id":1595,"href":"https:\/\/www.goiania.go.gov.br\/goianiatur\/wp-json\/wp\/v2\/pages\/1559\/revisions\/1595"}],"up":[{"embeddable":true,"href":"https:\/\/www.goiania.go.gov.br\/goianiatur\/wp-json\/wp\/v2\/pages\/1229"}],"wp:attachment":[{"href":"https:\/\/www.goiania.go.gov.br\/goianiatur\/wp-json\/wp\/v2\/media?parent=1559"}],"curies":[{"name":"wp","href":"https:\/\/api.w.org\/{rel}","templated":true}]}}