{"id":1557,"date":"2025-02-17T10:05:15","date_gmt":"2025-02-17T13:05:15","guid":{"rendered":"https:\/\/www.goiania.go.gov.br\/goianiatur\/dti\/acessibilidade\/"},"modified":"2025-02-17T11:21:14","modified_gmt":"2025-02-17T14:21:14","slug":"acessibilidade","status":"publish","type":"page","link":"https:\/\/www.goiania.go.gov.br\/goianiatur\/dti\/acessibilidade\/","title":{"rendered":"Acessibilidade"},"content":{"rendered":"<p style=\"text-align: justify\"><span style=\"font-weight: 400\">O eixo de Acessibilidade tem como objetivo garantir que os destinos tur\u00edsticos sejam acess\u00edveis a todos, independentemente das limita\u00e7\u00f5es f\u00edsicas, sensoriais ou cognitivas dos visitantes. O foco \u00e9 assegurar que os espa\u00e7os e servi\u00e7os tur\u00edsticos sejam planejados e adaptados para oferecer seguran\u00e7a e autonomia a todos os turistas, sem exce\u00e7\u00e3o.<\/span><\/p>\n<p style=\"text-align: justify\"><span style=\"font-weight: 400\">A promo\u00e7\u00e3o da acessibilidade \u00e9 vista como um fator chave para tornar o destino mais inclusivo e atraente, oferecendo uma experi\u00eancia igualit\u00e1ria e de qualidade para todos os visitantes, o que tamb\u00e9m amplia o p\u00fablico potencial do destino tur\u00edstico\u200b.<\/span><\/p>\n\n<p><a href=\"https:\/\/drive.google.com\/file\/d\/1Uz-FitQ2XYd9_4inquSa93Qt5aKEyuXO\/view?usp=sharing\"><span style=\"font-weight: 400\">Decreto 5.296 de 2004 &#8211; Atendimento Priorit\u00e1rio<\/span><\/a><\/p>\n\n<p><a href=\"https:\/\/drive.google.com\/file\/d\/1x6ZwaMX2NZTshWnCQqsQTdjAUzFskYMY\/view?usp=sharing\"><span style=\"font-weight: 400\">Conven\u00e7\u00e3o Internacional sobre os Direitos das Pessoas com Defici\u00eancia<\/span><\/a><\/p>\n\n<p><a href=\"https:\/\/drive.google.com\/file\/d\/1XVj5nQEcwhU7J_Q2XPQkPaMncRgXuls0\/view?usp=sharing\"><span style=\"font-weight: 400\">Lei 10.874 de 2022 &#8211; C\u00e3es de assist\u00eancia<\/span><\/a><\/p>\n\n\n<p><\/p>\n","protected":false},"excerpt":{"rendered":"<p>O eixo de Acessibilidade tem como objetivo garantir que os destinos tur\u00edsticos sejam acess\u00edveis a todos, independentemente das limita\u00e7\u00f5es f\u00edsicas, sensoriais ou cognitivas dos visitantes. O foco \u00e9 assegurar que os espa\u00e7os e servi\u00e7os tur\u00edsticos sejam planejados e adaptados para oferecer seguran\u00e7a e autonomia a todos os turistas, sem exce\u00e7\u00e3o. A promo\u00e7\u00e3o da acessibilidade \u00e9 [&hellip;]<\/p>\n","protected":false},"author":115,"featured_media":0,"parent":1229,"menu_order":6,"comment_status":"closed","ping_status":"closed","template":"","meta":{"_acf_changed":false,"custom_icon_class":"","footnotes":""},"class_list":["post-1557","page","type-page","status-publish","hentry"],"acf":[],"_links":{"self":[{"href":"https:\/\/www.goiania.go.gov.br\/goianiatur\/wp-json\/wp\/v2\/pages\/1557","targetHints":{"allow":["GET"]}}],"collection":[{"href":"https:\/\/www.goiania.go.gov.br\/goianiatur\/wp-json\/wp\/v2\/pages"}],"about":[{"href":"https:\/\/www.goiania.go.gov.br\/goianiatur\/wp-json\/wp\/v2\/types\/page"}],"author":[{"embeddable":true,"href":"https:\/\/www.goiania.go.gov.br\/goianiatur\/wp-json\/wp\/v2\/users\/115"}],"replies":[{"embeddable":true,"href":"https:\/\/www.goiania.go.gov.br\/goianiatur\/wp-json\/wp\/v2\/comments?post=1557"}],"version-history":[{"count":4,"href":"https:\/\/www.goiania.go.gov.br\/goianiatur\/wp-json\/wp\/v2\/pages\/1557\/revisions"}],"predecessor-version":[{"id":1593,"href":"https:\/\/www.goiania.go.gov.br\/goianiatur\/wp-json\/wp\/v2\/pages\/1557\/revisions\/1593"}],"up":[{"embeddable":true,"href":"https:\/\/www.goiania.go.gov.br\/goianiatur\/wp-json\/wp\/v2\/pages\/1229"}],"wp:attachment":[{"href":"https:\/\/www.goiania.go.gov.br\/goianiatur\/wp-json\/wp\/v2\/media?parent=1557"}],"curies":[{"name":"wp","href":"https:\/\/api.w.org\/{rel}","templated":true}]}}