{"id":1555,"date":"2025-02-17T10:05:03","date_gmt":"2025-02-17T13:05:03","guid":{"rendered":"https:\/\/www.goiania.go.gov.br\/goianiatur\/dti\/marketing\/"},"modified":"2025-02-17T11:18:51","modified_gmt":"2025-02-17T14:18:51","slug":"marketing","status":"publish","type":"page","link":"https:\/\/www.goiania.go.gov.br\/goianiatur\/dti\/marketing\/","title":{"rendered":"Promo\u00e7\u00e3o e Marketing"},"content":{"rendered":"<p style=\"text-align: justify\"><span style=\"font-weight: 400\">O eixo de Promo\u00e7\u00e3o e Marketing \u00e9 dedicado a fortalecer a visibilidade e a atratividade dos destinos tur\u00edsticos por meio de estrat\u00e9gias modernas e integradas de divulga\u00e7\u00e3o. A an\u00e1lise do comportamento e das prefer\u00eancias dos turistas \u00e9 essencial nesse eixo, permitindo segmentar e personalizar as a\u00e7\u00f5es de marketing para diferentes perfis de visitantes.<\/span><\/p>\n<p style=\"text-align: justify\"><span style=\"font-weight: 400\">Al\u00e9m de promover a imagem do destino, o eixo tamb\u00e9m foca em publicizar suas caracter\u00edsticas de acessibilidade, destacando instala\u00e7\u00f5es e servi\u00e7os acess\u00edveis. Com isso, o objetivo \u00e9 n\u00e3o apenas atrair mais turistas, mas garantir que a experi\u00eancia deles seja de alta qualidade, proporcionando uma intera\u00e7\u00e3o fluida e satisfat\u00f3ria com o destino. Essa abordagem fortalece a competitividade do destino.<\/span><\/p>\n<p>Confira alguns dos materiais e a\u00e7\u00f5es de promo\u00e7\u00e3o e marketing:<\/p>\n<p><a href=\"https:\/\/drive.google.com\/file\/d\/1IjFczQ9Z-m7dSXRaz5Y_NyKKmMswwJyp\/view\"><span style=\"font-weight: 400\">Nossos Sabores<\/span><\/a><\/p>\n<p><a href=\"https:\/\/drive.google.com\/file\/d\/1PERT4NUYIFl_iCEij5AJUIyD6AKMk02g\/view\"><span style=\"font-weight: 400\">Nossa Arquitetura e Monumentos<\/span><\/a><\/p>\n<p><a href=\"https:\/\/drive.google.com\/file\/d\/1Krqzs9QS4b-PZd2H9N2evjx5qwa1lAMV\/view\"><span style=\"font-weight: 400\">Nossa Cultura e Lazer<\/span><\/a><\/p>\n<p><a href=\"https:\/\/drive.google.com\/file\/d\/1F9zxi5C6PXfY2YiF95yr8n53_-kUa-Vr\/view\"><span style=\"font-weight: 400\">Nossas Feiras e Compras<\/span><\/a><\/p>\n<p><a href=\"https:\/\/drive.google.com\/file\/d\/1blMU9t05e29uKj1kKBIcEbp0TaFqYDv3\/view\"><span style=\"font-weight: 400\">Nossos Parques<\/span><\/a><\/p>\n<p><a href=\"https:\/\/drive.google.com\/file\/d\/1-gj3iy3KsU1K6nXJlwzy8sNMXiCxb32n\/view?usp=sharing\"><span style=\"font-weight: 400\">Rota Sertaneja<\/span><\/a><\/p>\n<p><a href=\"https:\/\/drive.google.com\/file\/d\/12uRENJAHQOhTeLz6baGLlLF27aNsqPoN\/view?usp=sharing\"><span style=\"font-weight: 400\">Guia Rota Sertaneja<\/span><\/a><\/p>\n<p><a href=\"https:\/\/www.instagram.com\/goianiapulsa?utm_source=ig_web_button_share_sheet&amp;igsh=ZDNlZDc0MzIxNw==\"><span style=\"font-weight: 400\">Goi\u00e2nia Pulsa<\/span><\/a><\/p>\n","protected":false},"excerpt":{"rendered":"<p>O eixo de Promo\u00e7\u00e3o e Marketing \u00e9 dedicado a fortalecer a visibilidade e a atratividade dos destinos tur\u00edsticos por meio de estrat\u00e9gias modernas e integradas de divulga\u00e7\u00e3o. A an\u00e1lise do comportamento e das prefer\u00eancias dos turistas \u00e9 essencial nesse eixo, permitindo segmentar e personalizar as a\u00e7\u00f5es de marketing para diferentes perfis de visitantes. Al\u00e9m de [&hellip;]<\/p>\n","protected":false},"author":115,"featured_media":0,"parent":1229,"menu_order":5,"comment_status":"closed","ping_status":"closed","template":"","meta":{"_acf_changed":false,"custom_icon_class":"","footnotes":""},"class_list":["post-1555","page","type-page","status-publish","hentry"],"acf":[],"_links":{"self":[{"href":"https:\/\/www.goiania.go.gov.br\/goianiatur\/wp-json\/wp\/v2\/pages\/1555","targetHints":{"allow":["GET"]}}],"collection":[{"href":"https:\/\/www.goiania.go.gov.br\/goianiatur\/wp-json\/wp\/v2\/pages"}],"about":[{"href":"https:\/\/www.goiania.go.gov.br\/goianiatur\/wp-json\/wp\/v2\/types\/page"}],"author":[{"embeddable":true,"href":"https:\/\/www.goiania.go.gov.br\/goianiatur\/wp-json\/wp\/v2\/users\/115"}],"replies":[{"embeddable":true,"href":"https:\/\/www.goiania.go.gov.br\/goianiatur\/wp-json\/wp\/v2\/comments?post=1555"}],"version-history":[{"count":4,"href":"https:\/\/www.goiania.go.gov.br\/goianiatur\/wp-json\/wp\/v2\/pages\/1555\/revisions"}],"predecessor-version":[{"id":1590,"href":"https:\/\/www.goiania.go.gov.br\/goianiatur\/wp-json\/wp\/v2\/pages\/1555\/revisions\/1590"}],"up":[{"embeddable":true,"href":"https:\/\/www.goiania.go.gov.br\/goianiatur\/wp-json\/wp\/v2\/pages\/1229"}],"wp:attachment":[{"href":"https:\/\/www.goiania.go.gov.br\/goianiatur\/wp-json\/wp\/v2\/media?parent=1555"}],"curies":[{"name":"wp","href":"https:\/\/api.w.org\/{rel}","templated":true}]}}