{"id":1549,"date":"2025-02-17T10:03:54","date_gmt":"2025-02-17T13:03:54","guid":{"rendered":"https:\/\/www.goiania.go.gov.br\/goianiatur\/dti\/sustentabilidae\/"},"modified":"2025-02-17T10:49:53","modified_gmt":"2025-02-17T13:49:53","slug":"sustentabilidae","status":"publish","type":"page","link":"https:\/\/www.goiania.go.gov.br\/goianiatur\/dti\/sustentabilidae\/","title":{"rendered":"Sustentabilidae"},"content":{"rendered":"<p style=\"text-align: justify\"><span style=\"font-weight: 400\">O eixo de Sustentabilidade est\u00e1 voltado para a promo\u00e7\u00e3o de um turismo respons\u00e1vel, que equilibre os aspectos econ\u00f4micos, ambientais e sociais. No campo econ\u00f4mico, busca-se avaliar o impacto do turismo local e incentivar a cria\u00e7\u00e3o de empregos e empresas locais ligadas ao setor tur\u00edstico. Al\u00e9m disso, promove a forma\u00e7\u00e3o dos residentes para se inserirem nesse mercado e prioriza investimentos em \u00e1reas estrat\u00e9gicas que beneficiem a economia do destino.\u00a0<\/span><\/p>\n<p style=\"text-align: justify\"><span style=\"font-weight: 400\">No aspecto ambiental, o eixo foca na avalia\u00e7\u00e3o e gest\u00e3o eficiente de recursos naturais como \u00e1gua e energia, al\u00e9m de promover o uso de energias renov\u00e1veis e a gest\u00e3o sustent\u00e1vel de res\u00edduos. A conserva\u00e7\u00e3o e recupera\u00e7\u00e3o da paisagem e do patrim\u00f4nio natural do destino tur\u00edstico tamb\u00e9m s\u00e3o prioridades, com a\u00e7\u00f5es voltadas para sensibilizar as partes interessadas e reduzir a polui\u00e7\u00e3o.\u00a0<\/span><\/p>\n<p style=\"text-align: justify\"><span style=\"font-weight: 400\">No \u00e2mbito social, o eixo trabalha para promover igualdade de g\u00eanero, inclus\u00e3o social e melhores condi\u00e7\u00f5es de vida para os residentes, integrando esses princ\u00edpios \u00e0s pr\u00e1ticas tur\u00edsticas.<\/span><\/p>\n<p>\u00a0<\/p>\n<p><span style=\"font-weight: 400\">Confira as a\u00e7\u00f5es realizadas para o eixo Sustentabilidade:<\/span><\/p>\n<p><a href=\"https:\/\/www.goiania.go.gov.br\/shtml\/coletaseletiva\/principal.shtml\"><span style=\"font-weight: 400\">Programa Coleta Seletiva<\/span><\/a><\/p>\n<p><a href=\"https:\/\/drive.google.com\/file\/d\/1ZrDotjlSnj4i-wBCFZuDgh8MLI19Zkbk\/view?usp=sharing\"><span style=\"font-weight: 400\">Programa Selo de Sustentabilidade Ambiental<\/span><\/a><\/p>\n<p><a href=\"https:\/\/drive.google.com\/file\/d\/1yXDXM9Uu9tzYuu50Q8PbS0SPFlzpjkBQ\/view?usp=sharing\"><span style=\"font-weight: 400\">Programa Adote uma Pra\u00e7a<\/span><\/a><\/p>\n<p><a href=\"https:\/\/drive.google.com\/file\/d\/1Nw8KA_uFpcrWsm0B22yewMNrVRe2zmHL\/view?usp=sharing\"><span style=\"font-weight: 400\">Programa Adote uma Pra\u00e7a &#8211; Instru\u00e7\u00e3o Normativa<\/span><\/a><\/p>\n<p><a href=\"https:\/\/drive.google.com\/file\/d\/1E8FgjDbKBFpVTfgRUw_EOGsAaO5vSaA4\/view?usp=sharing\"><span style=\"font-weight: 400\">Programa Adote uma Pra\u00e7a &#8211; Pra\u00e7as Adotadas<\/span><\/a><\/p>\n<p><a href=\"https:\/\/portal.meioambiente.go.gov.br\/transparencia-web\/sirhgo\"><span style=\"font-weight: 400\">Sistema de Informa\u00e7\u00f5es sobre Recursos H\u00eddricos no Estado de Goi\u00e1s<\/span><\/a><\/p>\n","protected":false},"excerpt":{"rendered":"<p>O eixo de Sustentabilidade est\u00e1 voltado para a promo\u00e7\u00e3o de um turismo respons\u00e1vel, que equilibre os aspectos econ\u00f4micos, ambientais e sociais. No campo econ\u00f4mico, busca-se avaliar o impacto do turismo local e incentivar a cria\u00e7\u00e3o de empregos e empresas locais ligadas ao setor tur\u00edstico. Al\u00e9m disso, promove a forma\u00e7\u00e3o dos residentes para se inserirem nesse [&hellip;]<\/p>\n","protected":false},"author":115,"featured_media":0,"parent":1229,"menu_order":2,"comment_status":"closed","ping_status":"closed","template":"","meta":{"_acf_changed":false,"custom_icon_class":"","footnotes":""},"class_list":["post-1549","page","type-page","status-publish","hentry"],"acf":[],"_links":{"self":[{"href":"https:\/\/www.goiania.go.gov.br\/goianiatur\/wp-json\/wp\/v2\/pages\/1549","targetHints":{"allow":["GET"]}}],"collection":[{"href":"https:\/\/www.goiania.go.gov.br\/goianiatur\/wp-json\/wp\/v2\/pages"}],"about":[{"href":"https:\/\/www.goiania.go.gov.br\/goianiatur\/wp-json\/wp\/v2\/types\/page"}],"author":[{"embeddable":true,"href":"https:\/\/www.goiania.go.gov.br\/goianiatur\/wp-json\/wp\/v2\/users\/115"}],"replies":[{"embeddable":true,"href":"https:\/\/www.goiania.go.gov.br\/goianiatur\/wp-json\/wp\/v2\/comments?post=1549"}],"version-history":[{"count":2,"href":"https:\/\/www.goiania.go.gov.br\/goianiatur\/wp-json\/wp\/v2\/pages\/1549\/revisions"}],"predecessor-version":[{"id":1582,"href":"https:\/\/www.goiania.go.gov.br\/goianiatur\/wp-json\/wp\/v2\/pages\/1549\/revisions\/1582"}],"up":[{"embeddable":true,"href":"https:\/\/www.goiania.go.gov.br\/goianiatur\/wp-json\/wp\/v2\/pages\/1229"}],"wp:attachment":[{"href":"https:\/\/www.goiania.go.gov.br\/goianiatur\/wp-json\/wp\/v2\/media?parent=1549"}],"curies":[{"name":"wp","href":"https:\/\/api.w.org\/{rel}","templated":true}]}}