{"id":1495,"date":"2025-02-14T10:08:04","date_gmt":"2025-02-14T13:08:04","guid":{"rendered":"https:\/\/www.goiania.go.gov.br\/goianiatur\/caminho-dos-bougainvilles\/certificacao\/"},"modified":"2025-02-18T08:51:48","modified_gmt":"2025-02-18T11:51:48","slug":"certificacao","status":"publish","type":"page","link":"https:\/\/www.goiania.go.gov.br\/goianiatur\/caminho-dos-bougainvilles\/certificacao\/","title":{"rendered":"Certifica\u00e7\u00e3o"},"content":{"rendered":"\n<figure class=\"wp-block-image size-large\"><img loading=\"lazy\" decoding=\"async\" width=\"1024\" height=\"724\" src=\"https:\/\/www.goiania.go.gov.br\/goianiatur\/wp-content\/uploads\/sites\/18\/2025\/02\/Roteiro-Macambira-Anicuns-1024x724.jpg\" alt=\"\" class=\"wp-image-1660\" srcset=\"https:\/\/www.goiania.go.gov.br\/goianiatur\/wp-content\/uploads\/sites\/18\/2025\/02\/Roteiro-Macambira-Anicuns-1024x724.jpg 1024w, https:\/\/www.goiania.go.gov.br\/goianiatur\/wp-content\/uploads\/sites\/18\/2025\/02\/Roteiro-Macambira-Anicuns-300x212.jpg 300w, https:\/\/www.goiania.go.gov.br\/goianiatur\/wp-content\/uploads\/sites\/18\/2025\/02\/Roteiro-Macambira-Anicuns-768x543.jpg 768w, https:\/\/www.goiania.go.gov.br\/goianiatur\/wp-content\/uploads\/sites\/18\/2025\/02\/Roteiro-Macambira-Anicuns-1536x1086.jpg 1536w, https:\/\/www.goiania.go.gov.br\/goianiatur\/wp-content\/uploads\/sites\/18\/2025\/02\/Roteiro-Macambira-Anicuns-2048x1448.jpg 2048w, https:\/\/www.goiania.go.gov.br\/goianiatur\/wp-content\/uploads\/sites\/18\/2025\/02\/Roteiro-Macambira-Anicuns-scaled.jpg 1920w\" sizes=\"auto, (max-width: 1024px) 100vw, 1024px\" \/><\/figure>\n\n\n<h2><span style=\"font-weight: 400\">Escolha o trajeto que foi realizado e baixe o seu certificado.<\/span><\/h2>\n<h1><b>Caminhada\u00a0<\/b><\/h1>\n<p><a href=\"https:\/\/drive.google.com\/file\/d\/18PsxEH_t6MyMJfxvwmwJHlURUhlxrrck\/view?usp=sharing\"><b>Roteiro Art D\u00e9co: cultura e lazer\u00a0<\/b><\/a><\/p>\n<h1><b>Ciclismo<\/b><\/h1>\n<p><a href=\"https:\/\/drive.google.com\/file\/d\/1UiqJ-CUjqsJlkw8kpwOTLtk0wTMUGx-2\/view?usp=sharing\"><b>Roteiro Parques I: do Lago das Rosas ao Jardim Bot\u00e2nico\u00a0<\/b><\/a><\/p>\n<p><a href=\"https:\/\/drive.google.com\/file\/d\/1OoYHn7Er5XMOdMcRJyaKUigsrdJhTRWb\/view?usp=sharing\"><b>Roteiro Parques II: do Lago das Rosas ao Macambira Anicuns<\/b><\/a><\/p>\n<p><a href=\"https:\/\/drive.google.com\/file\/d\/1wZRn1dcpnIoTiY4XQKMQrNjW8ldM5uVX\/view?usp=sharing\"><b>Roteiro Pra\u00e7as: do Lago das Rosas \u00e0 Pra\u00e7a do Amor<\/b><\/a><\/p>\n\n\n<p><\/p>\n","protected":false},"excerpt":{"rendered":"<p>Escolha o trajeto que foi realizado e baixe o seu certificado. Caminhada\u00a0 Roteiro Art D\u00e9co: cultura e lazer\u00a0 Ciclismo Roteiro Parques I: do Lago das Rosas ao Jardim Bot\u00e2nico\u00a0 Roteiro Parques II: do Lago das Rosas ao Macambira Anicuns Roteiro Pra\u00e7as: do Lago das Rosas \u00e0 Pra\u00e7a do Amor<\/p>\n","protected":false},"author":115,"featured_media":0,"parent":1362,"menu_order":3,"comment_status":"closed","ping_status":"closed","template":"","meta":{"_acf_changed":false,"custom_icon_class":"","footnotes":""},"class_list":["post-1495","page","type-page","status-publish","hentry"],"acf":[],"_links":{"self":[{"href":"https:\/\/www.goiania.go.gov.br\/goianiatur\/wp-json\/wp\/v2\/pages\/1495","targetHints":{"allow":["GET"]}}],"collection":[{"href":"https:\/\/www.goiania.go.gov.br\/goianiatur\/wp-json\/wp\/v2\/pages"}],"about":[{"href":"https:\/\/www.goiania.go.gov.br\/goianiatur\/wp-json\/wp\/v2\/types\/page"}],"author":[{"embeddable":true,"href":"https:\/\/www.goiania.go.gov.br\/goianiatur\/wp-json\/wp\/v2\/users\/115"}],"replies":[{"embeddable":true,"href":"https:\/\/www.goiania.go.gov.br\/goianiatur\/wp-json\/wp\/v2\/comments?post=1495"}],"version-history":[{"count":5,"href":"https:\/\/www.goiania.go.gov.br\/goianiatur\/wp-json\/wp\/v2\/pages\/1495\/revisions"}],"predecessor-version":[{"id":1662,"href":"https:\/\/www.goiania.go.gov.br\/goianiatur\/wp-json\/wp\/v2\/pages\/1495\/revisions\/1662"}],"up":[{"embeddable":true,"href":"https:\/\/www.goiania.go.gov.br\/goianiatur\/wp-json\/wp\/v2\/pages\/1362"}],"wp:attachment":[{"href":"https:\/\/www.goiania.go.gov.br\/goianiatur\/wp-json\/wp\/v2\/media?parent=1495"}],"curies":[{"name":"wp","href":"https:\/\/api.w.org\/{rel}","templated":true}]}}