{"id":1493,"date":"2025-02-14T10:07:29","date_gmt":"2025-02-14T13:07:29","guid":{"rendered":"https:\/\/www.goiania.go.gov.br\/goianiatur\/caminho-dos-bougainvilles\/duvidas-frequentes\/"},"modified":"2025-02-17T09:53:05","modified_gmt":"2025-02-17T12:53:05","slug":"duvidas-frequentes","status":"publish","type":"page","link":"https:\/\/www.goiania.go.gov.br\/goianiatur\/caminho-dos-bougainvilles\/duvidas-frequentes\/","title":{"rendered":"D\u00favidas frequentes"},"content":{"rendered":"<p><b>Alimenta\u00e7\u00e3o\u00a0<\/b><\/p>\n<p style=\"text-align: justify\"><span style=\"font-weight: 400\">Nossa sugest\u00e3o \u00e9 que voc\u00ea leve um lanche leve, como barras de cereais, frutas frescas ou secas, e \u00e1gua (nosso clima \u00e9 seco, se hidrate bem!), e reserve um tempo para parar em alguns locais ao longo do trajeto para apreciar nossa comida.\u00a0<\/span><\/p>\n<p><b>Cal\u00e7ados e Roupas\u00a0<\/b><\/p>\n<p style=\"text-align: justify\"><span style=\"font-weight: 400\">T\u00eanis ou cal\u00e7ados confort\u00e1veis e pr\u00f3prios para caminhar e\/ou pedalar s\u00e3o os mais indicados. Vale a dica de testar os cal\u00e7ados antes, de prefer\u00eancia n\u00e3o utilize cal\u00e7ados novos e lembre-se de que meias limpas e secas trazem mais conforto.<\/span><\/p>\n<p style=\"text-align: justify\"><span style=\"font-weight: 400\">Prefira roupas confort\u00e1veis, leves e que protejam do sol.\u00a0<\/span><\/p>\n<p><b>Como funciona a hospedagem no caminho?<\/b><\/p>\n<p style=\"text-align: justify\"><span style=\"font-weight: 400\">Goi\u00e2nia possui uma rede hoteleira excelente! Verifique o lugar que mais te agrada, nas plataformas de busca, e aproveite.<\/span><\/p>\n<p><b>\u00c9 poss\u00edvel percorrer o caminho de moto ou carro?<\/b><\/p>\n<p><span style=\"font-weight: 400\">N\u00e3o, pois os roteiros foram estruturados para serem realizados a p\u00e9 ou de bicicleta.<\/span><\/p>\n<p><b>Emerg\u00eancia<\/b><\/p>\n<p><span style=\"font-weight: 400\">Pol\u00edcia Militar<\/span> <span style=\"font-weight: 400\">190<\/span><\/p>\n<p><span style=\"font-weight: 400\">SAMU Pronto-Socorro<\/span> <span style=\"font-weight: 400\">192<\/span><\/p>\n<p><span style=\"font-weight: 400\">Corpo de Bombeiro<\/span> <span style=\"font-weight: 400\">193<\/span><\/p>\n<p><b>Qual \u00e9 a melhor \u00e9poca para percorrer o caminho?<\/b><\/p>\n<p style=\"text-align: justify\"><span style=\"font-weight: 400\">Em linhas gerais, o Caminho dos Bougainvilles pode ser percorrido em qualquer \u00e9poca do ano, j\u00e1 que Goi\u00e2nia \u00e9 conhecida por seu clima ensolarado e agrad\u00e1vel. No entanto, entre os meses de mar\u00e7o e julho, as temperaturas tendem a ser mais amenas, o que torna a experi\u00eancia ainda mais confort\u00e1vel, especialmente para atividades ao ar livre. Mesmo assim, \u00e9 sempre recomend\u00e1vel verificar a previs\u00e3o do tempo antes de iniciar o roteiro escolhido, garantindo que as condi\u00e7\u00f5es clim\u00e1ticas estejam favor\u00e1veis. Evite dias de calor extremo ou de chuva intensa, pois isso pode impactar a seguran\u00e7a e o aproveitamento do passeio. Lembre-se de se hidratar e usar protetor solar, independentemente da esta\u00e7\u00e3o.<\/span><\/p>\n<p><b>Qual o total em quil\u00f4metros?<\/b><\/p>\n<p><span style=\"font-weight: 400\">55,1 km.<\/span><\/p>\n<p><b>Seguran\u00e7a<\/b><\/p>\n<p style=\"text-align: justify\"><span style=\"font-weight: 400\">Nossa primeira sugest\u00e3o para quem for aproveitar os encantos dos nossos roteiros \u00e9: evitar de caminhar\/pedalar sozinho. Convide pessoas pr\u00f3ximas a voc\u00ea que tamb\u00e9m queiram conhecer o caminho e organize tudo para aproveitar ao m\u00e1ximo cada atrativo tur\u00edstico.<\/span><\/p>\n<p><span style=\"font-weight: 400\">Procure baixar os mapas e os roteiros do caminho para auxiliar no percurso.<\/span><\/p>\n<p style=\"text-align: justify\"><span style=\"font-weight: 400\">\u00c9 bom verificar se o roteiro pretendido para o passeio exige um esfor\u00e7o compat\u00edvel com as condi\u00e7\u00f5es dos integrantes de seu grupo.<\/span><\/p>\n<p style=\"text-align: justify\"><span style=\"font-weight: 400\">\u00c9 importante fazer os roteiros apenas durante o dia, e no caso dos roteiros a p\u00e9, sugerimos que sejam realizados durante a semana ou no s\u00e1bado pela manh\u00e3, pois o com\u00e9rcio estar\u00e1 funcionando e as ruas estar\u00e3o mais movimentadas, o que tornar\u00e1 o passeio mais agrad\u00e1vel e seguro. No caso dos roteiros para ciclismo, os melhores dias s\u00e3o domingos e feriados, pois existem ciclofaixas exclusivas entre \u00e0s 7h e 18h em v\u00e1rios trechos. Al\u00e9m disso, nestes dias o tr\u00e2nsito costuma ser mais tranquilo o que tornar\u00e1 o passeio mais seguro.<\/span><\/p>\n<p style=\"text-align: justify\"><span style=\"font-weight: 400\">Celulares (Indispens\u00e1vel) e mapas s\u00e3o muito \u00fateis.<\/span><\/p>\n","protected":false},"excerpt":{"rendered":"<p>Alimenta\u00e7\u00e3o\u00a0 Nossa sugest\u00e3o \u00e9 que voc\u00ea leve um lanche leve, como barras de cereais, frutas frescas ou secas, e \u00e1gua (nosso clima \u00e9 seco, se hidrate bem!), e reserve um tempo para parar em alguns locais ao longo do trajeto para apreciar nossa comida.\u00a0 Cal\u00e7ados e Roupas\u00a0 T\u00eanis ou cal\u00e7ados confort\u00e1veis e pr\u00f3prios para caminhar [&hellip;]<\/p>\n","protected":false},"author":115,"featured_media":0,"parent":1362,"menu_order":4,"comment_status":"closed","ping_status":"closed","template":"","meta":{"_acf_changed":false,"custom_icon_class":"","footnotes":""},"class_list":["post-1493","page","type-page","status-publish","hentry"],"acf":[],"_links":{"self":[{"href":"https:\/\/www.goiania.go.gov.br\/goianiatur\/wp-json\/wp\/v2\/pages\/1493","targetHints":{"allow":["GET"]}}],"collection":[{"href":"https:\/\/www.goiania.go.gov.br\/goianiatur\/wp-json\/wp\/v2\/pages"}],"about":[{"href":"https:\/\/www.goiania.go.gov.br\/goianiatur\/wp-json\/wp\/v2\/types\/page"}],"author":[{"embeddable":true,"href":"https:\/\/www.goiania.go.gov.br\/goianiatur\/wp-json\/wp\/v2\/users\/115"}],"replies":[{"embeddable":true,"href":"https:\/\/www.goiania.go.gov.br\/goianiatur\/wp-json\/wp\/v2\/comments?post=1493"}],"version-history":[{"count":2,"href":"https:\/\/www.goiania.go.gov.br\/goianiatur\/wp-json\/wp\/v2\/pages\/1493\/revisions"}],"predecessor-version":[{"id":1545,"href":"https:\/\/www.goiania.go.gov.br\/goianiatur\/wp-json\/wp\/v2\/pages\/1493\/revisions\/1545"}],"up":[{"embeddable":true,"href":"https:\/\/www.goiania.go.gov.br\/goianiatur\/wp-json\/wp\/v2\/pages\/1362"}],"wp:attachment":[{"href":"https:\/\/www.goiania.go.gov.br\/goianiatur\/wp-json\/wp\/v2\/media?parent=1493"}],"curies":[{"name":"wp","href":"https:\/\/api.w.org\/{rel}","templated":true}]}}