{"id":1491,"date":"2025-02-14T10:06:01","date_gmt":"2025-02-14T13:06:01","guid":{"rendered":"https:\/\/www.goiania.go.gov.br\/goianiatur\/caminho-dos-bougainvilles\/telefones-uteis\/"},"modified":"2025-02-17T09:51:35","modified_gmt":"2025-02-17T12:51:35","slug":"telefones-uteis","status":"publish","type":"page","link":"https:\/\/www.goiania.go.gov.br\/goianiatur\/caminho-dos-bougainvilles\/telefones-uteis\/","title":{"rendered":"Telefones \u00fateis"},"content":{"rendered":"<p><span style=\"font-weight: 400\">Ag\u00eancia Municipal de Turismo e Eventos (GOI\u00c2NIA TUR) 62. 3524-1180<\/span><\/p>\n<p><span style=\"font-weight: 400\">Pol\u00edcia Militar<\/span> <span style=\"font-weight: 400\">190<\/span><\/p>\n<p><span style=\"font-weight: 400\">SAMU Pronto-Socorro<\/span> <span style=\"font-weight: 400\">192<\/span><\/p>\n<p><span style=\"font-weight: 400\">Corpo de Bombeiro<\/span> <span style=\"font-weight: 400\">193<\/span><\/p>\n","protected":false},"excerpt":{"rendered":"<p>Ag\u00eancia Municipal de Turismo e Eventos (GOI\u00c2NIA TUR) 62. 3524-1180 Pol\u00edcia Militar 190 SAMU Pronto-Socorro 192 Corpo de Bombeiro 193<\/p>\n","protected":false},"author":115,"featured_media":0,"parent":1362,"menu_order":5,"comment_status":"closed","ping_status":"closed","template":"","meta":{"_acf_changed":false,"custom_icon_class":"","footnotes":""},"class_list":["post-1491","page","type-page","status-publish","hentry"],"acf":[],"_links":{"self":[{"href":"https:\/\/www.goiania.go.gov.br\/goianiatur\/wp-json\/wp\/v2\/pages\/1491","targetHints":{"allow":["GET"]}}],"collection":[{"href":"https:\/\/www.goiania.go.gov.br\/goianiatur\/wp-json\/wp\/v2\/pages"}],"about":[{"href":"https:\/\/www.goiania.go.gov.br\/goianiatur\/wp-json\/wp\/v2\/types\/page"}],"author":[{"embeddable":true,"href":"https:\/\/www.goiania.go.gov.br\/goianiatur\/wp-json\/wp\/v2\/users\/115"}],"replies":[{"embeddable":true,"href":"https:\/\/www.goiania.go.gov.br\/goianiatur\/wp-json\/wp\/v2\/comments?post=1491"}],"version-history":[{"count":2,"href":"https:\/\/www.goiania.go.gov.br\/goianiatur\/wp-json\/wp\/v2\/pages\/1491\/revisions"}],"predecessor-version":[{"id":1544,"href":"https:\/\/www.goiania.go.gov.br\/goianiatur\/wp-json\/wp\/v2\/pages\/1491\/revisions\/1544"}],"up":[{"embeddable":true,"href":"https:\/\/www.goiania.go.gov.br\/goianiatur\/wp-json\/wp\/v2\/pages\/1362"}],"wp:attachment":[{"href":"https:\/\/www.goiania.go.gov.br\/goianiatur\/wp-json\/wp\/v2\/media?parent=1491"}],"curies":[{"name":"wp","href":"https:\/\/api.w.org\/{rel}","templated":true}]}}