{"id":1451,"date":"2025-02-14T09:39:47","date_gmt":"2025-02-14T12:39:47","guid":{"rendered":"https:\/\/www.goiania.go.gov.br\/goianiatur\/roteiro-parques-i-do-lago-das-rosas-ao-jardim-botanico-2\/"},"modified":"2025-05-13T09:11:25","modified_gmt":"2025-05-13T12:11:25","slug":"roteiro-parques-i-do-lago-das-rosas-ao-jardim-botanico-2","status":"publish","type":"page","link":"https:\/\/www.goiania.go.gov.br\/goianiatur\/caminho-dos-bougainvilles\/o-percurso\/roteiro-parques-i-do-lago-das-rosas-ao-jardim-botanico-2\/","title":{"rendered":"Roteiro Parques I \u2013 Do Lago das Rosas ao Jardim Bot\u00e2nico"},"content":{"rendered":"<p><b>Modalidade: Ciclismo<\/b><\/p>\n<p><b>Percurso: 14,32km<\/b><\/p>\n<p><b>Eleva\u00e7\u00e3o: 231 m<\/b><\/p>\n<h2><b>Pontos tur\u00edsticos e trajeto do roteiro:<\/b><\/h2>\n<p style=\"text-align: justify\"><b>Parque Lago das Rosas &#8211;\u00a0<\/b><span style=\"font-weight: 400\">Localizado no setor Oeste o Lago das Rosas \u00e9 o parque mais antigo da cidade, constru\u00eddo na d\u00e9cada de 1940. Inicialmente abrigava um grande canteiro de rosas, de onde veio a inspira\u00e7\u00e3o para o nome. O lugar conserva ainda hoje elementos representativos no estilo Art D\u00e9co como a Mureta e o Trampolim. O parque possui pedalinhos, uma \u00e1rea verde convidativa \u00e0 pr\u00e1tica de piqueniques, al\u00e9m de uma extensa pista de caminhada. <\/span><\/p>\n<ul>\n<li style=\"font-weight: 400;text-align: justify\"><b>Mureta\/Trampolim \u2013 <\/b><span style=\"font-weight: 400\">Constru\u00edda em 1941, na via que ligava a ent\u00e3o cidade de Campininha das Flores (hoje bairro Campinas) \u00e0 cidade de Goi\u00e2nia, a Mureta delimitava a represa da nascente do c\u00f3rrego Capim Puba. Anos depois, a represa passou a ser um balne\u00e1rio p\u00fablico com 1,50 metros de profundidade e um trampolim. A mureta e o trampolim s\u00e3o tombados pelo IPHAN como bens hist\u00f3ricos, representantes da arquitetura Art D\u00e9co.<\/span><\/li>\n<\/ul>\n\n\n<p><img decoding=\"async\" src=\"https:\/\/lh7-rt.googleusercontent.com\/docsz\/AD_4nXdnEwIg8Dj1JyTitUt3QabclqiY4tSqvWdzfQ7xCSj8dDsAgzrekdIZL_EtDSZfPjv0WCjLke4pj5vsOSJUNyHFOFvOKXGRVl1NsfqLsRkPbYz7RwpnfmHRSpBvqoL_idcqOu4Qg9c-pG6pmNgrSHg?key=GUO1jfhVnjgI8ZWyZ9byFQ\" style=\"width: 900px\"><\/p>\n\n\n<h6><b>Lago das Rosas &#8211; Mureta (Foto: Jackson Rodrigues) <\/b><\/h6>\n\n\n<p><img decoding=\"async\" src=\"https:\/\/lh7-rt.googleusercontent.com\/docsz\/AD_4nXfSZCMuxHEiwdHBnydP_ncDBfSvUpz7ZVOI8UuAu_wc-WhGJLoEHnq7-GD-yIiDtIQ-IyvlpL0zZASfmu23-a41M2TqcHAINmboSiid9B8z3rTHhsKWsIE7Y3c-nk6QPwWKJq07u7OoO6Wm1XfYDk8?key=GUO1jfhVnjgI8ZWyZ9byFQ\" style=\"width: 900px\"><\/p>\n\n\n<h6><b>Lago das Rosas &#8211; Trampolim (Foto: Jackson Rodrigues) <\/b><\/h6>\n<ul>\n<li style=\"font-weight: 400;text-align: justify\"><b>Parque Zool\u00f3gico &#8211; <\/b><span style=\"font-weight: 400\">Localizado no Lago das Rosas, o Parque Zool\u00f3gico de Goi\u00e2nia foi fundado em 1956, pelo encarregado e morador do Lago das Rosas, Saturnino Maciel de Carvalho. Embora o lago das Rosas naquela \u00e9poca j\u00e1 fosse um local de recrea\u00e7\u00e3o e lazer tradicionalmente usado pela popula\u00e7\u00e3o de Goi\u00e2nia, somente ap\u00f3s esta data, com a doa\u00e7\u00e3o de alguns animais pelo ornit\u00f3logo e professor Jos\u00e9 Hidasi, o zool\u00f3gico surgiu. O Parque Zool\u00f3gico de Goi\u00e2nia se modernizou e est\u00e1 engajado com os novos objetivos no cuidado e bem-estar dos animais.\u00a0<\/span><b>Endere\u00e7o:<\/b><span style=\"font-weight: 400\"> Alameda das Rosas, St. Oeste. Telefone: 62 3524.2390. Funcionamento: Quarta a domingo das 8h30 \u00e0s 16h.\u00a0<\/span><\/li>\n<\/ul>\n\n\n<p><strong><img decoding=\"async\" src=\"https:\/\/lh7-rt.googleusercontent.com\/docsz\/AD_4nXcnTxkRR2qKtYgxHEiYRKGhZhzrJ8PPHPavIY-nR-E-6u0OZDZv_XiPIbkE3YRiUjclM2gVROdoYrtU7VKyBZqOAcIur7jaL6G3uW4yVFCjEN7ZXWRdUAJ1F2MFC1rgXzdrIxXcgY-X-BSAI3E2N3s?key=GUO1jfhVnjgI8ZWyZ9byFQ\" style=\"width: 900px\"><\/strong><\/p>\n\n\n<h6><b>Parque Zool\u00f3gico (Foto:Leandro Moura)<\/b><\/h6>\n<ul>\n<li style=\"font-weight: 400\"><span style=\"font-weight: 400\">Alameda das Rosas<\/span><\/li>\n<li>Rua 29-A<\/li>\n<li>Rua 16-B<\/li>\n<li>Alameda das Rosas<\/li>\n<li style=\"font-weight: 400\"><span style=\"font-weight: 400\">Avenida Portugal<\/span><\/li>\n<li style=\"font-weight: 400\"><span style=\"font-weight: 400\">Rua T 52<\/span><\/li>\n<li style=\"font-weight: 400;text-align: justify\"><span style=\"font-weight: 400\">Avenida T 3<\/span><\/li>\n<\/ul>\n<p style=\"text-align: justify\"><b>Parque Vaca Brava &#8211; <\/b><span style=\"font-weight: 400\">Criado em 1988, o Parque Vaca Brava est\u00e1 localizado no setor Bueno, na regi\u00e3o Sul de Goi\u00e2nia. Possui lago, parque infantil, esta\u00e7\u00e3o de gin\u00e1stica, pista de caminhada, mirante e \u00e1reas de conviv\u00eancia, trata-se de uma das mais belas vistas de Goi\u00e2nia, palco frequente de eventos relacionados \u00e0 sa\u00fade e bem-estar.<\/span><\/p>\n\n\n<p><img decoding=\"async\" src=\"https:\/\/lh7-rt.googleusercontent.com\/docsz\/AD_4nXfJeQjEhTPwmae1gDLw58Fkn5RLa7KsxbjA-Fefox56kw1_lVWN7MC4fofbhaZCETjO0kbayMfJ0Lpl0iU38p-Wvmh4ZhVUHB8vx98aNL8r6rVRHIEZhyBBul_sP6fyEJhv0snNlVNWg2FF-t3wXg?key=GUO1jfhVnjgI8ZWyZ9byFQ\" style=\"width: 900px\"><\/p>\n\n\n<ul>\n<li style=\"font-weight: 400\"><span style=\"font-weight: 400\">Avenida T-05<\/span><\/li>\n<li style=\"font-weight: 400\"><span style=\"font-weight: 400\">Avenida T-66<\/span><\/li>\n<li style=\"font-weight: 400\"><span style=\"font-weight: 400\">Avenida T-15<\/span><\/li>\n<li style=\"font-weight: 400\"><span style=\"font-weight: 400\">Avenida T-10<\/span><\/li>\n<li style=\"font-weight: 400\"><span style=\"font-weight: 400\">Avenida T-3<\/span><\/li>\n<li style=\"font-weight: 400\"><span style=\"font-weight: 400\">Avenida T-12<\/span><\/li>\n<li style=\"font-weight: 400\"><span style=\"font-weight: 400\">Avenida T-37<\/span><\/li>\n<li style=\"font-weight: 400\"><span style=\"font-weight: 400\">Rua T-60<\/span><\/li>\n<li style=\"font-weight: 400\"><span style=\"font-weight: 400\">Avenida Edmundo Pinheiro de Abreu<\/span><\/li>\n<li style=\"font-weight: 400\"><span style=\"font-weight: 400\">Alameda Coronel Eug\u00eanio Jardim <\/span><\/li>\n<\/ul>\n<p style=\"text-align: justify\"><b>Parque Arei\u00e3o \u2013 <\/b><span style=\"font-weight: 400\">O parque possui uma unidade de conserva\u00e7\u00e3o em seu interior e uma Vila Ambiental que \u00e9 aberta \u00e0 visita\u00e7\u00e3o. Conta ainda com pista de caminhada, esta\u00e7\u00e3o de gin\u00e1stica, lago e parque infantil. O Parque Arei\u00e3o chama bastante aten\u00e7\u00e3o pela quantidade de macacos, p\u00e1ssaros e plantas do cerrado abrigados em seu interior. Situado na regi\u00e3o Sul da capital, abrange os setores: Pedro Ludovico, Marista e Sul.<\/span><\/p>\n\n\n<p><img decoding=\"async\" src=\"https:\/\/lh7-rt.googleusercontent.com\/docsz\/AD_4nXezia9mLARreEDkJNav4cDTC9oK0f-mEsFp3hHct67FpmVybN5ZJDQKaI_RJna6AML-0R_jPnf9Y9e3Yax6acnBnCYVXpymwc1XWYFF140was3IgGheLRiRJ0qXX5jLlMxzfkh-kauxcXNGyncGqec?key=GUO1jfhVnjgI8ZWyZ9byFQ\" style=\"width: 900px\"><\/p>\n\n\n<h6><b>Parque Arei\u00e3o <\/b><b>(Foto:Leandro Moura) <\/b><\/h6>\n<ul>\n<li style=\"font-weight: 400\"><span style=\"font-weight: 400\">Avenida Americano do Brasil<\/span><\/li>\n<li style=\"font-weight: 400\"><span style=\"font-weight: 400\">Rua 90\u00a0<\/span><\/li>\n<li style=\"font-weight: 400\"><span style=\"font-weight: 400\">Avenida Arei\u00e3o<\/span><\/li>\n<li style=\"font-weight: 400\"><span style=\"font-weight: 400\">Avenida Edmundo Pinheiro de Abreu<\/span><\/li>\n<li style=\"font-weight: 400\"><span style=\"font-weight: 400\">Avenida Couto Magalh\u00e3es<\/span><\/li>\n<li style=\"font-weight: 400\"><span style=\"font-weight: 400\">Avenida T 63<\/span><\/li>\n<li style=\"font-weight: 400\"><span style=\"font-weight: 400\">Avenida Circular<\/span><\/li>\n<li style=\"font-weight: 400\"><span style=\"font-weight: 400\">Rua 1045<\/span><\/li>\n<\/ul>\n<p style=\"text-align: justify\"><b>Parque Jardim Bot\u00e2nico <\/b><b>Am\u00e1lia Teixeira Franco<\/b><b> \u2013<\/b><span style=\"font-weight: 400\"> Localizado no setor Pedro Ludovico, na regi\u00e3o sul de Goi\u00e2nia, o Jardim Bot\u00e2nico \u00e9 a maior unidade de conserva\u00e7\u00e3o de Goi\u00e2nia, com um milh\u00e3o de metros quadrados. Abriga um remanescente de \u00e1rea fechada de mata, com esp\u00e9cies nativas do cerrado e animais silvestres. Os atrativos s\u00e3o um borbolet\u00e1rio, lago, trilhas ecol\u00f3gicas, um teatro de arena ao ar livre, ciclovia e uma extensa pista de caminhada.<\/span><\/p>\n\n\n<p><img decoding=\"async\" src=\"https:\/\/lh7-rt.googleusercontent.com\/docsz\/AD_4nXejVSLs8Q9nt-lBPlUpo4d5nX3RsP4b3JzxTFAtudVCs5tbrg82X2CkUdX2sotOQuE9XL5Aj6XWV2TYoH50iuf9S2S_mVgOXe_scy8CvvyBsvW9BrIDy5CrMw0jMIAVaYwfWQNdgHwI9zPaNE_fXSk?key=GUO1jfhVnjgI8ZWyZ9byFQ\" style=\"width: 900px\"><\/p>\n\n\n<h6><b>Parque Jardim Bot\u00e2nico <\/b><b>Am\u00e1lia Teixeira Franco <\/b><b>(Foto: Jackson Rodrigues)<\/b><\/h6>\n<ul>\n<li><span style=\"font-weight: 400\">Alameda Botafogo<\/span><\/li>\n<\/ul>\n<p>\u00a0<\/p>\n<p><b>Mapa (Google Maps<\/b><b>)<\/b><\/p>\n<p><a href=\"https:\/\/www.google.com\/maps\/d\/edit?mid=1ApSdxwClyzNFs0urRNIbVl56S_oyZS4&amp;usp=sharing\">https:\/\/www.google.com\/maps\/d\/edit?mid=1ApSdxwClyzNFs0urRNIbVl56S_oyZS4&amp;usp=sharing<\/a><\/p>\n<p><b>Mapa (Strava)<\/b><\/p>\n<p><a href=\"https:\/\/www.strava.com\/routes\/3346832948314053158\"><span style=\"font-weight: 400\">https:\/\/www.strava.com\/routes\/3320377257937933890<\/span><\/a><\/p>\n\n\n<figure class=\"wp-block-image size-large\"><img loading=\"lazy\" decoding=\"async\" width=\"826\" height=\"1024\" src=\"https:\/\/www.goiania.go.gov.br\/goianiatur\/wp-content\/uploads\/sites\/18\/2025\/05\/roteiro-parques-1-826x1024.jpeg\" alt=\"\" class=\"wp-image-1705\" srcset=\"https:\/\/www.goiania.go.gov.br\/goianiatur\/wp-content\/uploads\/sites\/18\/2025\/05\/roteiro-parques-1-826x1024.jpeg 826w, https:\/\/www.goiania.go.gov.br\/goianiatur\/wp-content\/uploads\/sites\/18\/2025\/05\/roteiro-parques-1-242x300.jpeg 242w, https:\/\/www.goiania.go.gov.br\/goianiatur\/wp-content\/uploads\/sites\/18\/2025\/05\/roteiro-parques-1-768x952.jpeg 768w, https:\/\/www.goiania.go.gov.br\/goianiatur\/wp-content\/uploads\/sites\/18\/2025\/05\/roteiro-parques-1.jpeg 917w\" sizes=\"auto, (max-width: 826px) 100vw, 826px\" \/><\/figure>\n\n\n","protected":false},"excerpt":{"rendered":"<p>Modalidade: Ciclismo Percurso: 14,32km Eleva\u00e7\u00e3o: 231 m Pontos tur\u00edsticos e trajeto do roteiro: Parque Lago das Rosas &#8211;\u00a0Localizado no setor Oeste o Lago das Rosas \u00e9 o parque mais antigo da cidade, constru\u00eddo na d\u00e9cada de 1940. Inicialmente abrigava um grande canteiro de rosas, de onde veio a inspira\u00e7\u00e3o para o nome. O lugar conserva [&hellip;]<\/p>\n","protected":false},"author":115,"featured_media":0,"parent":1371,"menu_order":1,"comment_status":"closed","ping_status":"closed","template":"","meta":{"_acf_changed":false,"custom_icon_class":"","footnotes":""},"class_list":["post-1451","page","type-page","status-publish","hentry"],"acf":[],"_links":{"self":[{"href":"https:\/\/www.goiania.go.gov.br\/goianiatur\/wp-json\/wp\/v2\/pages\/1451","targetHints":{"allow":["GET"]}}],"collection":[{"href":"https:\/\/www.goiania.go.gov.br\/goianiatur\/wp-json\/wp\/v2\/pages"}],"about":[{"href":"https:\/\/www.goiania.go.gov.br\/goianiatur\/wp-json\/wp\/v2\/types\/page"}],"author":[{"embeddable":true,"href":"https:\/\/www.goiania.go.gov.br\/goianiatur\/wp-json\/wp\/v2\/users\/115"}],"replies":[{"embeddable":true,"href":"https:\/\/www.goiania.go.gov.br\/goianiatur\/wp-json\/wp\/v2\/comments?post=1451"}],"version-history":[{"count":10,"href":"https:\/\/www.goiania.go.gov.br\/goianiatur\/wp-json\/wp\/v2\/pages\/1451\/revisions"}],"predecessor-version":[{"id":1716,"href":"https:\/\/www.goiania.go.gov.br\/goianiatur\/wp-json\/wp\/v2\/pages\/1451\/revisions\/1716"}],"up":[{"embeddable":true,"href":"https:\/\/www.goiania.go.gov.br\/goianiatur\/wp-json\/wp\/v2\/pages\/1371"}],"wp:attachment":[{"href":"https:\/\/www.goiania.go.gov.br\/goianiatur\/wp-json\/wp\/v2\/media?parent=1451"}],"curies":[{"name":"wp","href":"https:\/\/api.w.org\/{rel}","templated":true}]}}