{"id":1369,"date":"2025-01-31T09:32:55","date_gmt":"2025-01-31T12:32:55","guid":{"rendered":"https:\/\/www.goiania.go.gov.br\/goianiatur\/?page_id=1369"},"modified":"2025-02-14T10:16:18","modified_gmt":"2025-02-14T13:16:18","slug":"a-trilha","status":"publish","type":"page","link":"https:\/\/www.goiania.go.gov.br\/goianiatur\/caminho-dos-bougainvilles\/a-trilha\/","title":{"rendered":"A trilha"},"content":{"rendered":"\n<p><\/p>\n\n\n<h1><b>Caminhada\u00a0<\/b><\/h1>\n<h2><b>Roteiro Art D\u00e9co: cultura e lazer (10,1 km)<\/b><\/h2>\n<p><b>N\u00edvel de esfor\u00e7o:<\/b><span style=\"font-weight: 400\"> Moderado, em virtude do nosso clima.<\/span><\/p>\n<p><b>P\u00e9tala do Patrim\u00f4nio<\/b><\/p>\n<p><span style=\"font-weight: 400\">In\u00edcio: Parque Lago das Rosas<\/span><\/p>\n<p><span style=\"font-weight: 400\">Final:\u00a0Mercado Central<\/span><\/p>\n<p><b>P\u00e9tala do Sabor<\/b><\/p>\n<p><span style=\"font-weight: 400\">In\u00edcio:\u00a0Mercado Central\u00a0<\/span><\/p>\n<p><span style=\"font-weight: 400\">Final:\u00a0Mercado da 74<\/span><\/p>\n<p><b>P\u00e9tala da Divers\u00e3o<\/b><\/p>\n<p><span style=\"font-weight: 400\">In\u00edcio:\u00a0Mercado da 74<\/span><\/p>\n<p><span style=\"font-weight: 400\">Final:\u00a0Parque Mutirama<\/span><\/p>\n\n\n<p><a href=\"https:\/\/www.strava.com\/routes\/3320376396407669148\">https:\/\/www.strava.com\/routes\/3320376396407669148<\/a><\/p>\n\n\n\n<p><img decoding=\"async\" src=\"https:\/\/lh7-rt.googleusercontent.com\/docsz\/AD_4nXdy06awXyeucbEuA0GEar0cCQ-Ip5_VaE522SbGgA8PV0Vw0mk_HqugGnpfwJC9fJQ3zJHC-j_o0tygJrGZV7DBG3s7dTtD7brRzdIVC3AN1Pt0nP_czeKetKPZKNwX-S-b-z2Jm8eWDVNmEprwAX0?key=GUO1jfhVnjgI8ZWyZ9byFQ\" style=\"width: 900px\"><\/p>\n\n\n<h1>Ciclismo<\/h1>\n<h2><b>Roteiro Parques I: do Lago das Rosas ao Jardim Bot\u00e2nico (14,32 km)\u00a0<\/b><\/h2>\n<p><b>N\u00edvel de esfor\u00e7o:<\/b><span style=\"font-weight: 400\"> F\u00e1cil.<\/span><\/p>\n<p><span style=\"font-weight: 400\">In\u00edcio:\u00a0Parque Lago das Rosas<\/span><span style=\"font-weight: 400\"><br \/><\/span><span style=\"font-weight: 400\">Final:\u00a0Jardim Bot\u00e2nico<\/span><\/p>\n\n\n<p><a href=\"https:\/\/www.strava.com\/routes\/3320377257937933890\">https:\/\/www.strava.com\/routes\/3320377257937933890<\/a><\/p>\n\n\n\n<p><img decoding=\"async\" src=\"https:\/\/lh7-rt.googleusercontent.com\/docsz\/AD_4nXcrgtW4bP500jItWzk13zX2EiDmU1ij15kquJU3AnYh95ODrc2r55OEimv9UJrtpsZkMgkoLYg6P_tW1N5gDPwFZsXSnT3NmJVHxk-KmFXQd86nERz15-UCCZAexNJ7mPgTEp_gMVyvBryCa3H3PJ4?key=GUO1jfhVnjgI8ZWyZ9byFQ\" style=\"width: 900px\"><\/p>\n\n\n<h2><b>Roteiro Parques II: do Lago das Rosas ao Macambira Anicuns\u00a0 (20,20 km)\u00a0<\/b><\/h2>\n<p><b>N\u00edvel de esfor\u00e7o:<\/b><span style=\"font-weight: 400\"> Moderado, em virtude do nosso clima.<\/span><\/p>\n<p><span style=\"font-weight: 400\">In\u00edcio: Parque Lago das Rosas<\/span><\/p>\n<p><span style=\"font-weight: 400\">Final:\u00a0Parque Macambira Anicuns<\/span><\/p>\n\n\n<p><a href=\"https:\/\/www.strava.com\/routes\/3320378231082129820\">https:\/\/www.strava.com\/routes\/3320378231082129820<\/a><\/p>\n\n\n\n<p><img decoding=\"async\" src=\"https:\/\/lh7-rt.googleusercontent.com\/docsz\/AD_4nXfIcxx2gKiA_vkTpCM-pAk16NO4BaCyfW4o5jfefRoOq_kziB2eaL7xHcLss2cDM_Npoe4DlxpPTUC8fVar8CpEf8FWupHO22eAI_uP_7n7D2wNe4D6G6Ernnuff5zF85MglCBlEfGT0muWpG4GV3g?key=GUO1jfhVnjgI8ZWyZ9byFQ\" style=\"width: 900px\"><\/p>\n\n\n<h2><b>Roteiro Pra\u00e7as: do Lago das Rosas \u00e0 Pra\u00e7a do Amor\u00a0 (10,5 km)\u00a0<\/b><\/h2>\n<p><b>N\u00edvel de esfor\u00e7o:<\/b><span style=\"font-weight: 400\"> F\u00e1cil.<\/span><\/p>\n<p><span style=\"font-weight: 400\">In\u00edcio: Parque Lago das Rosas<\/span><\/p>\n<p><span style=\"font-weight: 400\">Final:\u00a0Pra\u00e7a do Amor<\/span><\/p>\n\n\n<p><a href=\"https:\/\/www.strava.com\/routes\/3320377703572951618\">https:\/\/www.strava.com\/routes\/3320377703572951618<\/a><\/p>\n\n\n\n<p><img decoding=\"async\" src=\"https:\/\/lh7-rt.googleusercontent.com\/docsz\/AD_4nXd2YimzmwO-wqYKtYICEPtcXa-f-tmAQnVE-rVqcWAJyslZpZP28_l8hjOYGEdxNckJjYqtJHpJW5hqBKWmi9YEUNianeqpZZD7AE48LG7r3WuIztjV0LLPhlAZyjtf2WFxCF1jc-9DFTnVP7I7xIg?key=GUO1jfhVnjgI8ZWyZ9byFQ\" style=\"width: 900px\"><\/p>\n\n\n<p><b>Tempo para realiza\u00e7\u00e3o de todo o percurso:<\/b><span style=\"font-weight: 400\">\u00a0entre 3 a 5 dias<\/span><\/p>\n<p style=\"text-align: justify\"><b>Quando realizar:<\/b><span style=\"font-weight: 400\"> Para aproveitar todas as belezas do Caminho dos Bougainvilles, sugerimos que os roteiros de caminhada sejam feitos nas sextas-feiras (manh\u00e3 e tarde) e s\u00e1bados (manh\u00e3), ou durante a semana, quando as ruas est\u00e3o mais movimentadas e o com\u00e9rcio em funcionamento. J\u00e1 os roteiros de ciclismo recomendamos que sejam feitos preferencialmente aos domingos e feriados, quando as ciclofaixas s\u00e3o de uso exclusivo dos ciclistas, das 7h \u00e0s 18h.<\/span><\/p>","protected":false},"excerpt":{"rendered":"<p>Caminhada\u00a0 Roteiro Art D\u00e9co: cultura e lazer (10,1 km) N\u00edvel de esfor\u00e7o: Moderado, em virtude do nosso clima. P\u00e9tala do Patrim\u00f4nio In\u00edcio: Parque Lago das Rosas Final:\u00a0Mercado Central P\u00e9tala do Sabor In\u00edcio:\u00a0Mercado Central\u00a0 Final:\u00a0Mercado da 74 P\u00e9tala da Divers\u00e3o In\u00edcio:\u00a0Mercado da 74 Final:\u00a0Parque Mutirama https:\/\/www.strava.com\/routes\/3320376396407669148 Ciclismo Roteiro Parques I: do Lago das Rosas ao Jardim [&hellip;]<\/p>\n","protected":false},"author":115,"featured_media":0,"parent":1362,"menu_order":1,"comment_status":"closed","ping_status":"closed","template":"","meta":{"_acf_changed":false,"custom_icon_class":"","footnotes":""},"class_list":["post-1369","page","type-page","status-publish","hentry"],"acf":[],"_links":{"self":[{"href":"https:\/\/www.goiania.go.gov.br\/goianiatur\/wp-json\/wp\/v2\/pages\/1369","targetHints":{"allow":["GET"]}}],"collection":[{"href":"https:\/\/www.goiania.go.gov.br\/goianiatur\/wp-json\/wp\/v2\/pages"}],"about":[{"href":"https:\/\/www.goiania.go.gov.br\/goianiatur\/wp-json\/wp\/v2\/types\/page"}],"author":[{"embeddable":true,"href":"https:\/\/www.goiania.go.gov.br\/goianiatur\/wp-json\/wp\/v2\/users\/115"}],"replies":[{"embeddable":true,"href":"https:\/\/www.goiania.go.gov.br\/goianiatur\/wp-json\/wp\/v2\/comments?post=1369"}],"version-history":[{"count":9,"href":"https:\/\/www.goiania.go.gov.br\/goianiatur\/wp-json\/wp\/v2\/pages\/1369\/revisions"}],"predecessor-version":[{"id":1500,"href":"https:\/\/www.goiania.go.gov.br\/goianiatur\/wp-json\/wp\/v2\/pages\/1369\/revisions\/1500"}],"up":[{"embeddable":true,"href":"https:\/\/www.goiania.go.gov.br\/goianiatur\/wp-json\/wp\/v2\/pages\/1362"}],"wp:attachment":[{"href":"https:\/\/www.goiania.go.gov.br\/goianiatur\/wp-json\/wp\/v2\/media?parent=1369"}],"curies":[{"name":"wp","href":"https:\/\/api.w.org\/{rel}","templated":true}]}}