{"id":1365,"date":"2025-01-31T09:26:16","date_gmt":"2025-01-31T12:26:16","guid":{"rendered":"https:\/\/www.goiania.go.gov.br\/goianiatur\/?page_id=1365"},"modified":"2025-02-13T12:33:33","modified_gmt":"2025-02-13T15:33:33","slug":"o-caminho","status":"publish","type":"page","link":"https:\/\/www.goiania.go.gov.br\/goianiatur\/caminho-dos-bougainvilles\/o-caminho\/","title":{"rendered":"O Caminho"},"content":{"rendered":"<p style=\"text-align: justify\"><span style=\"font-weight: 400\"><strong>O Caminho dos Bougainvilles<\/strong> \u00e9 uma trilha de longo curso com mais de 50 quil\u00f4metros de extens\u00e3o, abrange diversos bairros de Goi\u00e2nia e proporciona conhecer as belezas da nossa cidade, com destaque para nosso acervo arquitet\u00f4nico em estilo Art D\u00e9co que \u00e9 um dos maiores do mundo, e para as nossas pra\u00e7as e nossos parques, mais de 50 na atualidade.\u00a0<\/span><\/p>\n<p style=\"text-align: justify\"><span style=\"font-weight: 400\">O projeto come\u00e7ou a ser desenvolvido em junho de 2021, a convite da Goi\u00e1s Turismo, que idealizou o Desafio das Flores, uma iniciativa voltada para a cria\u00e7\u00e3o de trilhas de longo curso em diversas cidades do estado. A Ag\u00eancia Municipal de Turismo e Eventos (GOIANIATUR) aderiu ao projeto com o objetivo de criar um novo atrativo tur\u00edstico para Goi\u00e2nia. Para a constru\u00e7\u00e3o dos roteiros, a equipe t\u00e9cnica da GOIANIATUR realizou um levantamento das principais atra\u00e7\u00f5es tur\u00edsticas da cidade e desenvolveu trilhas que pudessem apresentar nossa hist\u00f3ria, cultura e tradi\u00e7\u00f5es.<\/span><\/p>\n<p style=\"text-align: justify\"><span style=\"font-weight: 400\">Os roteiros para caminhada passam pelos bairros mais centrais, neles \u00e9 poss\u00edvel apreciar pr\u00e9dios e monumentos que datam da constru\u00e7\u00e3o de Goi\u00e2nia. Fizemos quest\u00e3o de incluir no roteiro alguns dos museus que contam a nossa hist\u00f3ria, proporcionando uma verdadeira imers\u00e3o cultural.<\/span><\/p>\n<p style=\"text-align: justify\"><span style=\"font-weight: 400\">Al\u00e9m disso, o visitante poder\u00e1 saborear as del\u00edcias locais, j\u00e1 que os roteiros passam pelo Mercado Municipal e pelo Mercado da 74, ambos famosos por oferecer comidas t\u00edpicas da regi\u00e3o.<\/span><\/p>\n<p style=\"text-align: justify\"><span style=\"font-weight: 400\">Outro aspecto marcante dos roteiros a p\u00e9 \u00e9 a oportunidade de conhecer o vibrante movimento de arte urbana, que vem trazendo novas cores ao centro da cidade por meio de galerias a c\u00e9u aberto e grandes murais. Os principais atrativos de lazer de Goi\u00e2nia, o Parque Zool\u00f3gico e o Parque Mutirama, tamb\u00e9m est\u00e3o inclu\u00eddos nesses roteiros.<\/span><\/p>\n<p style=\"text-align: justify\"><span style=\"font-weight: 400\">J\u00e1 os roteiros sugeridos para ciclistas atravessam diversos bairros, destacando as belezas naturais dos parques, nosso rico patrim\u00f4nio Art D\u00e9co, e as encantadoras pra\u00e7as que embelezam a cidade, <\/span><span style=\"font-weight: 400\">destacando as belezas naturais dos parques, nosso rico patrim\u00f4nio Art D\u00e9co, e as encantadoras pra\u00e7as que embelezam a cidade.<\/span><\/p>\n\n\n<p><strong><img decoding=\"async\" src=\"https:\/\/lh7-rt.googleusercontent.com\/docsz\/AD_4nXcttJsR09PjgFPajfB4kE3H43ncJeXg9RSv9M-22TbxxaUia6x773AlbpTaNGRoKZSZhls73JekBFc2vspjbC2ogP8IymEcNE-_suveoh-B4bESDf97mLUDuMDNpoxPmu0FPEnCIAoUh2BRR5KC3F0?key=GUO1jfhVnjgI8ZWyZ9byFQ\" style=\"width: 900px\"><\/strong><\/p>\n\n\n\n<p><strong><img decoding=\"async\" src=\"https:\/\/lh7-rt.googleusercontent.com\/docsz\/AD_4nXdsR8LATV-8IpumXMCxHTgcbRSXLxkihubXGRj7xyYigxu6WUCeonsFAqePvbXhSASIqzxW4vVSgu5irF65fyvq3sDkjMYq7LHpzzt-Vwok-f6JOK1yAbE4I7suIaXpR33lH8ssOvzBoTxg0DKOSQ?key=GUO1jfhVnjgI8ZWyZ9byFQ\" alt=\"Mapa\n\nDescri\u00e7\u00e3o gerada automaticamente\" style=\"width: 900px\"><\/strong><\/p>\n","protected":false},"excerpt":{"rendered":"<p>O Caminho dos Bougainvilles \u00e9 uma trilha de longo curso com mais de 50 quil\u00f4metros de extens\u00e3o, abrange diversos bairros de Goi\u00e2nia e proporciona conhecer as belezas da nossa cidade, com destaque para nosso acervo arquitet\u00f4nico em estilo Art D\u00e9co que \u00e9 um dos maiores do mundo, e para as nossas pra\u00e7as e nossos parques, [&hellip;]<\/p>\n","protected":false},"author":1,"featured_media":0,"parent":1362,"menu_order":0,"comment_status":"closed","ping_status":"closed","template":"","meta":{"_acf_changed":false,"custom_icon_class":"","footnotes":""},"class_list":["post-1365","page","type-page","status-publish","hentry"],"acf":[],"_links":{"self":[{"href":"https:\/\/www.goiania.go.gov.br\/goianiatur\/wp-json\/wp\/v2\/pages\/1365","targetHints":{"allow":["GET"]}}],"collection":[{"href":"https:\/\/www.goiania.go.gov.br\/goianiatur\/wp-json\/wp\/v2\/pages"}],"about":[{"href":"https:\/\/www.goiania.go.gov.br\/goianiatur\/wp-json\/wp\/v2\/types\/page"}],"author":[{"embeddable":true,"href":"https:\/\/www.goiania.go.gov.br\/goianiatur\/wp-json\/wp\/v2\/users\/1"}],"replies":[{"embeddable":true,"href":"https:\/\/www.goiania.go.gov.br\/goianiatur\/wp-json\/wp\/v2\/comments?post=1365"}],"version-history":[{"count":7,"href":"https:\/\/www.goiania.go.gov.br\/goianiatur\/wp-json\/wp\/v2\/pages\/1365\/revisions"}],"predecessor-version":[{"id":1438,"href":"https:\/\/www.goiania.go.gov.br\/goianiatur\/wp-json\/wp\/v2\/pages\/1365\/revisions\/1438"}],"up":[{"embeddable":true,"href":"https:\/\/www.goiania.go.gov.br\/goianiatur\/wp-json\/wp\/v2\/pages\/1362"}],"wp:attachment":[{"href":"https:\/\/www.goiania.go.gov.br\/goianiatur\/wp-json\/wp\/v2\/media?parent=1365"}],"curies":[{"name":"wp","href":"https:\/\/api.w.org\/{rel}","templated":true}]}}