{"id":1362,"date":"2025-01-31T09:20:04","date_gmt":"2025-01-31T12:20:04","guid":{"rendered":"https:\/\/www.goiania.go.gov.br\/goianiatur\/?page_id=1362"},"modified":"2025-02-13T12:27:29","modified_gmt":"2025-02-13T15:27:29","slug":"caminho-dos-bougainvilles","status":"publish","type":"page","link":"https:\/\/www.goiania.go.gov.br\/goianiatur\/caminho-dos-bougainvilles\/","title":{"rendered":"Caminho dos Bougainvilles"},"content":{"rendered":"\n<p class=\"has-text-align-center\"><strong><img decoding=\"async\" src=\"https:\/\/lh7-rt.googleusercontent.com\/docsz\/AD_4nXfD53GlFBif4G-88vXF1TUUPGIPsKSpgkQXNTVGIOaKqO5oSKDkXfmDd2Q94IykxbtnpJRxKsmirTT2SwMABDkl_JIpxckQBKxsbCVKZUwncULLM86fxj8yT2Ym7O31_bhvOpkwY-VhKD_q27SPcaYOun-HC8jxGGVlFZ34?key=GUO1jfhVnjgI8ZWyZ9byFQ\" style=\"width: 900px\"><\/strong><\/p>\n\n\n<p style=\"text-align: justify\"><b>O Caminho dos Bougainvilles<\/b><span style=\"font-weight: 400\"> \u00e9 composto por trilhas urbanas que podem ser percorridas a p\u00e9 ou de bicicleta, oferecendo um tour por Goi\u00e2nia. A trilha \u00e9 de longo curso, com mais de 50 quil\u00f4metros de extens\u00e3o, e revela as belezas da cidade em quatro roteiros. <\/span><b>O Roteiro Art D\u00e9co: cultura e lazer<\/b><span style=\"font-weight: 400\"> prop\u00f5e uma caminhada pelas ruas da regi\u00e3o central de Goi\u00e2nia, destacando nossa arquitetura, nossa hist\u00f3ria, nossa cultura, nossa comida e nossas atra\u00e7\u00f5es de lazer. Esse roteiro \u00e9 dividido em tr\u00eas trechos, que chamamos carinhosamente de P\u00e9talas. Os outros tr\u00eas roteiros exploram os parques e pra\u00e7as da cidade e s\u00e3o voltados para ciclistas. S\u00e3o eles: <\/span><b>Roteiro Parques I: do Lago das Rosas ao Jardim Bot\u00e2nico<\/b><span style=\"font-weight: 400\">; <\/span><b>Roteiro Parques II: do Lago das Rosas ao Macambira Anicuns<\/b><span style=\"font-weight: 400\">; e <\/span><b>Roteiro Pra\u00e7as: do Lago das Rosas \u00e0 Pra\u00e7a do Amor.<\/b><\/p>\n<p><b>O Caminho dos Bougainvilles &#8211; <\/b><span style=\"font-weight: 400\">55,1 km<\/span><\/p>\n\n\n<p><strong>Modalidade:<\/strong>&nbsp;Caminhada e ciclismo  <strong>Estrutura\u00e7\u00e3o da Trilha:<\/strong>&nbsp;4 roteiros<img decoding=\"async\" src=\"https:\/\/lh7-rt.googleusercontent.com\/docsz\/AD_4nXc-DQJEPN-WP756aX5nKnvRPJPPT0_zCsD5wLjlz2TyjihZp7xi-dj6qzLm5afvmeFA7tSwk6IN1ox_Qht5IyXfo9Sj17Hs0wRcqsKkBYzQzeF6xDYGZ-c0gNrvdnJQe9JGrv7pg96MTn8hFfLRfxc?key=GUO1jfhVnjgI8ZWyZ9byFQ\" style=\"width: 900px\"><\/p>\n\n\n\n<p><strong>Parque Vaca Brava (Foto: Jackson Rodrigues)<\/strong><\/p>\n\n\n\n<p><strong><img decoding=\"async\" src=\"https:\/\/lh7-rt.googleusercontent.com\/docsz\/AD_4nXcxR5H-hBwJbiKmfRLh4036-lWZKslrZMlDDLqGYR9Y3aWKqggGITLIW4iljrvADgYwLGPqBP_LmieTQHzocoSuKCu_xV4yAQc-9_O5atfelbE3ssyw7GSE5u8bij3E50nHUPbghcKyBTOQu_Ifa14?key=GUO1jfhVnjgI8ZWyZ9byFQ\" style=\"width: 900px\"><\/strong><\/p>\n\n\n\n<p><strong>Pra\u00e7a do Amor (Foto: Jackson Rodrigues)<\/strong><\/p>\n\n\n\n<p><img decoding=\"async\" src=\"https:\/\/lh7-rt.googleusercontent.com\/docsz\/AD_4nXcDput7FBRvBeE_coROfRzBIyYO08QB7lp6LwSdhhZsL5gP_rpe3tVQbHu72BU2rHE1tfh8G80ClcbksWkKjMiuP24jMMOiN_K-ugyawDKtCqhYVIfkAUtAa3DYzImAGjz66UT-Q3VgOFGJ_74c2Ac?key=GUO1jfhVnjgI8ZWyZ9byFQ\" style=\"width: 900px\"><\/p>\n\n\n\n<p><strong>Esta\u00e7\u00e3o Ferrovi\u00e1ria (Foto: Jackson Rodrigues)\u00a0<\/strong><\/p>\n\n\n\n<p><strong><img decoding=\"async\" src=\"https:\/\/lh7-rt.googleusercontent.com\/docsz\/AD_4nXeJPxVacydT0h3mpsR1QbEyMKBMWZvLj_si7aDBcXhxmVmGIGq4WnuP4l4IFOrEN43XGYIkXUJSj1MMTIdpcdmHIJtChWVLRCUAyElO4MvwNMsWhfxUN0_83ajM-3FS6WwvsVFSrk5W2twpa5Iz1Q?key=GUO1jfhVnjgI8ZWyZ9byFQ\" style=\"width: 900px\"><\/strong><\/p>\n\n\n\n<p><strong>Mutirama (Foto: Wellington Martins)<\/strong><\/p>\n\n\n\n<p><strong><img decoding=\"async\" src=\"https:\/\/lh7-rt.googleusercontent.com\/docsz\/AD_4nXdOD-9G2sDDt9axrPe0oS27bUS1OgdCQCAlIH4xPX36BgHJo_2bY0KmpnSGS7CebaBtexIhPMvRvWhQTYndQ6qot67xcucdPypzMTBnWauVvgJMM4CbzBckfgKMjK1o8sVl22SmUyI1X6-bORuyntc?key=GUO1jfhVnjgI8ZWyZ9byFQ\" style=\"width: 900px\"><\/strong><\/p>\n\n\n\n<p><\/p>\n","protected":false},"excerpt":{"rendered":"<p>O Caminho dos Bougainvilles \u00e9 composto por trilhas urbanas que podem ser percorridas a p\u00e9 ou de bicicleta, oferecendo um tour por Goi\u00e2nia. A trilha \u00e9 de longo curso, com mais de 50 quil\u00f4metros de extens\u00e3o, e revela as belezas da cidade em quatro roteiros. O Roteiro Art D\u00e9co: cultura e lazer prop\u00f5e uma caminhada [&hellip;]<\/p>\n","protected":false},"author":1,"featured_media":0,"parent":0,"menu_order":3,"comment_status":"closed","ping_status":"closed","template":"","meta":{"_acf_changed":false,"custom_icon_class":"","footnotes":""},"class_list":["post-1362","page","type-page","status-publish","hentry"],"acf":[],"_links":{"self":[{"href":"https:\/\/www.goiania.go.gov.br\/goianiatur\/wp-json\/wp\/v2\/pages\/1362","targetHints":{"allow":["GET"]}}],"collection":[{"href":"https:\/\/www.goiania.go.gov.br\/goianiatur\/wp-json\/wp\/v2\/pages"}],"about":[{"href":"https:\/\/www.goiania.go.gov.br\/goianiatur\/wp-json\/wp\/v2\/types\/page"}],"author":[{"embeddable":true,"href":"https:\/\/www.goiania.go.gov.br\/goianiatur\/wp-json\/wp\/v2\/users\/1"}],"replies":[{"embeddable":true,"href":"https:\/\/www.goiania.go.gov.br\/goianiatur\/wp-json\/wp\/v2\/comments?post=1362"}],"version-history":[{"count":7,"href":"https:\/\/www.goiania.go.gov.br\/goianiatur\/wp-json\/wp\/v2\/pages\/1362\/revisions"}],"predecessor-version":[{"id":1724,"href":"https:\/\/www.goiania.go.gov.br\/goianiatur\/wp-json\/wp\/v2\/pages\/1362\/revisions\/1724"}],"wp:attachment":[{"href":"https:\/\/www.goiania.go.gov.br\/goianiatur\/wp-json\/wp\/v2\/media?parent=1362"}],"curies":[{"name":"wp","href":"https:\/\/api.w.org\/{rel}","templated":true}]}}