{"id":110,"date":"2020-05-18T14:53:41","date_gmt":"2020-05-18T17:53:41","guid":{"rendered":"https:\/\/www.goiania.go.gov.br\/agetul\/eventos\/"},"modified":"2026-01-12T08:51:11","modified_gmt":"2026-01-12T11:51:11","slug":"eventos","status":"publish","type":"page","link":"https:\/\/www.goiania.go.gov.br\/goianiatur\/eventos\/","title":{"rendered":"Eventos"},"content":{"rendered":"\n<p>A Ger\u00eancia de Eventos, vinculada \u00e0 Diretoria de Promo\u00e7\u00e3o de Eventos da Goi\u00e2niaTur, atua no fortalecimento, na articula\u00e7\u00e3o e na promo\u00e7\u00e3o dos eventos tur\u00edsticos do munic\u00edpio, com foco na valoriza\u00e7\u00e3o da cidade e no engajamento da comunidade.<\/p>\n\n\n\n<p>Entre suas atribui\u00e7\u00f5es est\u00e3o o est\u00edmulo e o apoio \u00e0 participa\u00e7\u00e3o da popula\u00e7\u00e3o nos eventos tur\u00edsticos promovidos pela Goi\u00e2niaTur, bem como a proposi\u00e7\u00e3o, o acompanhamento e o encaminhamento de parcerias p\u00fablico-privadas voltadas \u00e0 realiza\u00e7\u00e3o e ao fortalecimento desses eventos.<\/p>\n\n\n\n<p>A Ger\u00eancia tamb\u00e9m participa e colabora com entidades p\u00fablicas, organiza\u00e7\u00f5es da sociedade civil sem fins lucrativos e empresas privadas que atuam no desenvolvimento de eventos tur\u00edsticos em Goi\u00e2nia. Cabe ainda \u00e0 unidade o cadastramento e a divulga\u00e7\u00e3o do calend\u00e1rio dos principais eventos tur\u00edsticos do munic\u00edpio, contribuindo para a organiza\u00e7\u00e3o, a visibilidade e o planejamento do setor.<\/p>\n\n\n\n<p>Outras atividades correlatas podem ser desempenhadas conforme as diretrizes estabelecidas pela Diretoria de Promo\u00e7\u00e3o de Eventos.<\/p>\n","protected":false},"excerpt":{"rendered":"<p>A Ger\u00eancia de Eventos, vinculada \u00e0 Diretoria de Promo\u00e7\u00e3o de Eventos da Goi\u00e2niaTur, atua no fortalecimento, na articula\u00e7\u00e3o e na promo\u00e7\u00e3o dos eventos tur\u00edsticos do munic\u00edpio, com foco na valoriza\u00e7\u00e3o da cidade e no engajamento da comunidade. Entre suas atribui\u00e7\u00f5es est\u00e3o o est\u00edmulo e o apoio \u00e0 participa\u00e7\u00e3o da popula\u00e7\u00e3o nos eventos tur\u00edsticos promovidos pela [&hellip;]<\/p>\n","protected":false},"author":56,"featured_media":0,"parent":0,"menu_order":4,"comment_status":"closed","ping_status":"closed","template":"","meta":{"_acf_changed":false,"custom_icon_class":"","footnotes":""},"class_list":["post-110","page","type-page","status-publish","hentry"],"acf":[],"_links":{"self":[{"href":"https:\/\/www.goiania.go.gov.br\/goianiatur\/wp-json\/wp\/v2\/pages\/110","targetHints":{"allow":["GET"]}}],"collection":[{"href":"https:\/\/www.goiania.go.gov.br\/goianiatur\/wp-json\/wp\/v2\/pages"}],"about":[{"href":"https:\/\/www.goiania.go.gov.br\/goianiatur\/wp-json\/wp\/v2\/types\/page"}],"author":[{"embeddable":true,"href":"https:\/\/www.goiania.go.gov.br\/goianiatur\/wp-json\/wp\/v2\/users\/56"}],"replies":[{"embeddable":true,"href":"https:\/\/www.goiania.go.gov.br\/goianiatur\/wp-json\/wp\/v2\/comments?post=110"}],"version-history":[{"count":2,"href":"https:\/\/www.goiania.go.gov.br\/goianiatur\/wp-json\/wp\/v2\/pages\/110\/revisions"}],"predecessor-version":[{"id":1738,"href":"https:\/\/www.goiania.go.gov.br\/goianiatur\/wp-json\/wp\/v2\/pages\/110\/revisions\/1738"}],"wp:attachment":[{"href":"https:\/\/www.goiania.go.gov.br\/goianiatur\/wp-json\/wp\/v2\/media?parent=110"}],"curies":[{"name":"wp","href":"https:\/\/api.w.org\/{rel}","templated":true}]}}