{"id":778,"date":"2020-07-10T11:21:48","date_gmt":"2020-07-10T14:21:48","guid":{"rendered":"https:\/\/www.goiania.go.gov.br\/conselhotributario\/?page_id=778"},"modified":"2024-02-26T07:57:57","modified_gmt":"2024-02-26T10:57:57","slug":"sumulas","status":"publish","type":"page","link":"https:\/\/www.goiania.go.gov.br\/conselhotributario\/sumulas\/","title":{"rendered":"S\u00famulas"},"content":{"rendered":"\n<ul class=\"wp-block-list\"><li><a href=\"https:\/\/www.goiania.go.gov.br\/conselhotributario\/wp-content\/uploads\/sites\/24\/2024\/02\/Alteracao-Sumula-01.pdf\">S\u00daMULA CTF n\u00ba 1 (VINCULANTE):<\/a>\u00a0Compete ao Corpo de Julgadores de Primeira Inst\u00e2ncia do Conselho Tribut\u00e1rio Fiscal de Goi\u00e2nia o julgamento, em inst\u00e2ncia \u00fanica, das pe\u00e7as defens\u00f3rias relativas a cr\u00e9dito tribut\u00e1rio, ajuizado ou n\u00e3o, desde que se trate de defesa apresentada uma \u00fanica vez, fundamentada em prova de erro de fato.<\/li><\/ul>\n\n\n\n<ul class=\"wp-block-list\"><li><a href=\"https:\/\/www.goiania.go.gov.br\/conselhotributario\/wp-content\/uploads\/sites\/24\/2022\/08\/Sumula-02-CTF-12.05.2022.pdf\">S\u00daMULA CTF n\u00ba 2 (VINCULANTE):<\/a> A propositura pelo sujeito passivo de a\u00e7\u00e3o judicial por qualquer modalidade processual, antes ou depois do lan\u00e7amento, com o mesmo objeto do processo administrativo, importa ren\u00fancia \u00e0s inst\u00e2ncias administrativas e desist\u00eancia do lit\u00edgio pelo autuado, tendo o curso do processo administrativo tribut\u00e1rio prosseguimento apenas em rela\u00e7\u00e3o \u00e0 mat\u00e9ria distinta e independente da constante do processo judicial.<\/li><\/ul>\n\n\n\n<ul class=\"wp-block-list\"><li><a href=\"https:\/\/www.goiania.go.gov.br\/conselhotributario\/wp-content\/uploads\/sites\/24\/2023\/08\/Sumulas-no-03-a-06.pdf\">S\u00daMULAS CTF n\u00ba 03 a 06:<\/a> <\/li><li>S\u00famula 03 &#8211; N\u00e3o se aplica o instituto da prescri\u00e7\u00e3o intercorrente no processo administrativo fiscal, por aus\u00eancia de expressa previs\u00e3o legal. <\/li><li>S\u00famula 04 &#8211; N\u00e3o h\u00e1 necessidade de apresenta\u00e7\u00e3o pela autoridade autuante de contrarraz\u00f5es ao recurso de of\u00edcio.<\/li><li>S\u00famula 05 &#8211; N\u00e3o corre o prazo prescricional previsto nas Leis Municipais n\u00ba 8.741\/08 e 8.887\/10 enquanto houver processo administrativo pendente de decis\u00e3o definitiva.<\/li><li>S\u00famula 06 &#8211; \u00c9 nulo o auto de infra\u00e7\u00e3o lavrado em desfavor de sujeito passivo sem personalidade jur\u00eddica pr\u00f3pria.<\/li><\/ul>\n\n\n\n<ul class=\"wp-block-list\"><li><a href=\"https:\/\/www.goiania.go.gov.br\/conselhotributario\/wp-content\/uploads\/sites\/24\/2023\/08\/Sumulas-no-07-a-10.pdf\">S\u00daMULAS CTF n\u00ba 07 a 10 (VINCULANTES):<\/a><\/li><li>S\u00famula 07 &#8211; \u00c9 nulo, por v\u00edcio formal, o auto de infra\u00e7\u00e3o que n\u00e3o contenha a assinatura, f\u00edsica ou eletr\u00f4nica, da autoridade lan\u00e7adora.<\/li><li>S\u00famula 08 &#8211; Ingressos financeiros que representam mero tr\u00e2nsito de valores presentes em extratos banc\u00e1rios tais como, transfer\u00eancias de mesma titularidade, resgate de investimentos, empr\u00e9stimos e similares, n\u00e3o configuram receita para fins de tributa\u00e7\u00e3o do Imposto Sobre Servi\u00e7os.<\/li><li>S\u00famula 09 &#8211; \u00c9 nulo o auto de infra\u00e7\u00e3o cujo cadastro n\u00e3o especifique de forma clara a atividade do profissional aut\u00f4nomo ou cuja atividade tenha sido extinta por ato normativo.<\/li><li>S\u00famula 10 &#8211; A ades\u00e3o ao parcelamento, efetuada pelo sujeito passivo ou seu representante legal, constitui confiss\u00e3o irrevog\u00e1vel e irretrat\u00e1vel da d\u00edvida relativa aos d\u00e9bitos nele inclu\u00eddos e implica em ren\u00fancia a qualquer defesa ou recurso administrativo, bem como desist\u00eancia dos j\u00e1 interpostos.<\/li><\/ul>\n\n\n\n<p><\/p>\n","protected":false},"excerpt":{"rendered":"<p>S\u00daMULA CTF n\u00ba 1 (VINCULANTE):\u00a0Compete ao Corpo de Julgadores de Primeira Inst\u00e2ncia do Conselho Tribut\u00e1rio Fiscal de Goi\u00e2nia o julgamento, em inst\u00e2ncia \u00fanica, das pe\u00e7as defens\u00f3rias relativas a cr\u00e9dito tribut\u00e1rio, ajuizado ou n\u00e3o, desde que se trate de defesa apresentada uma \u00fanica vez, fundamentada em prova de erro de fato. S\u00daMULA CTF n\u00ba 2 (VINCULANTE): [&hellip;]<\/p>\n","protected":false},"author":1,"featured_media":0,"parent":0,"menu_order":1,"comment_status":"closed","ping_status":"closed","template":"","meta":{"_acf_changed":false,"custom_icon_class":"","footnotes":""},"class_list":["post-778","page","type-page","status-publish","hentry"],"acf":[],"_links":{"self":[{"href":"https:\/\/www.goiania.go.gov.br\/conselhotributario\/wp-json\/wp\/v2\/pages\/778","targetHints":{"allow":["GET"]}}],"collection":[{"href":"https:\/\/www.goiania.go.gov.br\/conselhotributario\/wp-json\/wp\/v2\/pages"}],"about":[{"href":"https:\/\/www.goiania.go.gov.br\/conselhotributario\/wp-json\/wp\/v2\/types\/page"}],"author":[{"embeddable":true,"href":"https:\/\/www.goiania.go.gov.br\/conselhotributario\/wp-json\/wp\/v2\/users\/1"}],"replies":[{"embeddable":true,"href":"https:\/\/www.goiania.go.gov.br\/conselhotributario\/wp-json\/wp\/v2\/comments?post=778"}],"version-history":[{"count":8,"href":"https:\/\/www.goiania.go.gov.br\/conselhotributario\/wp-json\/wp\/v2\/pages\/778\/revisions"}],"predecessor-version":[{"id":2216,"href":"https:\/\/www.goiania.go.gov.br\/conselhotributario\/wp-json\/wp\/v2\/pages\/778\/revisions\/2216"}],"wp:attachment":[{"href":"https:\/\/www.goiania.go.gov.br\/conselhotributario\/wp-json\/wp\/v2\/media?parent=778"}],"curies":[{"name":"wp","href":"https:\/\/api.w.org\/{rel}","templated":true}]}}