{"id":769,"date":"2020-07-10T11:02:59","date_gmt":"2020-07-10T14:02:59","guid":{"rendered":"https:\/\/www.goiania.go.gov.br\/conselhotributario\/?page_id=769"},"modified":"2024-10-30T10:27:49","modified_gmt":"2024-10-30T13:27:49","slug":"legislacao","status":"publish","type":"page","link":"https:\/\/www.goiania.go.gov.br\/conselhotributario\/legislacao\/","title":{"rendered":"Legisla\u00e7\u00e3o"},"content":{"rendered":"\n<ul class=\"wp-block-list\">\n<li><a href=\"https:\/\/www.goiania.go.gov.br\/conselhotributario\/wp-content\/uploads\/sites\/24\/2024\/10\/Decreto-n.-4.486.pdf\">ALTERA\u00c7\u00c3O REGIMENTO INTERNO DO CONSELHO TRIBUT\u00c1RIO FISCAL<\/a><\/li>\n<\/ul>\n\n\n\n<p>Decreto n\u00ba 4.486, de 29 de outubro de 2024 &#8211; &#8216;Altera o Decreto n\u00ba 1.405, de 11 de abril de 2017, para atualiza\u00e7\u00e3o e aprimoramento normativo&#8217;.<\/p>\n\n\n\n<ul class=\"wp-block-list\">\n<li><a href=\"http:\/\/www.goiania.go.gov.br\/html\/gabinete_civil\/sileg\/dados\/legis\/2016\/lo_20160202_000009748.html\" target=\"_blank\" rel=\"noreferrer noopener\">CONSELHO TRIBUT\u00c1RIO FISCAL DE GOI\u00c2NIA<\/a><\/li>\n<\/ul>\n\n\n\n<p>Lei n\u00ba 9.748, de 02 de fevereiro de 2016 &#8211; &#8216;Cria o Conselho Tribut\u00e1rio Fiscal de Goi\u00e2nia, disp\u00f5e sobre sua estrutura\u00e7\u00e3o, funcionamento e d\u00e1 outras provid\u00eancias&#8217;.<\/p>\n\n\n\n<ul class=\"wp-block-list\">\n<li><a rel=\"noreferrer noopener\" href=\"https:\/\/www.goiania.go.gov.br\/html\/gabinete_civil\/sileg\/dados\/legis\/2021\/lc_20210930_000000344.html\" target=\"_blank\">C\u00d3DIGO TRIBUT\u00c1RIO DO MUNIC\u00cdPIO DE GOI\u00c2NI<\/a><a href=\"https:\/\/www.goiania.go.gov.br\/html\/gabinete_civil\/sileg\/dados\/legis\/2021\/lc_20210930_000000344.html\" target=\"_blank\" rel=\"noreferrer noopener\">A<\/a><\/li>\n<\/ul>\n\n\n\n<p>Lei Complementar n\u00ba 344, de 30 de setembro de 2021 &#8211; &#8216;Disp\u00f5e sobre o C\u00f3digo Tribut\u00e1rio do Munic\u00edpio de Goi\u00e2nia&#8217;.<\/p>\n\n\n\n<ul class=\"wp-block-list\">\n<li><a href=\"http:\/\/www.goiania.go.gov.br\/html\/gabinete_civil\/sileg\/dados\/legis\/2017\/dc_20170411_000001405.html\">REGIMENTO INTERNO DO CONSELHO TRIBUT\u00c1RIO FISCAL<\/a><\/li>\n<\/ul>\n\n\n\n<p>Decreto n\u00ba 1.405, de 11 de abril de 2017 &#8211; &#8216;Aprova o Regimento Interno do Conselho Tribut\u00e1rio Fiscal de Goi\u00e2nia (CTF)&#8217;.<\/p>\n\n\n\n<ul class=\"wp-block-list\">\n<li><a href=\"https:\/\/www.goiania.go.gov.br\/conselhotributario\/wp-content\/uploads\/sites\/24\/2024\/04\/Instrucao-Normativa-01-2018.pdf\" target=\"_blank\" rel=\"noreferrer noopener\">Instru\u00e7\u00e3o Normativa n\u00b0 01\/2018\/CTF<\/a> &#8211; Julgamento em Bloco<\/li>\n\n\n\n<li><a href=\"https:\/\/www.goiania.go.gov.br\/conselhotributario\/wp-content\/uploads\/sites\/24\/2024\/06\/Instrucao-Normativa-02-2018.pdf\" target=\"_blank\" rel=\"noreferrer noopener\">Instru\u00e7\u00e3o Normativa n\u00b0 02\/2018\/CTF<\/a> &#8211; Prioridade de Tramita\u00e7\u00e3o<\/li>\n\n\n\n<li><a href=\"https:\/\/www.goiania.go.gov.br\/conselhotributario\/wp-content\/uploads\/sites\/24\/2022\/04\/Instrucao-Normativa-01-2022.pdf\">Instru\u00e7\u00e3o Normativa n\u00b0 01\/2022\/CTF <\/a>&#8211; Procedimentos e Prazos para a Lavratura de Ac\u00f3rd\u00e3os<\/li>\n\n\n\n<li><a href=\"https:\/\/www.goiania.go.gov.br\/conselhotributario\/wp-content\/uploads\/sites\/24\/2023\/04\/PORTARIA-SEFIN-17-2023.pdf\">Portaria Sefin n\u00ba 17\/2023<\/a> &#8211; Disciplina os procedimentos para atendimento presencial e o despacho de memoriais junto aos Conselheiros do CTF<\/li>\n\n\n\n<li><a href=\"https:\/\/www.goiania.go.gov.br\/conselhotributario\/wp-content\/uploads\/sites\/24\/2023\/07\/Diario-oficial-07.07-1.pdf\">Portaria Sefin n\u00ba 34\/2023<\/a> &#8211; Institui o procedimento aplic\u00e1vel para suspens\u00e3o da exigibilidade do cr\u00e9dito tribut\u00e1rio, no \u00e2mbito do Conselho Tribut\u00e1rio Fiscal de Goi\u00e2nia &#8211; CTF<\/li>\n\n\n\n<li><a href=\"https:\/\/www.goiania.go.gov.br\/conselhotributario\/wp-content\/uploads\/sites\/24\/2023\/11\/IN-11-2023-Procedimentos-Diligencia.pdf\">Instru\u00e7\u00e3o Normativa n\u00ba 11\/2023 &#8211; <\/a>Estabelece o procedimento e requisitos para convers\u00e3o de julgamento em dilig\u00eancia no \u00e2mbito do Conselho Tribut\u00e1rio Fiscal<\/li>\n\n\n\n<li><a rel=\"noreferrer noopener\" href=\"https:\/\/www.goiania.go.gov.br\/conselhotributario\/wp-content\/uploads\/sites\/24\/2023\/12\/IN-12-2023-sessoes-virtuais.pdf\" target=\"_blank\">Instru\u00e7\u00e3o Normativa n\u00b0 12\/2023\/CTF <\/a>&#8211; Disciplina o uso de Videoconfer\u00eancia nas sess\u00f5es de julgamento de processos no \u00e2mbito do Conselho Tribut\u00e1rio Fiscal<\/li>\n<\/ul>\n\n\n\n<p><\/p>\n","protected":false},"excerpt":{"rendered":"<p>Decreto n\u00ba 4.486, de 29 de outubro de 2024 &#8211; &#8216;Altera o Decreto n\u00ba 1.405, de 11 de abril de 2017, para atualiza\u00e7\u00e3o e aprimoramento normativo&#8217;. Lei n\u00ba 9.748, de 02 de fevereiro de 2016 &#8211; &#8216;Cria o Conselho Tribut\u00e1rio Fiscal de Goi\u00e2nia, disp\u00f5e sobre sua estrutura\u00e7\u00e3o, funcionamento e d\u00e1 outras provid\u00eancias&#8217;. Lei Complementar n\u00ba [&hellip;]<\/p>\n","protected":false},"author":1,"featured_media":0,"parent":0,"menu_order":0,"comment_status":"closed","ping_status":"closed","template":"","meta":{"_acf_changed":false,"custom_icon_class":"","footnotes":""},"class_list":["post-769","page","type-page","status-publish","hentry"],"acf":[],"_links":{"self":[{"href":"https:\/\/www.goiania.go.gov.br\/conselhotributario\/wp-json\/wp\/v2\/pages\/769","targetHints":{"allow":["GET"]}}],"collection":[{"href":"https:\/\/www.goiania.go.gov.br\/conselhotributario\/wp-json\/wp\/v2\/pages"}],"about":[{"href":"https:\/\/www.goiania.go.gov.br\/conselhotributario\/wp-json\/wp\/v2\/types\/page"}],"author":[{"embeddable":true,"href":"https:\/\/www.goiania.go.gov.br\/conselhotributario\/wp-json\/wp\/v2\/users\/1"}],"replies":[{"embeddable":true,"href":"https:\/\/www.goiania.go.gov.br\/conselhotributario\/wp-json\/wp\/v2\/comments?post=769"}],"version-history":[{"count":9,"href":"https:\/\/www.goiania.go.gov.br\/conselhotributario\/wp-json\/wp\/v2\/pages\/769\/revisions"}],"predecessor-version":[{"id":2434,"href":"https:\/\/www.goiania.go.gov.br\/conselhotributario\/wp-json\/wp\/v2\/pages\/769\/revisions\/2434"}],"wp:attachment":[{"href":"https:\/\/www.goiania.go.gov.br\/conselhotributario\/wp-json\/wp\/v2\/media?parent=769"}],"curies":[{"name":"wp","href":"https:\/\/api.w.org\/{rel}","templated":true}]}}