{"id":765,"date":"2020-07-10T11:00:53","date_gmt":"2020-07-10T14:00:53","guid":{"rendered":"https:\/\/www.goiania.go.gov.br\/conselhotributario\/?page_id=765"},"modified":"2026-03-18T10:20:12","modified_gmt":"2026-03-18T13:20:12","slug":"edital-de-intimacao","status":"publish","type":"page","link":"https:\/\/www.goiania.go.gov.br\/conselhotributario\/edital-de-intimacao\/","title":{"rendered":"Edital de Intima\u00e7\u00e3o"},"content":{"rendered":"\n<p><a href=\"https:\/\/www.goiania.go.gov.br\/conselhotributario\/edital-de-intimacao\/edital-de-intimacao-2026\/\">Edital de Intima\u00e7\u00e3o &#8211; 2026<\/a><\/p>\n\n\n\n<p><a href=\"https:\/\/www.goiania.go.gov.br\/conselhotributario\/edital-de-intimacao\/edital-de-intimacao-2025\/\">Edital de Intima\u00e7\u00e3o &#8211; 2025<\/a><\/p>\n\n\n\n<p><a href=\"https:\/\/www.goiania.go.gov.br\/conselhotributario\/edital-de-intimacao\/edital-de-intimacao-2024\/\">Edital de Intima\u00e7\u00e3o &#8211; 2024<\/a><\/p>\n\n\n\n<p><a href=\"https:\/\/www.goiania.go.gov.br\/conselhotributario\/edital-de-intimacao\/edital-de-intimacao-2023\/\">Edital de Intima\u00e7\u00e3o &#8211; 2023<\/a><\/p>\n\n\n\n<p><a href=\"https:\/\/www.goiania.go.gov.br\/conselhotributario\/edital-de-intimacao\/edital-de-intimacao-2022\/\">Edital de Intima\u00e7\u00e3o &#8211; 2022<\/a><\/p>\n\n\n\n<p><a href=\"https:\/\/www.goiania.go.gov.br\/conselhotributario\/edital-de-intimacao\/edital-de-intimacao-2021\/\">Edital de Intima\u00e7\u00e3o &#8211; 2021<\/a><\/p>\n","protected":false},"excerpt":{"rendered":"<p>Edital de Intima\u00e7\u00e3o &#8211; 2026 Edital de Intima\u00e7\u00e3o &#8211; 2025 Edital de Intima\u00e7\u00e3o &#8211; 2024 Edital de Intima\u00e7\u00e3o &#8211; 2023 Edital de Intima\u00e7\u00e3o &#8211; 2022 Edital de Intima\u00e7\u00e3o &#8211; 2021<\/p>\n","protected":false},"author":1,"featured_media":0,"parent":0,"menu_order":10,"comment_status":"closed","ping_status":"closed","template":"","meta":{"_acf_changed":false,"custom_icon_class":"","footnotes":""},"class_list":["post-765","page","type-page","status-publish","hentry"],"acf":[],"_links":{"self":[{"href":"https:\/\/www.goiania.go.gov.br\/conselhotributario\/wp-json\/wp\/v2\/pages\/765","targetHints":{"allow":["GET"]}}],"collection":[{"href":"https:\/\/www.goiania.go.gov.br\/conselhotributario\/wp-json\/wp\/v2\/pages"}],"about":[{"href":"https:\/\/www.goiania.go.gov.br\/conselhotributario\/wp-json\/wp\/v2\/types\/page"}],"author":[{"embeddable":true,"href":"https:\/\/www.goiania.go.gov.br\/conselhotributario\/wp-json\/wp\/v2\/users\/1"}],"replies":[{"embeddable":true,"href":"https:\/\/www.goiania.go.gov.br\/conselhotributario\/wp-json\/wp\/v2\/comments?post=765"}],"version-history":[{"count":8,"href":"https:\/\/www.goiania.go.gov.br\/conselhotributario\/wp-json\/wp\/v2\/pages\/765\/revisions"}],"predecessor-version":[{"id":2828,"href":"https:\/\/www.goiania.go.gov.br\/conselhotributario\/wp-json\/wp\/v2\/pages\/765\/revisions\/2828"}],"wp:attachment":[{"href":"https:\/\/www.goiania.go.gov.br\/conselhotributario\/wp-json\/wp\/v2\/media?parent=765"}],"curies":[{"name":"wp","href":"https:\/\/api.w.org\/{rel}","templated":true}]}}