{"id":745,"date":"2019-05-13T11:37:32","date_gmt":"2020-07-10T13:32:50","guid":{"rendered":"https:\/\/www.goiania.go.gov.br\/conselhotributario\/?page_id=745"},"modified":"2026-03-18T10:24:48","modified_gmt":"2026-03-18T13:24:48","slug":"atas-colegio-pleno-fiscal","status":"publish","type":"page","link":"https:\/\/www.goiania.go.gov.br\/conselhotributario\/atas-colegio-pleno-fiscal\/","title":{"rendered":"Atas Col\u00e9gio Pleno Fiscal"},"content":{"rendered":"\n<p><a href=\"https:\/\/www.goiania.go.gov.br\/conselhotributario\/atas-colegio-pleno-fiscal\/atas-colegio-pleno-fiscal-2026\/\">Atas Col\u00e9gio Pleno Fiscal &#8211; 2026<\/a><\/p>\n\n\n\n<p><a href=\"https:\/\/www.goiania.go.gov.br\/conselhotributario\/atas-colegio-pleno-fiscal\/atas-colegio-pleno-fiscal-2025\/\">Atas Col\u00e9gio Pleno Fiscal &#8211; 2025<\/a><\/p>\n\n\n\n<p><a href=\"https:\/\/www.goiania.go.gov.br\/conselhotributario\/atas-colegio-pleno-fiscal\/atas-colegio-pleno-fiscal-2024\/\">Atas Col\u00e9gio Pleno Fiscal &#8211; 2024<\/a><\/p>\n\n\n\n<p><a href=\"https:\/\/www.goiania.go.gov.br\/conselhotributario\/atas-colegio-pleno-fiscal\/atas-colegio-pleno-fiscal-2023\/\">Atas Col\u00e9gio Pleno Fiscal &#8211; 2023<\/a><\/p>\n\n\n\n<p><a href=\"https:\/\/www.goiania.go.gov.br\/conselhotributario\/atas-colegio-pleno-fiscal\/atas-colegio-pleno-fiscal-2022\/\">Atas Col\u00e9gio Pleno Fiscal &#8211; 2022<\/a><\/p>\n\n\n\n<p><a href=\"https:\/\/www.goiania.go.gov.br\/conselhotributario\/atas-colegio-pleno-fiscal\/atas-colegio-pleno-fiscal-2020\/\">Atas Col\u00e9gio Pleno Fiscal &#8211; 2021<\/a><\/p>\n\n\n\n<p><a href=\"https:\/\/www.goiania.go.gov.br\/conselhotributario\/atas-colegio-pleno-fiscal\/atas-colegio-pleno-fiscal-2020\/\">Atas Col\u00e9gio Pleno Fiscal &#8211; 2020<\/a><\/p>\n\n\n\n<p><a href=\"https:\/\/www.goiania.go.gov.br\/conselhotributario\/atas-colegio-pleno-fiscal\/atas-colegio-pleno-fiscal-2019\/\">Atas Col\u00e9gio Pleno Fiscal &#8211; 2019<\/a><\/p>\n\n\n\n<p><a href=\"https:\/\/www.goiania.go.gov.br\/conselhotributario\/atas-colegio-pleno-fiscal\/atas-colegio-pleno-fiscal-2018\/\">Atas Col\u00e9gio Pleno Fiscal &#8211; 2018<\/a><\/p>\n\n\n\n<p><a href=\"https:\/\/www.goiania.go.gov.br\/conselhotributario\/atas-colegio-pleno-fiscal\/atas-colegio-pleno-fiscal-2017\/\">Atas Col\u00e9gio Pleno Fiscal &#8211; 2017<\/a><\/p>\n","protected":false},"excerpt":{"rendered":"<p>Atas Col\u00e9gio Pleno Fiscal &#8211; 2026 Atas Col\u00e9gio Pleno Fiscal &#8211; 2025 Atas Col\u00e9gio Pleno Fiscal &#8211; 2024 Atas Col\u00e9gio Pleno Fiscal &#8211; 2023 Atas Col\u00e9gio Pleno Fiscal &#8211; 2022 Atas Col\u00e9gio Pleno Fiscal &#8211; 2021 Atas Col\u00e9gio Pleno Fiscal &#8211; 2020 Atas Col\u00e9gio Pleno Fiscal &#8211; 2019 Atas Col\u00e9gio Pleno Fiscal &#8211; 2018 Atas [&hellip;]<\/p>\n","protected":false},"author":1,"featured_media":0,"parent":0,"menu_order":7,"comment_status":"closed","ping_status":"closed","template":"","meta":{"_acf_changed":false,"custom_icon_class":"","footnotes":""},"class_list":["post-745","page","type-page","status-publish","hentry"],"acf":[],"_links":{"self":[{"href":"https:\/\/www.goiania.go.gov.br\/conselhotributario\/wp-json\/wp\/v2\/pages\/745","targetHints":{"allow":["GET"]}}],"collection":[{"href":"https:\/\/www.goiania.go.gov.br\/conselhotributario\/wp-json\/wp\/v2\/pages"}],"about":[{"href":"https:\/\/www.goiania.go.gov.br\/conselhotributario\/wp-json\/wp\/v2\/types\/page"}],"author":[{"embeddable":true,"href":"https:\/\/www.goiania.go.gov.br\/conselhotributario\/wp-json\/wp\/v2\/users\/1"}],"replies":[{"embeddable":true,"href":"https:\/\/www.goiania.go.gov.br\/conselhotributario\/wp-json\/wp\/v2\/comments?post=745"}],"version-history":[{"count":10,"href":"https:\/\/www.goiania.go.gov.br\/conselhotributario\/wp-json\/wp\/v2\/pages\/745\/revisions"}],"predecessor-version":[{"id":2835,"href":"https:\/\/www.goiania.go.gov.br\/conselhotributario\/wp-json\/wp\/v2\/pages\/745\/revisions\/2835"}],"wp:attachment":[{"href":"https:\/\/www.goiania.go.gov.br\/conselhotributario\/wp-json\/wp\/v2\/media?parent=745"}],"curies":[{"name":"wp","href":"https:\/\/api.w.org\/{rel}","templated":true}]}}