{"id":696,"date":"2020-07-10T09:47:04","date_gmt":"2020-07-10T12:47:04","guid":{"rendered":"https:\/\/www.goiania.go.gov.br\/conselhotributario\/atas-colego-pleno-tributario\/atas-colegio-pleno-tributario-2020\/"},"modified":"2021-04-19T09:08:02","modified_gmt":"2021-04-19T12:08:02","slug":"atas-colegio-2020","status":"publish","type":"page","link":"https:\/\/www.goiania.go.gov.br\/conselhotributario\/atas-colegio-pleno-tributario\/atas-colegio-2020\/","title":{"rendered":"Atas Col\u00e9gio Pleno Tribut\u00e1rio &#8211; 2020"},"content":{"rendered":"\n<p><a rel=\"noreferrer noopener\" href=\"http:\/\/www.goiania.go.gov.br\/conselhotributario\/wp-uploads\/sites\/24\/2020\/07\/438606636226852.pdf\" target=\"_blank\">Ata Col\u00e9gio Pleno Tribut\u00e1rio 1\u00aa e 2\u00aa C\u00e2maras 29\/01\/2020<\/a><\/p>\n\n\n\n<p><a rel=\"noreferrer noopener\" href=\"http:\/\/www.goiania.go.gov.br\/conselhotributario\/wp-uploads\/sites\/24\/2020\/07\/ATA-COLEGIO-PLENO-VIRTUAL-1\u00aa-E-2\u00aa-CAMARAS-14.07.2020.pdf\" target=\"_blank\">Ata Col\u00e9gio Pleno Tribut\u00e1rio 1\u00aa e 2\u00aa C\u00e2maras 14\/07\/202<\/a><span class=\"has-inline-color has-vivid-cyan-blue-color\"><a rel=\"noreferrer noopener\" href=\"http:\/\/www.goiania.go.gov.br\/conselhotributario\/wp-uploads\/sites\/24\/2020\/07\/ATA-COLEGIO-PLENO-VIRTUAL-1\u00aa-E-2\u00aa-CAMARAS-14.07.2020.pdf\" target=\"_blank\">0<\/a> &#8211; Sess\u00e3o Virtual<\/span><\/p>\n\n\n\n<p><span class=\"has-inline-color has-pale-cyan-blue-color\"><a rel=\"noreferrer noopener\" href=\"http:\/\/www.goiania.go.gov.br\/conselhotributario\/wp-uploads\/sites\/24\/2020\/08\/ATA-COLEGIO-PLENO-VIRTUAL-1\u00aa-E-2\u00aa-CAMARAS-18.08.2020-1.pdf\" target=\"_blank\">Ata Col\u00e9gio Pleno Tribut\u00e1rio 1\u00aa e 2\u00aa C\u00e2maras 18\/08\/2020<\/a><\/span><span class=\"has-inline-color has-vivid-cyan-blue-color\"> &#8211; Sess\u00e3o Virtual<\/span><\/p>\n\n\n\n<p><span class=\"has-inline-color has-pale-cyan-blue-color\"><a rel=\"noreferrer noopener\" href=\"http:\/\/www.goiania.go.gov.br\/conselhotributario\/wp-uploads\/sites\/24\/2020\/09\/ATA-COLEGIO-PLENO-VIRTUAL-1a-E-2a-CAMARAS-10.09.2020.pdf\" target=\"_blank\">Ata Col\u00e9gio Pleno Tribut\u00e1rio 1\u00aa e 2\u00aa C\u00e2maras 10\/09\/2020<\/a><\/span><span class=\"has-inline-color has-vivid-cyan-blue-color\"> &#8211; Sess\u00e3o Virtual<\/span><\/p>\n\n\n\n<p><span class=\"has-inline-color has-pale-cyan-blue-color\"><a href=\"https:\/\/www.goiania.go.gov.br\/conselhotributario\/wp-uploads\/sites\/24\/2021\/04\/ATA-COLEGIO-PLENO-VIRTUAL-1a-E-2a-CAMARAS-30.09.2020.pdf\" target=\"_blank\" rel=\"noreferrer noopener\">Ata Col\u00e9gio Pleno Tribut\u00e1rio 1\u00aa e 2\u00aa C\u00e2maras 30\/09\/2020<\/a><\/span><span class=\"has-inline-color has-vivid-cyan-blue-color\"> &#8211; Sess\u00e3o Virtual<\/span><\/p>\n\n\n\n<p><span class=\"has-inline-color has-pale-cyan-blue-color\"><a href=\"https:\/\/www.goiania.go.gov.br\/conselhotributario\/wp-uploads\/sites\/24\/2021\/04\/ATA-COLEGIO-PLENO-VIRTUAL-1a-E-2a-CAMARAS-17.12.2020.pdf\" target=\"_blank\" rel=\"noreferrer noopener\">Ata Col\u00e9gio Pleno Tribut\u00e1rio 1\u00aa e 2\u00aa C\u00e2maras 17\/12\/2020<\/a><\/span><span class=\"has-inline-color has-vivid-cyan-blue-color\"> &#8211; Sess\u00e3o Virtual<\/span><\/p>\n","protected":false},"excerpt":{"rendered":"<p>Ata Col\u00e9gio Pleno Tribut\u00e1rio 1\u00aa e 2\u00aa C\u00e2maras 29\/01\/2020 Ata Col\u00e9gio Pleno Tribut\u00e1rio 1\u00aa e 2\u00aa C\u00e2maras 14\/07\/2020 &#8211; Sess\u00e3o Virtual Ata Col\u00e9gio Pleno Tribut\u00e1rio 1\u00aa e 2\u00aa C\u00e2maras 18\/08\/2020 &#8211; Sess\u00e3o Virtual Ata Col\u00e9gio Pleno Tribut\u00e1rio 1\u00aa e 2\u00aa C\u00e2maras 10\/09\/2020 &#8211; Sess\u00e3o Virtual Ata Col\u00e9gio Pleno Tribut\u00e1rio 1\u00aa e 2\u00aa C\u00e2maras 30\/09\/2020 &#8211; [&hellip;]<\/p>\n","protected":false},"author":67,"featured_media":0,"parent":694,"menu_order":6,"comment_status":"closed","ping_status":"closed","template":"","meta":{"_acf_changed":false,"custom_icon_class":"","footnotes":""},"class_list":["post-696","page","type-page","status-publish","hentry"],"acf":[],"_links":{"self":[{"href":"https:\/\/www.goiania.go.gov.br\/conselhotributario\/wp-json\/wp\/v2\/pages\/696","targetHints":{"allow":["GET"]}}],"collection":[{"href":"https:\/\/www.goiania.go.gov.br\/conselhotributario\/wp-json\/wp\/v2\/pages"}],"about":[{"href":"https:\/\/www.goiania.go.gov.br\/conselhotributario\/wp-json\/wp\/v2\/types\/page"}],"author":[{"embeddable":true,"href":"https:\/\/www.goiania.go.gov.br\/conselhotributario\/wp-json\/wp\/v2\/users\/67"}],"replies":[{"embeddable":true,"href":"https:\/\/www.goiania.go.gov.br\/conselhotributario\/wp-json\/wp\/v2\/comments?post=696"}],"version-history":[{"count":7,"href":"https:\/\/www.goiania.go.gov.br\/conselhotributario\/wp-json\/wp\/v2\/pages\/696\/revisions"}],"predecessor-version":[{"id":1000,"href":"https:\/\/www.goiania.go.gov.br\/conselhotributario\/wp-json\/wp\/v2\/pages\/696\/revisions\/1000"}],"up":[{"embeddable":true,"href":"https:\/\/www.goiania.go.gov.br\/conselhotributario\/wp-json\/wp\/v2\/pages\/694"}],"wp:attachment":[{"href":"https:\/\/www.goiania.go.gov.br\/conselhotributario\/wp-json\/wp\/v2\/media?parent=696"}],"curies":[{"name":"wp","href":"https:\/\/api.w.org\/{rel}","templated":true}]}}