{"id":694,"date":"2020-07-10T09:42:15","date_gmt":"2020-07-10T12:42:15","guid":{"rendered":"https:\/\/www.goiania.go.gov.br\/conselhotributario\/?page_id=694"},"modified":"2026-03-18T10:24:09","modified_gmt":"2026-03-18T13:24:09","slug":"atas-colegio-pleno-tributario","status":"publish","type":"page","link":"https:\/\/www.goiania.go.gov.br\/conselhotributario\/atas-colegio-pleno-tributario\/","title":{"rendered":"Atas Col\u00e9gio Pleno Tribut\u00e1rio"},"content":{"rendered":"\n<p><a href=\"https:\/\/www.goiania.go.gov.br\/conselhotributario\/atas-colegio-pleno-tributario\/atas-colegio-pleno-tributario-2025-2\/\">Atas Col\u00e9gio Pleno Tribut\u00e1rio &#8211; 2026<\/a><\/p>\n\n\n\n<p><a href=\"https:\/\/www.goiania.go.gov.br\/conselhotributario\/atas-colegio-pleno-tributario\/atas-colegio-pleno-tributario-2025\/\">Atas Col\u00e9gio Pleno Tribut\u00e1rio &#8211; 2025<\/a><\/p>\n\n\n\n<p><a href=\"https:\/\/www.goiania.go.gov.br\/conselhotributario\/atas-colegio-pleno-tributario\/atas-colegio-pleno-tributario-2024\/\">Atas Col\u00e9gio Pleno Tribut\u00e1rio &#8211; 2024<\/a><\/p>\n\n\n\n<p><a href=\"https:\/\/www.goiania.go.gov.br\/conselhotributario\/atas-colegio-pleno-tributario\/atas-colegio-pleno-tributario-2023\/\">Atas Col\u00e9gio Pleno Tribut\u00e1rio &#8211; 2023<\/a><\/p>\n\n\n\n<p><a href=\"https:\/\/www.goiania.go.gov.br\/conselhotributario\/atas-colegio-pleno-tributario\/atas-colegio-pleno-tributario-2022\/\">Atas Col\u00e9gio Pleno Tribut\u00e1rio &#8211; 2022<\/a><\/p>\n\n\n\n<p><a href=\"https:\/\/www.goiania.go.gov.br\/conselhotributario\/atas-colegio-pleno-tributario\/atas-colegio-pleno-tributario-2021\/\">Atas Col\u00e9gio Pleno Tribut\u00e1rio &#8211; 2021<\/a><\/p>\n\n\n\n<p><a href=\"https:\/\/www.goiania.go.gov.br\/conselhotributario\/atas-colegio-pleno-tributario\/atas-colegio-2020\/\">Atas Col\u00e9gio Pleno Tribut\u00e1rio &#8211; 2020<\/a><\/p>\n\n\n\n<p><a href=\"https:\/\/www.goiania.go.gov.br\/conselhotributario\/atas-colegio-pleno-tributario\/atas-colegio-pleno-tributario-2019\/\">Atas Col\u00e9gio Pleno Tribut\u00e1rio &#8211; 2019<\/a><\/p>\n\n\n\n<p><a href=\"https:\/\/www.goiania.go.gov.br\/conselhotributario\/atas-colegio-pleno-tributario\/atas-colegio-pleno-tributario-2018\/\">Atas Col\u00e9gio Pleno Tribut\u00e1rio &#8211; 2018<\/a><\/p>\n\n\n\n<p><a href=\"https:\/\/www.goiania.go.gov.br\/conselhotributario\/atas-colegio-pleno-tributario\/atas-colegio-pleno-tributario-2017\/\">Atas Col\u00e9gio Pleno Tribut\u00e1rio &#8211; 2017<\/a><\/p>\n","protected":false},"excerpt":{"rendered":"<p>Atas Col\u00e9gio Pleno Tribut\u00e1rio &#8211; 2026 Atas Col\u00e9gio Pleno Tribut\u00e1rio &#8211; 2025 Atas Col\u00e9gio Pleno Tribut\u00e1rio &#8211; 2024 Atas Col\u00e9gio Pleno Tribut\u00e1rio &#8211; 2023 Atas Col\u00e9gio Pleno Tribut\u00e1rio &#8211; 2022 Atas Col\u00e9gio Pleno Tribut\u00e1rio &#8211; 2021 Atas Col\u00e9gio Pleno Tribut\u00e1rio &#8211; 2020 Atas Col\u00e9gio Pleno Tribut\u00e1rio &#8211; 2019 Atas Col\u00e9gio Pleno Tribut\u00e1rio &#8211; 2018 Atas [&hellip;]<\/p>\n","protected":false},"author":1,"featured_media":0,"parent":0,"menu_order":6,"comment_status":"closed","ping_status":"closed","template":"","meta":{"_acf_changed":false,"custom_icon_class":"","footnotes":""},"class_list":["post-694","page","type-page","status-publish","hentry"],"acf":[],"_links":{"self":[{"href":"https:\/\/www.goiania.go.gov.br\/conselhotributario\/wp-json\/wp\/v2\/pages\/694","targetHints":{"allow":["GET"]}}],"collection":[{"href":"https:\/\/www.goiania.go.gov.br\/conselhotributario\/wp-json\/wp\/v2\/pages"}],"about":[{"href":"https:\/\/www.goiania.go.gov.br\/conselhotributario\/wp-json\/wp\/v2\/types\/page"}],"author":[{"embeddable":true,"href":"https:\/\/www.goiania.go.gov.br\/conselhotributario\/wp-json\/wp\/v2\/users\/1"}],"replies":[{"embeddable":true,"href":"https:\/\/www.goiania.go.gov.br\/conselhotributario\/wp-json\/wp\/v2\/comments?post=694"}],"version-history":[{"count":10,"href":"https:\/\/www.goiania.go.gov.br\/conselhotributario\/wp-json\/wp\/v2\/pages\/694\/revisions"}],"predecessor-version":[{"id":2834,"href":"https:\/\/www.goiania.go.gov.br\/conselhotributario\/wp-json\/wp\/v2\/pages\/694\/revisions\/2834"}],"wp:attachment":[{"href":"https:\/\/www.goiania.go.gov.br\/conselhotributario\/wp-json\/wp\/v2\/media?parent=694"}],"curies":[{"name":"wp","href":"https:\/\/api.w.org\/{rel}","templated":true}]}}