{"id":632,"date":"2020-07-09T14:14:37","date_gmt":"2020-07-09T17:14:37","guid":{"rendered":"https:\/\/www.goiania.go.gov.br\/conselhotributario\/?page_id=632"},"modified":"2026-03-18T10:23:26","modified_gmt":"2026-03-18T13:23:26","slug":"atas-4a-camara","status":"publish","type":"page","link":"https:\/\/www.goiania.go.gov.br\/conselhotributario\/atas-4a-camara\/","title":{"rendered":"Atas de Sess\u00e3o 4\u00aa C\u00e2mara"},"content":{"rendered":"\n<p><a href=\"https:\/\/www.goiania.go.gov.br\/conselhotributario\/atas-4a-camara\/atas-quarta-camara-2026\/\">Atas Quarta C\u00e2mara &#8211; 2026<\/a><\/p>\n\n\n\n<p><a href=\"https:\/\/www.goiania.go.gov.br\/conselhotributario\/atas-4a-camara\/atas-quarta-camara-2025\/\">Atas Quarta C\u00e2mara &#8211; 2025<\/a><\/p>\n\n\n\n<p><a href=\"https:\/\/www.goiania.go.gov.br\/conselhotributario\/atas-4a-camara\/atas-de-sessao-4a-camara-2024\/\">Atas Quarta C\u00e2mara &#8211; 2024<\/a><\/p>\n\n\n\n<p><a href=\"https:\/\/www.goiania.go.gov.br\/conselhotributario\/atas-4a-camara\/atas-4a-camara-2023\/\">Atas Quarta C\u00e2mara &#8211; 2023<\/a><\/p>\n\n\n\n<p><a href=\"https:\/\/www.goiania.go.gov.br\/conselhotributario\/atas-4a-camara\/atas-4a-camara-2022\/\">Atas Quarta C\u00e2mara &#8211; 2022<\/a><\/p>\n\n\n\n<p><a href=\"https:\/\/www.goiania.go.gov.br\/conselhotributario\/atas-4a-camara\/atas-4a-camara-2021\/\" target=\"_blank\" rel=\"noreferrer noopener\">Atas Quarta C\u00e2mara &#8211; 2021<\/a><\/p>\n\n\n\n<p><a href=\"https:\/\/www.goiania.go.gov.br\/conselhotributario\/atas-4a-camara\/atas-2020\/\" target=\"_blank\" rel=\"noreferrer noopener\">Atas Quarta C\u00e2mara &#8211; 2020<\/a><\/p>\n\n\n\n<p><a href=\"https:\/\/www.goiania.go.gov.br\/conselhotributario\/atas-4a-camara\/atas-2019\/\" target=\"_blank\" rel=\"noreferrer noopener\">Atas Quarta C\u00e2mara &#8211; 2019<\/a><\/p>\n\n\n\n<p><a href=\"https:\/\/www.goiania.go.gov.br\/conselhotributario\/atas-sessao-3a-camara\/atas-2018\/\" target=\"_blank\" rel=\"noreferrer noopener\">Atas Quarta C\u00e2mara &#8211; 2018<\/a><\/p>\n\n\n\n<p><a href=\"https:\/\/www.goiania.go.gov.br\/conselhotributario\/atas-4a-camara\/atas-2017\/\" target=\"_blank\" rel=\"noreferrer noopener\">Atas Quarta C\u00e2mara &#8211; 2017<\/a><\/p>\n","protected":false},"excerpt":{"rendered":"<p>Atas Quarta C\u00e2mara &#8211; 2026 Atas Quarta C\u00e2mara &#8211; 2025 Atas Quarta C\u00e2mara &#8211; 2024 Atas Quarta C\u00e2mara &#8211; 2023 Atas Quarta C\u00e2mara &#8211; 2022 Atas Quarta C\u00e2mara &#8211; 2021 Atas Quarta C\u00e2mara &#8211; 2020 Atas Quarta C\u00e2mara &#8211; 2019 Atas Quarta C\u00e2mara &#8211; 2018 Atas Quarta C\u00e2mara &#8211; 2017<\/p>\n","protected":false},"author":1,"featured_media":0,"parent":0,"menu_order":5,"comment_status":"closed","ping_status":"closed","template":"","meta":{"_acf_changed":false,"custom_icon_class":"","footnotes":""},"class_list":["post-632","page","type-page","status-publish","hentry"],"acf":[],"_links":{"self":[{"href":"https:\/\/www.goiania.go.gov.br\/conselhotributario\/wp-json\/wp\/v2\/pages\/632","targetHints":{"allow":["GET"]}}],"collection":[{"href":"https:\/\/www.goiania.go.gov.br\/conselhotributario\/wp-json\/wp\/v2\/pages"}],"about":[{"href":"https:\/\/www.goiania.go.gov.br\/conselhotributario\/wp-json\/wp\/v2\/types\/page"}],"author":[{"embeddable":true,"href":"https:\/\/www.goiania.go.gov.br\/conselhotributario\/wp-json\/wp\/v2\/users\/1"}],"replies":[{"embeddable":true,"href":"https:\/\/www.goiania.go.gov.br\/conselhotributario\/wp-json\/wp\/v2\/comments?post=632"}],"version-history":[{"count":10,"href":"https:\/\/www.goiania.go.gov.br\/conselhotributario\/wp-json\/wp\/v2\/pages\/632\/revisions"}],"predecessor-version":[{"id":2833,"href":"https:\/\/www.goiania.go.gov.br\/conselhotributario\/wp-json\/wp\/v2\/pages\/632\/revisions\/2833"}],"wp:attachment":[{"href":"https:\/\/www.goiania.go.gov.br\/conselhotributario\/wp-json\/wp\/v2\/media?parent=632"}],"curies":[{"name":"wp","href":"https:\/\/api.w.org\/{rel}","templated":true}]}}