{"id":54,"date":"2020-07-06T11:23:21","date_gmt":"2020-07-06T14:23:21","guid":{"rendered":"https:\/\/www.goiania.go.gov.br\/conselhotributario\/?page_id=54"},"modified":"2026-04-06T08:06:23","modified_gmt":"2026-04-06T11:06:23","slug":"_estrutura","status":"publish","type":"page","link":"https:\/\/www.goiania.go.gov.br\/conselhotributario\/_estrutura\/","title":{"rendered":"Estrutura"},"content":{"rendered":"\n<p><strong>Presidente<\/strong><\/p>\n\n\n\n<p>Lucas de Oliveira Morais<\/p>\n\n\n\n<p><strong>Vice-Presidente<\/strong><\/p>\n\n\n\n<p>.<\/p>\n\n\n\n<p><strong>Secret\u00e1ria Geral<\/strong><\/p>\n\n\n\n<p>Laila Hanna Antunes Silva<\/p>\n\n\n\n<p><strong>Corpo de Julgadores de Primeira Inst\u00e2ncia<\/strong><\/p>\n\n\n\n<p>Adriel Yoshio Santos Igarashi<\/p>\n\n\n\n<p>Alexandre Cavalcante Medeiros Neves<\/p>\n\n\n\n<p>Pedro Julian Ribeiro Bustillos Villaf\u00e1n &#8211; <strong>Coordenador<\/strong><\/p>\n\n\n\n<p>Rodrigo Marcondes Ronconi<\/p>\n\n\n\n<p><strong>Centro de Preparo e Controle Processual<\/strong><\/p>\n\n\n\n<p>.<\/p>\n\n\n\n<p><em><strong>Primeira C\u00e2mara Julgadora<\/strong><\/em><\/p>\n\n\n\n<p><strong>Representantes do Munic\u00edpio como Membros Titulares<\/strong><\/p>\n\n\n\n<p>Bruno de Castro e Silva<\/p>\n\n\n\n<p>Rafael Barros de Andrade<\/p>\n\n\n\n<p><strong>Representantes dos Contribuintes Indicados pelas Entidades Classistas como Membros Titulares<\/strong><\/p>\n\n\n\n<p>Guilherme S\u00e9rgio Di Ferreira Martins<\/p>\n\n\n\n<p>Henrique Ricardo Batista<\/p>\n\n\n\n<p><strong>Representante da Fazenda P\u00fablica Municipal:<\/strong><\/p>\n\n\n\n<p>Brenno Kelvys Souza Marques<\/p>\n\n\n\n<p><strong>Secret\u00e1ria<\/strong><\/p>\n\n\n\n<p>Ana L\u00facia Nunes Da Silva<\/p>\n\n\n\n<p><em><strong>Segunda C\u00e2mara Julgadora<\/strong><\/em><\/p>\n\n\n\n<p><strong>Representantes do Munic\u00edpio como Membros Titulares<\/strong><\/p>\n\n\n\n<p>Jucilaine Biberg<\/p>\n\n\n\n<p>Rosana Rodrigues Barbosa Paix\u00e3o<\/p>\n\n\n\n<p>Maria Claudirena da Silva<\/p>\n\n\n\n<p><strong>Representantes dos Contribuintes Indicados pelas Entidades Classistas como Membros Titulares<\/strong><\/p>\n\n\n\n<p>Luiz Ant\u00f4nio de Siqueira<\/p>\n\n\n\n<p>Frederico Batista dos Santos Medeiros<\/p>\n\n\n\n<p><strong>Representante da Fazenda P\u00fablica Municipal<\/strong><\/p>\n\n\n\n<p>Ana Paula Mendon\u00e7a de Souza<\/p>\n\n\n\n<p><strong>Secret\u00e1rio<\/strong><\/p>\n\n\n\n<p>Suziane Araujo Ramos Oliveira<\/p>\n\n\n\n<p><em><strong>Terceira C\u00e2mara Julgadora<\/strong><\/em><\/p>\n\n\n\n<p><strong>Representantes do Munic\u00edpio como Membros Titulares<\/strong><\/p>\n\n\n\n<p>Fabr\u00edcio Alc\u00e2ntara Mendon\u00e7a Castro Mariano<\/p>\n\n\n\n<p>Jos\u00e9 Alu\u00edsio e Ara\u00fajo J\u00fanior<\/p>\n\n\n\n<p>Marcos Junio de Ara\u00fajo Teles<\/p>\n\n\n\n<p><strong>Representantes dos Contribuintes Indicados pelas Entidades Classistas como Membros Titulares<\/strong><\/p>\n\n\n\n<p>David Chagas Coutinho Junior<\/p>\n\n\n\n<p>K\u00eanya Coutinho Gon\u00e7alves&nbsp;<\/p>\n\n\n\n<p><strong>Representante da Fazenda P\u00fablica Municipal<\/strong><\/p>\n\n\n\n<p>Fl\u00e1vio Abr\u00e3o Doehler<\/p>\n\n\n\n<p><strong>Secret\u00e1rio<\/strong><\/p>\n\n\n\n<p>Reginaldo Pereira de Carvalho<\/p>\n\n\n\n<p><em><strong>Quarta C\u00e2mara Julgadora<\/strong><\/em><\/p>\n\n\n\n<p><strong>Representantes do Munic\u00edpio como Membros Titulares<\/strong><\/p>\n\n\n\n<p>Eduardo Palazzo Lopes<\/p>\n\n\n\n<p>Ana Maria Freitas Ferreira<\/p>\n\n\n\n<p>Silvana Monteiro Prestes<\/p>\n\n\n\n<p><strong>Representantes dos Contribuintes Indicados pelas Entidades Classistas como Membros Titulares<\/strong><\/p>\n\n\n\n<p>Carlos Jos\u00e9 Modkovski<\/p>\n\n\n\n<p>Mariana Vieira de Castro<\/p>\n\n\n\n<p><strong>Representante da Fazenda P\u00fablica Municipal<\/strong><\/p>\n\n\n\n<p>Wellington Fernandes de Oliveira Junior<\/p>\n\n\n\n<p><strong>Secret\u00e1rio<\/strong><\/p>\n\n\n\n<p>.<\/p>\n\n\n\n<p><strong>Conselheiros Suplentes&nbsp;<\/strong><\/p>\n\n\n\n<p><strong>Representantes do Munic\u00edpio<\/strong><\/p>\n\n\n\n<p>Tiago Teodoro Marques Lopes<\/p>\n\n\n\n<p>Janynne Ferreira Amaral Lopes<\/p>\n\n\n\n<p>Vin\u00edcius Nunes Oliveira<\/p>\n\n\n\n<p>Janefate Martins da Costa Filha<\/p>\n\n\n\n<p>Luis Filipe Cavalcante Costa<\/p>\n\n\n\n<p>F\u00e1bio Kendy Nishino<\/p>\n\n\n\n<p>Luiz Lucas Alves J\u00fanior<\/p>\n\n\n\n<p>Francisco Martins dos Santos<\/p>\n\n\n\n<p>Jo\u00e3o Peres Teodoro Rodrigues<\/p>\n\n\n\n<p>C\u00e9lio Nunes dos Santos<\/p>\n\n\n\n<p><strong>Representantes dos Contribuintes<\/strong><\/p>\n\n\n\n<p>Fabian Rodrigues Leite<\/p>\n\n\n\n<p>Ivan Carlos de Lima<\/p>\n\n\n\n<p>Renato Abdala Filho<\/p>\n\n\n\n<p>Renato Abdala<\/p>\n\n\n\n<p>Vera Elen de Moura Oliveira<\/p>\n\n\n\n<p>Lucas Felipe Ferreira Melo<\/p>\n\n\n\n<p>Matheus Vieira Gomes<\/p>\n\n\n\n<p><strong>Representantes&nbsp;da Fazenda P\u00fablica Municipal<\/strong><\/p>\n\n\n\n<p>Adriana de Sousa Jaime<\/p>\n\n\n\n<p>Ana Paula Noe<\/p>\n\n\n\n<p><\/p>\n","protected":false},"excerpt":{"rendered":"<p>Presidente Lucas de Oliveira Morais Vice-Presidente . Secret\u00e1ria Geral Laila Hanna Antunes Silva Corpo de Julgadores de Primeira Inst\u00e2ncia Adriel Yoshio Santos Igarashi Alexandre Cavalcante Medeiros Neves Pedro Julian Ribeiro Bustillos Villaf\u00e1n &#8211; Coordenador Rodrigo Marcondes Ronconi Centro de Preparo e Controle Processual . Primeira C\u00e2mara Julgadora Representantes do Munic\u00edpio como Membros Titulares Bruno de [&hellip;]<\/p>\n","protected":false},"author":1,"featured_media":0,"parent":0,"menu_order":12,"comment_status":"closed","ping_status":"closed","template":"","meta":{"_acf_changed":false,"custom_icon_class":"","footnotes":""},"class_list":["post-54","page","type-page","status-publish","hentry"],"acf":[],"_links":{"self":[{"href":"https:\/\/www.goiania.go.gov.br\/conselhotributario\/wp-json\/wp\/v2\/pages\/54","targetHints":{"allow":["GET"]}}],"collection":[{"href":"https:\/\/www.goiania.go.gov.br\/conselhotributario\/wp-json\/wp\/v2\/pages"}],"about":[{"href":"https:\/\/www.goiania.go.gov.br\/conselhotributario\/wp-json\/wp\/v2\/types\/page"}],"author":[{"embeddable":true,"href":"https:\/\/www.goiania.go.gov.br\/conselhotributario\/wp-json\/wp\/v2\/users\/1"}],"replies":[{"embeddable":true,"href":"https:\/\/www.goiania.go.gov.br\/conselhotributario\/wp-json\/wp\/v2\/comments?post=54"}],"version-history":[{"count":10,"href":"https:\/\/www.goiania.go.gov.br\/conselhotributario\/wp-json\/wp\/v2\/pages\/54\/revisions"}],"predecessor-version":[{"id":2872,"href":"https:\/\/www.goiania.go.gov.br\/conselhotributario\/wp-json\/wp\/v2\/pages\/54\/revisions\/2872"}],"wp:attachment":[{"href":"https:\/\/www.goiania.go.gov.br\/conselhotributario\/wp-json\/wp\/v2\/media?parent=54"}],"curies":[{"name":"wp","href":"https:\/\/api.w.org\/{rel}","templated":true}]}}