{"id":533,"date":"2020-07-08T15:00:35","date_gmt":"2020-07-08T18:00:35","guid":{"rendered":"https:\/\/www.goiania.go.gov.br\/conselhotributario\/?page_id=533"},"modified":"2026-03-18T10:22:48","modified_gmt":"2026-03-18T13:22:48","slug":"atas-sessao-3a-camara","status":"publish","type":"page","link":"https:\/\/www.goiania.go.gov.br\/conselhotributario\/atas-sessao-3a-camara\/","title":{"rendered":"Atas de Sess\u00e3o 3\u00aa C\u00e2mara"},"content":{"rendered":"\n<p><a href=\"https:\/\/www.goiania.go.gov.br\/conselhotributario\/atas-sessao-3a-camara\/atas-terceira-camara-2026\/\">Atas Terceira C\u00e2mara &#8211; 2026<\/a><\/p>\n\n\n\n<p><a href=\"https:\/\/www.goiania.go.gov.br\/conselhotributario\/atas-sessao-3a-camara\/atas-de-sessao-3a-camara-2025\/\">Atas Terceira C\u00e2mara &#8211; 2025<\/a><\/p>\n\n\n\n<p><a href=\"https:\/\/www.goiania.go.gov.br\/conselhotributario\/atas-sessao-3a-camara\/atas-de-sessao-3a-camara-2024-2\/\">Atas Terceira C\u00e2mara &#8211; 2024<\/a><\/p>\n\n\n\n<p><a href=\"https:\/\/www.goiania.go.gov.br\/conselhotributario\/atas-sessao-3a-camara\/atas-de-sessao-3a-camara-2023\/\">Atas Terceira C\u00e2mara &#8211; 2023<\/a><\/p>\n\n\n\n<p><a href=\"https:\/\/www.goiania.go.gov.br\/conselhotributario\/atas-sessao-3a-camara\/atas-de-sessao-3a-camara-2022\/\">Atas Terceira C\u00e2mara &#8211; 2022<\/a><\/p>\n\n\n\n<p><a href=\"https:\/\/www.goiania.go.gov.br\/conselhotributario\/atas-sessao-3a-camara\/atas-de-sessao-3a-camara-2021\/\">Atas Terceira C\u00e2mara &#8211; 2021<\/a><\/p>\n\n\n\n<p><a href=\"https:\/\/www.goiania.go.gov.br\/conselhotributario\/atas-sessao-3a-camara\/atas-3a-camara-2020\/\">Atas Terceira C\u00e2mara &#8211; 2020<\/a><\/p>\n\n\n\n<p><a href=\"https:\/\/www.goiania.go.gov.br\/conselhotributario\/atas-sessao-3a-camara\/atas-3a-camara-2019\/\">Atas Terceira C\u00e2mara &#8211; 2019<\/a><\/p>\n\n\n\n<p><a href=\"https:\/\/www.goiania.go.gov.br\/conselhotributario\/atas-sessao-3a-camara\/atas-2018\/\">Atas Terceira C\u00e2mara &#8211; 2018<\/a><\/p>\n\n\n\n<p><a href=\"https:\/\/www.goiania.go.gov.br\/conselhotributario\/atas-sessao-3a-camara\/atas-2017\/\">Atas Terceira C\u00e2mara &#8211; 2017<\/a><\/p>\n","protected":false},"excerpt":{"rendered":"<p>Atas Terceira C\u00e2mara &#8211; 2026 Atas Terceira C\u00e2mara &#8211; 2025 Atas Terceira C\u00e2mara &#8211; 2024 Atas Terceira C\u00e2mara &#8211; 2023 Atas Terceira C\u00e2mara &#8211; 2022 Atas Terceira C\u00e2mara &#8211; 2021 Atas Terceira C\u00e2mara &#8211; 2020 Atas Terceira C\u00e2mara &#8211; 2019 Atas Terceira C\u00e2mara &#8211; 2018 Atas Terceira C\u00e2mara &#8211; 2017<\/p>\n","protected":false},"author":1,"featured_media":0,"parent":0,"menu_order":4,"comment_status":"closed","ping_status":"closed","template":"","meta":{"_acf_changed":false,"custom_icon_class":"","footnotes":""},"class_list":["post-533","page","type-page","status-publish","hentry"],"acf":[],"_links":{"self":[{"href":"https:\/\/www.goiania.go.gov.br\/conselhotributario\/wp-json\/wp\/v2\/pages\/533","targetHints":{"allow":["GET"]}}],"collection":[{"href":"https:\/\/www.goiania.go.gov.br\/conselhotributario\/wp-json\/wp\/v2\/pages"}],"about":[{"href":"https:\/\/www.goiania.go.gov.br\/conselhotributario\/wp-json\/wp\/v2\/types\/page"}],"author":[{"embeddable":true,"href":"https:\/\/www.goiania.go.gov.br\/conselhotributario\/wp-json\/wp\/v2\/users\/1"}],"replies":[{"embeddable":true,"href":"https:\/\/www.goiania.go.gov.br\/conselhotributario\/wp-json\/wp\/v2\/comments?post=533"}],"version-history":[{"count":10,"href":"https:\/\/www.goiania.go.gov.br\/conselhotributario\/wp-json\/wp\/v2\/pages\/533\/revisions"}],"predecessor-version":[{"id":2832,"href":"https:\/\/www.goiania.go.gov.br\/conselhotributario\/wp-json\/wp\/v2\/pages\/533\/revisions\/2832"}],"wp:attachment":[{"href":"https:\/\/www.goiania.go.gov.br\/conselhotributario\/wp-json\/wp\/v2\/media?parent=533"}],"curies":[{"name":"wp","href":"https:\/\/api.w.org\/{rel}","templated":true}]}}