{"id":49,"date":"2020-07-02T08:28:50","date_gmt":"2020-07-02T11:28:50","guid":{"rendered":"https:\/\/www.goiania.go.gov.br\/conselhotributario\/?page_id=49"},"modified":"2022-07-07T09:15:22","modified_gmt":"2022-07-07T12:15:22","slug":"sobre","status":"publish","type":"page","link":"https:\/\/www.goiania.go.gov.br\/conselhotributario\/sobre\/","title":{"rendered":"Sobre"},"content":{"rendered":"\n<p>A Prefeitura de Goi\u00e2nia, por meio da lei n\u00ba 9.748, de 02 de fevereiro de 2016, criou o Conselho Tribut\u00e1rio Fiscal de Goi\u00e2nia (CTF), em substitui\u00e7\u00e3o \u00e0 antiga \u201cJunta de Recursos Fiscais\u201d, trazendo um novo alento ao contencioso tribut\u00e1rio em Goi\u00e2nia, pois moderniza sua estrutura e melhora seu funcionamento.<\/p>\n\n\n\n<p>A meta \u00e9 eficientizar as respostas a questionamentos fiscais e tribut\u00e1rios no munic\u00edpio, ampliando a participa\u00e7\u00e3o da sociedade organizada e promovendo uma maior sintonia no entendimento jur\u00eddico dos membros julgadores que comp\u00f5em a primeira e segunda inst\u00e2ncias.A nova estrutura inaugura um novo marco legal para o relacionamento fisco-contribuinte com transpar\u00eancia, respeito e efici\u00eancia do processo administrativo tribut\u00e1rio, garantido ampla defesa e contradit\u00f3rio ao contribuinte e tamb\u00e9m na preserva\u00e7\u00e3o de um \u00f3rg\u00e3o de controle da legalidade do lan\u00e7amento, respeitando os princ\u00edpios da legisla\u00e7\u00e3o tributaria, observando a paridade e imparcialidade nas decis\u00f5es, demonstrando sua independ\u00eancia e autonomia nos julgamentos. <\/p>\n\n\n\n<p>Entidades participantes:\u00a0 Associa\u00e7\u00e3o Comercial, Industrial e de Servi\u00e7os de Goi\u00e1s (Acieg)\u00a0 Associa\u00e7\u00e3o das Empresas do Mercado Imobili\u00e1rio de Goi\u00e1s (Ademi-GO),\u00a0 C\u00e2mara de Valores Imobili\u00e1rios do Estado de Goi\u00e1s (CVI-GO),\u00a0 Conselho Regional de Contabilidade (CRC-GO),\u00a0 Conselho Regional de Engenharia\u00a0e Agronomia (Crea-GO),\u00a0 Federa\u00e7\u00e3o do Com\u00e9rcio do Estado de Goi\u00e1s (Fecom\u00e9rcio-GO), Conselho Regional de Administra\u00e7\u00e3o (CRA-GO),\u00a0 Ordem dos Advogados do Brasil (OAB-GO) e\u00a0 Sindicato Das Empresas de Compra, Venda, Loca\u00e7\u00e3o e Administra\u00e7\u00e3o de Im\u00f3veis Residenciais e Comerciais no Estado de Goi\u00e1s (Secovi).<\/p>\n","protected":false},"excerpt":{"rendered":"<p>A Prefeitura de Goi\u00e2nia, por meio da lei n\u00ba 9.748, de 02 de fevereiro de 2016, criou o Conselho Tribut\u00e1rio Fiscal de Goi\u00e2nia (CTF), em substitui\u00e7\u00e3o \u00e0 antiga \u201cJunta de Recursos Fiscais\u201d, trazendo um novo alento ao contencioso tribut\u00e1rio em Goi\u00e2nia, pois moderniza sua estrutura e melhora seu funcionamento. A meta \u00e9 eficientizar as respostas [&hellip;]<\/p>\n","protected":false},"author":1,"featured_media":0,"parent":0,"menu_order":11,"comment_status":"closed","ping_status":"closed","template":"","meta":{"_acf_changed":false,"custom_icon_class":"","footnotes":""},"class_list":["post-49","page","type-page","status-publish","hentry"],"acf":[],"_links":{"self":[{"href":"https:\/\/www.goiania.go.gov.br\/conselhotributario\/wp-json\/wp\/v2\/pages\/49","targetHints":{"allow":["GET"]}}],"collection":[{"href":"https:\/\/www.goiania.go.gov.br\/conselhotributario\/wp-json\/wp\/v2\/pages"}],"about":[{"href":"https:\/\/www.goiania.go.gov.br\/conselhotributario\/wp-json\/wp\/v2\/types\/page"}],"author":[{"embeddable":true,"href":"https:\/\/www.goiania.go.gov.br\/conselhotributario\/wp-json\/wp\/v2\/users\/1"}],"replies":[{"embeddable":true,"href":"https:\/\/www.goiania.go.gov.br\/conselhotributario\/wp-json\/wp\/v2\/comments?post=49"}],"version-history":[{"count":2,"href":"https:\/\/www.goiania.go.gov.br\/conselhotributario\/wp-json\/wp\/v2\/pages\/49\/revisions"}],"predecessor-version":[{"id":1465,"href":"https:\/\/www.goiania.go.gov.br\/conselhotributario\/wp-json\/wp\/v2\/pages\/49\/revisions\/1465"}],"wp:attachment":[{"href":"https:\/\/www.goiania.go.gov.br\/conselhotributario\/wp-json\/wp\/v2\/media?parent=49"}],"curies":[{"name":"wp","href":"https:\/\/api.w.org\/{rel}","templated":true}]}}