{"id":476,"date":"2020-07-08T14:26:30","date_gmt":"2020-07-08T17:26:30","guid":{"rendered":"https:\/\/www.goiania.go.gov.br\/conselhotributario\/?page_id=476"},"modified":"2026-03-18T10:22:03","modified_gmt":"2026-03-18T13:22:03","slug":"atas-segunda-camara","status":"publish","type":"page","link":"https:\/\/www.goiania.go.gov.br\/conselhotributario\/atas-segunda-camara\/","title":{"rendered":"Atas de Sess\u00e3o 2\u00aa C\u00e2mara"},"content":{"rendered":"\n<p><a href=\"https:\/\/www.goiania.go.gov.br\/conselhotributario\/atas-segunda-camara\/atas-segunda-camara-2026\/\">Atas Segunda C\u00e2mara &#8211; 2026<\/a><\/p>\n\n\n\n<p><a href=\"https:\/\/www.goiania.go.gov.br\/conselhotributario\/atas-segunda-camara\/atas-segunda-camara-2025\/\">Atas Segunda C\u00e2mara &#8211; 2025<\/a><\/p>\n\n\n\n<p><a href=\"https:\/\/www.goiania.go.gov.br\/conselhotributario\/atas-segunda-camara\/atas-segunda\/\">Atas Segunda C\u00e2mara &#8211; 2024<\/a><\/p>\n\n\n\n<p><a href=\"https:\/\/www.goiania.go.gov.br\/conselhotributario\/atas-segunda-camara\/atas-segunda-camara-2023\/\">Atas Segunda C\u00e2mara &#8211; 2023<\/a><\/p>\n\n\n\n<p><a href=\"https:\/\/www.goiania.go.gov.br\/conselhotributario\/atas-segunda-camara\/atas-segunda-camara-2022\/\">Atas Segunda C\u00e2mara &#8211; 2022<\/a><\/p>\n\n\n\n<p><a href=\"https:\/\/www.goiania.go.gov.br\/conselhotributario\/atas-segunda-camara\/atas-segunda-camara-2021\/\">Atas Segunda C\u00e2mara &#8211; 2021<\/a><\/p>\n\n\n\n<p><a href=\"https:\/\/www.goiania.go.gov.br\/conselhotributario\/atas-segunda-camara\/segunda-camara-2020\/\">Atas Segunda C\u00e2mara &#8211; 2020<\/a><\/p>\n\n\n\n<p><a href=\"https:\/\/www.goiania.go.gov.br\/conselhotributario\/atas-segunda-camara\/segunda-camara-2019\/\">Atas Segunda C\u00e2mara &#8211; 2019<\/a><\/p>\n\n\n\n<p><a href=\"https:\/\/www.goiania.go.gov.br\/conselhotributario\/atas-segunda-camara\/atas-segunda-camara-2018\/\">Atas Segunda C\u00e2mara &#8211; 2018<\/a><\/p>\n\n\n\n<p><a href=\"https:\/\/www.goiania.go.gov.br\/conselhotributario\/atas-segunda-camara\/segunda-camara-2017\/\">Atas Segunda C\u00e2mara &#8211; 2017<\/a><\/p>\n","protected":false},"excerpt":{"rendered":"<p>Atas Segunda C\u00e2mara &#8211; 2026 Atas Segunda C\u00e2mara &#8211; 2025 Atas Segunda C\u00e2mara &#8211; 2024 Atas Segunda C\u00e2mara &#8211; 2023 Atas Segunda C\u00e2mara &#8211; 2022 Atas Segunda C\u00e2mara &#8211; 2021 Atas Segunda C\u00e2mara &#8211; 2020 Atas Segunda C\u00e2mara &#8211; 2019 Atas Segunda C\u00e2mara &#8211; 2018 Atas Segunda C\u00e2mara &#8211; 2017<\/p>\n","protected":false},"author":1,"featured_media":0,"parent":0,"menu_order":3,"comment_status":"closed","ping_status":"closed","template":"","meta":{"_acf_changed":false,"custom_icon_class":"","footnotes":""},"class_list":["post-476","page","type-page","status-publish","hentry"],"acf":[],"_links":{"self":[{"href":"https:\/\/www.goiania.go.gov.br\/conselhotributario\/wp-json\/wp\/v2\/pages\/476","targetHints":{"allow":["GET"]}}],"collection":[{"href":"https:\/\/www.goiania.go.gov.br\/conselhotributario\/wp-json\/wp\/v2\/pages"}],"about":[{"href":"https:\/\/www.goiania.go.gov.br\/conselhotributario\/wp-json\/wp\/v2\/types\/page"}],"author":[{"embeddable":true,"href":"https:\/\/www.goiania.go.gov.br\/conselhotributario\/wp-json\/wp\/v2\/users\/1"}],"replies":[{"embeddable":true,"href":"https:\/\/www.goiania.go.gov.br\/conselhotributario\/wp-json\/wp\/v2\/comments?post=476"}],"version-history":[{"count":10,"href":"https:\/\/www.goiania.go.gov.br\/conselhotributario\/wp-json\/wp\/v2\/pages\/476\/revisions"}],"predecessor-version":[{"id":2831,"href":"https:\/\/www.goiania.go.gov.br\/conselhotributario\/wp-json\/wp\/v2\/pages\/476\/revisions\/2831"}],"wp:attachment":[{"href":"https:\/\/www.goiania.go.gov.br\/conselhotributario\/wp-json\/wp\/v2\/media?parent=476"}],"curies":[{"name":"wp","href":"https:\/\/api.w.org\/{rel}","templated":true}]}}