{"id":447,"date":"2020-07-08T14:06:13","date_gmt":"2020-07-08T17:06:13","guid":{"rendered":"https:\/\/www.goiania.go.gov.br\/conselhotributario\/atas-de-sessao-1a-camara\/atas-primeira-camara-2019\/"},"modified":"2023-11-24T16:24:58","modified_gmt":"2023-11-24T19:24:58","slug":"atas-primeira-camara-2019","status":"publish","type":"page","link":"https:\/\/www.goiania.go.gov.br\/conselhotributario\/atas-de-sessao-1a-camara\/atas-primeira-camara-2019\/","title":{"rendered":"Atas Primeira C\u00e2mara &#8211; 2019"},"content":{"rendered":"\n<p><a rel=\"noreferrer noopener\" href=\"http:\/\/www.goiania.go.gov.br\/conselhotributario\/wp-uploads\/sites\/24\/2020\/07\/435845428240741.pdf\" target=\"_blank\">Ata Primeira C\u00e2mara 14.03.2019<\/a><\/p>\n\n\n\n<p><a rel=\"noreferrer noopener\" href=\"http:\/\/www.goiania.go.gov.br\/conselhotributario\/wp-uploads\/sites\/24\/2020\/07\/437494523148148-1.pdf\" target=\"_blank\">Ata Primeira C\u00e2mara 10.10.2019<\/a><\/p>\n\n\n\n<p><a rel=\"noreferrer noopener\" href=\"http:\/\/www.goiania.go.gov.br\/conselhotributario\/wp-uploads\/sites\/24\/2020\/07\/437757033912037.pdf\" target=\"_blank\">Ata Primeira C\u00e2mara 06.11.2019<\/a><\/p>\n\n\n\n<p><a rel=\"noreferrer noopener\" href=\"http:\/\/www.goiania.go.gov.br\/conselhotributario\/wp-uploads\/sites\/24\/2020\/07\/437757033912037.pdf\" target=\"_blank\">Ata Primeira C\u00e2mara 27.11.2019<\/a><\/p>\n","protected":false},"excerpt":{"rendered":"<p>Ata Primeira C\u00e2mara 14.03.2019 Ata Primeira C\u00e2mara 10.10.2019 Ata Primeira C\u00e2mara 06.11.2019 Ata Primeira C\u00e2mara 27.11.2019<\/p>\n","protected":false},"author":67,"featured_media":0,"parent":444,"menu_order":7,"comment_status":"closed","ping_status":"closed","template":"","meta":{"_acf_changed":false,"custom_icon_class":"","footnotes":""},"class_list":["post-447","page","type-page","status-publish","hentry"],"acf":[],"_links":{"self":[{"href":"https:\/\/www.goiania.go.gov.br\/conselhotributario\/wp-json\/wp\/v2\/pages\/447","targetHints":{"allow":["GET"]}}],"collection":[{"href":"https:\/\/www.goiania.go.gov.br\/conselhotributario\/wp-json\/wp\/v2\/pages"}],"about":[{"href":"https:\/\/www.goiania.go.gov.br\/conselhotributario\/wp-json\/wp\/v2\/types\/page"}],"author":[{"embeddable":true,"href":"https:\/\/www.goiania.go.gov.br\/conselhotributario\/wp-json\/wp\/v2\/users\/67"}],"replies":[{"embeddable":true,"href":"https:\/\/www.goiania.go.gov.br\/conselhotributario\/wp-json\/wp\/v2\/comments?post=447"}],"version-history":[{"count":5,"href":"https:\/\/www.goiania.go.gov.br\/conselhotributario\/wp-json\/wp\/v2\/pages\/447\/revisions"}],"predecessor-version":[{"id":2064,"href":"https:\/\/www.goiania.go.gov.br\/conselhotributario\/wp-json\/wp\/v2\/pages\/447\/revisions\/2064"}],"up":[{"embeddable":true,"href":"https:\/\/www.goiania.go.gov.br\/conselhotributario\/wp-json\/wp\/v2\/pages\/444"}],"wp:attachment":[{"href":"https:\/\/www.goiania.go.gov.br\/conselhotributario\/wp-json\/wp\/v2\/media?parent=447"}],"curies":[{"name":"wp","href":"https:\/\/api.w.org\/{rel}","templated":true}]}}