{"id":444,"date":"2020-07-08T13:59:52","date_gmt":"2020-07-08T16:59:52","guid":{"rendered":"https:\/\/www.goiania.go.gov.br\/conselhotributario\/?page_id=444"},"modified":"2026-03-18T10:21:23","modified_gmt":"2026-03-18T13:21:23","slug":"atas-de-sessao-1a-camara","status":"publish","type":"page","link":"https:\/\/www.goiania.go.gov.br\/conselhotributario\/atas-de-sessao-1a-camara\/","title":{"rendered":"Atas de Sess\u00e3o 1\u00aa C\u00e2mara"},"content":{"rendered":"\n<p><a href=\"https:\/\/www.goiania.go.gov.br\/conselhotributario\/atas-de-sessao-1a-camara\/atas-primeira-camara-2026\/\">Atas Primeira C\u00e2mara &#8211; 2026<\/a><\/p>\n\n\n\n<p><a href=\"https:\/\/www.goiania.go.gov.br\/conselhotributario\/atas-de-sessao-1a-camara\/atas-primeira-camara-2025\/\">Atas Primeira C\u00e2mara &#8211; 2025<\/a><\/p>\n\n\n\n<p><a href=\"https:\/\/www.goiania.go.gov.br\/conselhotributario\/atas-de-sessao-1a-camara\/atas-primeira-camara-2024\/\">Atas Primeira C\u00e2mara &#8211; 2024<\/a><\/p>\n\n\n\n<p><a href=\"https:\/\/www.goiania.go.gov.br\/conselhotributario\/atas-de-sessao-1a-camara\/atas-primeira-camara-2023\/\">Atas Primeira C\u00e2mara &#8211; 2023<\/a><\/p>\n\n\n\n<p><a href=\"https:\/\/www.goiania.go.gov.br\/conselhotributario\/atas-de-sessao-1a-camara\/atas-primeira-camara-2022\/\">Atas Primeira C\u00e2mara &#8211; 2022<\/a><\/p>\n\n\n\n<p><a href=\"https:\/\/www.goiania.go.gov.br\/conselhotributario\/atas-de-sessao-1a-camara\/atas-primeira-camara-2021\/\">Atas Primeira C\u00e2mara &#8211; 2021<\/a><\/p>\n\n\n\n<p><a href=\"https:\/\/www.goiania.go.gov.br\/conselhotributario\/atas-de-sessao-1a-camara\/atas-primeira-camara-2020\/\">Atas Primeira C\u00e2mara &#8211; 2020<\/a><\/p>\n\n\n\n<p><a href=\"https:\/\/www.goiania.go.gov.br\/conselhotributario\/atas-de-sessao-1a-camara\/atas-primeira-camara-2019\/\">Atas Primeira C\u00e2mara &#8211; 2019<\/a><\/p>\n\n\n\n<p><a href=\"https:\/\/www.goiania.go.gov.br\/conselhotributario\/atas-de-sessao-1a-camara\/atas-primeira-camara-2018\/\">Atas Primeira C\u00e2mara &#8211; 2018<\/a><\/p>\n","protected":false},"excerpt":{"rendered":"<p>Atas Primeira C\u00e2mara &#8211; 2026 Atas Primeira C\u00e2mara &#8211; 2025 Atas Primeira C\u00e2mara &#8211; 2024 Atas Primeira C\u00e2mara &#8211; 2023 Atas Primeira C\u00e2mara &#8211; 2022 Atas Primeira C\u00e2mara &#8211; 2021 Atas Primeira C\u00e2mara &#8211; 2020 Atas Primeira C\u00e2mara &#8211; 2019 Atas Primeira C\u00e2mara &#8211; 2018<\/p>\n","protected":false},"author":1,"featured_media":0,"parent":0,"menu_order":2,"comment_status":"closed","ping_status":"closed","template":"","meta":{"_acf_changed":false,"custom_icon_class":"","footnotes":""},"class_list":["post-444","page","type-page","status-publish","hentry"],"acf":[],"_links":{"self":[{"href":"https:\/\/www.goiania.go.gov.br\/conselhotributario\/wp-json\/wp\/v2\/pages\/444","targetHints":{"allow":["GET"]}}],"collection":[{"href":"https:\/\/www.goiania.go.gov.br\/conselhotributario\/wp-json\/wp\/v2\/pages"}],"about":[{"href":"https:\/\/www.goiania.go.gov.br\/conselhotributario\/wp-json\/wp\/v2\/types\/page"}],"author":[{"embeddable":true,"href":"https:\/\/www.goiania.go.gov.br\/conselhotributario\/wp-json\/wp\/v2\/users\/1"}],"replies":[{"embeddable":true,"href":"https:\/\/www.goiania.go.gov.br\/conselhotributario\/wp-json\/wp\/v2\/comments?post=444"}],"version-history":[{"count":10,"href":"https:\/\/www.goiania.go.gov.br\/conselhotributario\/wp-json\/wp\/v2\/pages\/444\/revisions"}],"predecessor-version":[{"id":2830,"href":"https:\/\/www.goiania.go.gov.br\/conselhotributario\/wp-json\/wp\/v2\/pages\/444\/revisions\/2830"}],"wp:attachment":[{"href":"https:\/\/www.goiania.go.gov.br\/conselhotributario\/wp-json\/wp\/v2\/media?parent=444"}],"curies":[{"name":"wp","href":"https:\/\/api.w.org\/{rel}","templated":true}]}}