{"id":365,"date":"2020-07-08T10:20:50","date_gmt":"2020-07-08T13:20:50","guid":{"rendered":"https:\/\/www.goiania.go.gov.br\/conselhotributario\/?page_id=365"},"modified":"2026-03-18T10:27:08","modified_gmt":"2026-03-18T13:27:08","slug":"colegio-pleno-tributario","status":"publish","type":"page","link":"https:\/\/www.goiania.go.gov.br\/conselhotributario\/colegio-pleno-tributario\/","title":{"rendered":"Col\u00e9gio Pleno Tribut\u00e1rio"},"content":{"rendered":"\n<p><a href=\"https:\/\/www.goiania.go.gov.br\/conselhotributario\/colegio-pleno-tributario\/pautas-colegio-pleno-tributario-2026\/\">Pautas Col\u00e9gio Pleno Tribut\u00e1rio &#8211; 2026<\/a><\/p>\n\n\n\n<p><a href=\"https:\/\/www.goiania.go.gov.br\/conselhotributario\/colegio-pleno-tributario\/pautas-colegio-pleno-tributario-2025\/\">Pautas Col\u00e9gio Pleno Tribut\u00e1rio &#8211; 2025<\/a><\/p>\n\n\n\n<p><a href=\"https:\/\/www.goiania.go.gov.br\/conselhotributario\/colegio-pleno-tributario\/pautas-colegio-pleno-tributario-1a-e-2a-camaras-2024\/\">Pautas Col\u00e9gio Pleno Tribut\u00e1rio &#8211; 2024<\/a><\/p>\n\n\n\n<p><a href=\"https:\/\/www.goiania.go.gov.br\/conselhotributario\/colegio-pleno-tributario\/pautas-colegio-pleno-tributario-1a-e-2a-camaras-2023\/\">Pautas Col\u00e9gio Pleno Tribut\u00e1rio &#8211; 2023<\/a><\/p>\n\n\n\n<p><a href=\"https:\/\/www.goiania.go.gov.br\/conselhotributario\/colegio-pleno-tributario\/pautas-colegio-pleno-1-e-2-camaras-2022\/\">Pautas Col\u00e9gio Pleno Tribut\u00e1rio &#8211; 2022<\/a><\/p>\n\n\n\n<p><a href=\"https:\/\/www.goiania.go.gov.br\/conselhotributario\/colegio-pleno-tributario\/pautas-colegio-pleno-1-e-2-camaras-2021\/\">Pautas Col\u00e9gio Pleno Tribut\u00e1rio &#8211; 2021<\/a><\/p>\n\n\n\n<p><a href=\"https:\/\/www.goiania.go.gov.br\/conselhotributario\/colegio-pleno-tributario\/pautas-colegio-pleno-2020\/\">Pautas Col\u00e9gio Pleno Tribut\u00e1rio &#8211; 2020<\/a><\/p>\n\n\n\n<p><a href=\"https:\/\/www.goiania.go.gov.br\/conselhotributario\/colegio-pleno-tributario\/pautas-colegio-pleno-tributario-1a-e-2a-camara-2019\/\">Pautas Col\u00e9gio Pleno Tribut\u00e1rio &#8211; 2019<\/a><\/p>\n\n\n\n<p><a href=\"https:\/\/www.goiania.go.gov.br\/conselhotributario\/colegio-pleno-tributario\/pautas-colegio-pleno-2018\/\">Pautas Col\u00e9gio Pleno Tribut\u00e1rio &#8211; 2018<\/a><\/p>\n\n\n\n<p><a href=\"https:\/\/www.goiania.go.gov.br\/conselhotributario\/colegio-pleno-tributario\/pautas-colegio-pleno-2017\/\">Pautas Col\u00e9gio Pleno Tribut\u00e1rio &#8211; 2017<\/a><\/p>\n","protected":false},"excerpt":{"rendered":"<p>Pautas Col\u00e9gio Pleno Tribut\u00e1rio &#8211; 2026 Pautas Col\u00e9gio Pleno Tribut\u00e1rio &#8211; 2025 Pautas Col\u00e9gio Pleno Tribut\u00e1rio &#8211; 2024 Pautas Col\u00e9gio Pleno Tribut\u00e1rio &#8211; 2023 Pautas Col\u00e9gio Pleno Tribut\u00e1rio &#8211; 2022 Pautas Col\u00e9gio Pleno Tribut\u00e1rio &#8211; 2021 Pautas Col\u00e9gio Pleno Tribut\u00e1rio &#8211; 2020 Pautas Col\u00e9gio Pleno Tribut\u00e1rio &#8211; 2019 Pautas Col\u00e9gio Pleno Tribut\u00e1rio &#8211; 2018 Pautas [&hellip;]<\/p>\n","protected":false},"author":1,"featured_media":0,"parent":0,"menu_order":17,"comment_status":"closed","ping_status":"closed","template":"","meta":{"_acf_changed":false,"custom_icon_class":"","footnotes":""},"class_list":["post-365","page","type-page","status-publish","hentry"],"acf":[],"_links":{"self":[{"href":"https:\/\/www.goiania.go.gov.br\/conselhotributario\/wp-json\/wp\/v2\/pages\/365","targetHints":{"allow":["GET"]}}],"collection":[{"href":"https:\/\/www.goiania.go.gov.br\/conselhotributario\/wp-json\/wp\/v2\/pages"}],"about":[{"href":"https:\/\/www.goiania.go.gov.br\/conselhotributario\/wp-json\/wp\/v2\/types\/page"}],"author":[{"embeddable":true,"href":"https:\/\/www.goiania.go.gov.br\/conselhotributario\/wp-json\/wp\/v2\/users\/1"}],"replies":[{"embeddable":true,"href":"https:\/\/www.goiania.go.gov.br\/conselhotributario\/wp-json\/wp\/v2\/comments?post=365"}],"version-history":[{"count":10,"href":"https:\/\/www.goiania.go.gov.br\/conselhotributario\/wp-json\/wp\/v2\/pages\/365\/revisions"}],"predecessor-version":[{"id":2839,"href":"https:\/\/www.goiania.go.gov.br\/conselhotributario\/wp-json\/wp\/v2\/pages\/365\/revisions\/2839"}],"wp:attachment":[{"href":"https:\/\/www.goiania.go.gov.br\/conselhotributario\/wp-json\/wp\/v2\/media?parent=365"}],"curies":[{"name":"wp","href":"https:\/\/api.w.org\/{rel}","templated":true}]}}