{"id":3,"date":"2019-05-13T11:37:32","date_gmt":"2019-05-13T14:37:32","guid":{"rendered":"http:\/\/localhost\/goiania-site\/public_html\/?page_id=739"},"modified":"2025-04-28T12:18:07","modified_gmt":"2025-04-28T15:18:07","slug":"fale-conosco","status":"publish","type":"page","link":"https:\/\/www.goiania.go.gov.br\/conselhotributario\/fale-conosco\/","title":{"rendered":"Fale Conosco"},"content":{"rendered":"\n<p><strong>Endere\u00e7o<\/strong><\/p>\n\n\n\n<p>Pal\u00e1cio das Campinas Venerando de Freitas Borges (Pa\u00e7o Municipal)<br>Av. do Cerrado, n\u00b0 999, Park Lozandes, Goi\u00e2nia &#8211; GO, CEP: 74884-900<br>Bloco E, 2\u00b0 andar<\/p>\n\n\n\n<p><strong>Telefone Geral:<\/strong><\/p>\n\n\n\n<p>(062) 3524-3335 &#8211; Ramal: 277<\/p>\n\n\n\n<p><strong>E-mail:<\/strong><\/p>\n\n\n\n<p><strong><a href=\"mailto:ctf.sefin@gmail.com\">ctf.sefin@gmail.com<\/a><\/strong><\/p>\n\n\n\n<h2 class=\"wp-block-heading\">Envie sua mensagem<\/h2>\n","protected":false},"excerpt":{"rendered":"<p>Endere\u00e7o Pal\u00e1cio das Campinas Venerando de Freitas Borges (Pa\u00e7o Municipal)Av. do Cerrado, n\u00b0 999, Park Lozandes, Goi\u00e2nia &#8211; GO, CEP: 74884-900Bloco E, 2\u00b0 andar Telefone Geral: (062) 3524-3335 &#8211; Ramal: 277 E-mail: ctf.sefin@gmail.com Envie sua mensagem<\/p>\n","protected":false},"author":1,"featured_media":0,"parent":0,"menu_order":19,"comment_status":"closed","ping_status":"closed","template":"","meta":{"_acf_changed":false,"custom_icon_class":"","footnotes":""},"class_list":["post-3","page","type-page","status-publish","hentry"],"acf":[],"_links":{"self":[{"href":"https:\/\/www.goiania.go.gov.br\/conselhotributario\/wp-json\/wp\/v2\/pages\/3","targetHints":{"allow":["GET"]}}],"collection":[{"href":"https:\/\/www.goiania.go.gov.br\/conselhotributario\/wp-json\/wp\/v2\/pages"}],"about":[{"href":"https:\/\/www.goiania.go.gov.br\/conselhotributario\/wp-json\/wp\/v2\/types\/page"}],"author":[{"embeddable":true,"href":"https:\/\/www.goiania.go.gov.br\/conselhotributario\/wp-json\/wp\/v2\/users\/1"}],"replies":[{"embeddable":true,"href":"https:\/\/www.goiania.go.gov.br\/conselhotributario\/wp-json\/wp\/v2\/comments?post=3"}],"version-history":[{"count":7,"href":"https:\/\/www.goiania.go.gov.br\/conselhotributario\/wp-json\/wp\/v2\/pages\/3\/revisions"}],"predecessor-version":[{"id":2625,"href":"https:\/\/www.goiania.go.gov.br\/conselhotributario\/wp-json\/wp\/v2\/pages\/3\/revisions\/2625"}],"wp:attachment":[{"href":"https:\/\/www.goiania.go.gov.br\/conselhotributario\/wp-json\/wp\/v2\/media?parent=3"}],"curies":[{"name":"wp","href":"https:\/\/api.w.org\/{rel}","templated":true}]}}