{"id":293,"date":"2019-05-13T11:37:32","date_gmt":"2020-07-07T19:11:19","guid":{"rendered":"https:\/\/www.goiania.go.gov.br\/conselhotributario\/?page_id=293"},"modified":"2026-03-18T10:26:31","modified_gmt":"2026-03-18T13:26:31","slug":"4a-camara","status":"publish","type":"page","link":"https:\/\/www.goiania.go.gov.br\/conselhotributario\/4a-camara\/","title":{"rendered":"Pautas 4\u00aa C\u00e2mara"},"content":{"rendered":"\n<p><a href=\"https:\/\/www.goiania.go.gov.br\/conselhotributario\/4a-camara\/pautas-quarta-camara-2026\/\">Pautas Quarta C\u00e2mara &#8211; 2026<\/a><\/p>\n\n\n\n<p><a href=\"https:\/\/www.goiania.go.gov.br\/conselhotributario\/4a-camara\/pautas-quarta-camara-2025\/\">Pautas Quarta C\u00e2mara &#8211; 2025<\/a><\/p>\n\n\n\n<p><a href=\"https:\/\/www.goiania.go.gov.br\/conselhotributario\/4a-camara\/pautas-4a-camara-2024\/\">Pautas Quarta C\u00e2mara &#8211; 2024<\/a><\/p>\n\n\n\n<p><a href=\"https:\/\/www.goiania.go.gov.br\/conselhotributario\/4a-camara\/pautas-4a-camara-2023\/\">Pautas Quarta C\u00e2mara &#8211; 2023<\/a><\/p>\n\n\n\n<p><a href=\"https:\/\/www.goiania.go.gov.br\/conselhotributario\/4a-camara\/pautas-4a-camara-2022\/\">Pautas Quarta C\u00e2mara &#8211; 2022<\/a><\/p>\n\n\n\n<p><a href=\"https:\/\/www.goiania.go.gov.br\/conselhotributario\/4a-camara\/pautas-4a-camara-2021\/\">Pautas Quarta C\u00e2mara &#8211; 2021<\/a><\/p>\n\n\n\n<p><a href=\"https:\/\/www.goiania.go.gov.br\/conselhotributario\/4a-camara\/pautas-4a-camara-2020\/\">Pautas Quarta C\u00e2mara &#8211; 2020<\/a><\/p>\n\n\n\n<p><a href=\"https:\/\/www.goiania.go.gov.br\/conselhotributario\/4a-camara\/pautas-4a-camara-2019\/\">Pautas Quarta C\u00e2mara &#8211; 2019<\/a><\/p>\n\n\n\n<p><a href=\"https:\/\/www.goiania.go.gov.br\/conselhotributario\/4a-camara\/pautas-4a-camara-2018\/\">Pautas Quarta C\u00e2mara &#8211; 2018<\/a><\/p>\n\n\n\n<p><a href=\"https:\/\/www.goiania.go.gov.br\/conselhotributario\/4a-camara\/pautas-4a-camara-2017\/\">Pautas Quarta C\u00e2mara &#8211; 2017<\/a><\/p>\n","protected":false},"excerpt":{"rendered":"<p>Pautas Quarta C\u00e2mara &#8211; 2026 Pautas Quarta C\u00e2mara &#8211; 2025 Pautas Quarta C\u00e2mara &#8211; 2024 Pautas Quarta C\u00e2mara &#8211; 2023 Pautas Quarta C\u00e2mara &#8211; 2022 Pautas Quarta C\u00e2mara &#8211; 2021 Pautas Quarta C\u00e2mara &#8211; 2020 Pautas Quarta C\u00e2mara &#8211; 2019 Pautas Quarta C\u00e2mara &#8211; 2018 Pautas Quarta C\u00e2mara &#8211; 2017<\/p>\n","protected":false},"author":1,"featured_media":0,"parent":0,"menu_order":16,"comment_status":"closed","ping_status":"closed","template":"","meta":{"_acf_changed":false,"custom_icon_class":"","footnotes":""},"class_list":["post-293","page","type-page","status-publish","hentry"],"acf":[],"_links":{"self":[{"href":"https:\/\/www.goiania.go.gov.br\/conselhotributario\/wp-json\/wp\/v2\/pages\/293","targetHints":{"allow":["GET"]}}],"collection":[{"href":"https:\/\/www.goiania.go.gov.br\/conselhotributario\/wp-json\/wp\/v2\/pages"}],"about":[{"href":"https:\/\/www.goiania.go.gov.br\/conselhotributario\/wp-json\/wp\/v2\/types\/page"}],"author":[{"embeddable":true,"href":"https:\/\/www.goiania.go.gov.br\/conselhotributario\/wp-json\/wp\/v2\/users\/1"}],"replies":[{"embeddable":true,"href":"https:\/\/www.goiania.go.gov.br\/conselhotributario\/wp-json\/wp\/v2\/comments?post=293"}],"version-history":[{"count":10,"href":"https:\/\/www.goiania.go.gov.br\/conselhotributario\/wp-json\/wp\/v2\/pages\/293\/revisions"}],"predecessor-version":[{"id":2838,"href":"https:\/\/www.goiania.go.gov.br\/conselhotributario\/wp-json\/wp\/v2\/pages\/293\/revisions\/2838"}],"wp:attachment":[{"href":"https:\/\/www.goiania.go.gov.br\/conselhotributario\/wp-json\/wp\/v2\/media?parent=293"}],"curies":[{"name":"wp","href":"https:\/\/api.w.org\/{rel}","templated":true}]}}