{"id":2566,"date":"2025-01-16T09:55:54","date_gmt":"2025-01-16T12:55:54","guid":{"rendered":"https:\/\/www.goiania.go.gov.br\/conselhotributario\/4a-camara\/pautas-quarta-camara-2025\/"},"modified":"2025-12-03T15:31:13","modified_gmt":"2025-12-03T18:31:13","slug":"pautas-quarta-camara-2025","status":"publish","type":"page","link":"https:\/\/www.goiania.go.gov.br\/conselhotributario\/4a-camara\/pautas-quarta-camara-2025\/","title":{"rendered":"Pautas Quarta C\u00e2mara &#8211; 2025"},"content":{"rendered":"\n<p><a href=\"https:\/\/www.goiania.go.gov.br\/conselhotributario\/wp-content\/uploads\/sites\/24\/2025\/05\/Pauta-de-Julgamento-4a-Camara-03.06.2025.pdf\">Pauta Quarta C\u00e2mara 03.06.2025 &#8211; Sess\u00e3o Virtual<\/a><\/p>\n\n\n\n<p><a href=\"https:\/\/www.goiania.go.gov.br\/conselhotributario\/wp-content\/uploads\/sites\/24\/2025\/07\/Pauta-Sessao-de-Julgamento-Virtual-12.08.2025-4a-Camara.pdf\">Pauta Quarta C\u00e2mara 12.08.2025 &#8211; Sess\u00e3o Virtual<\/a><\/p>\n\n\n\n<p><a href=\"https:\/\/www.goiania.go.gov.br\/conselhotributario\/wp-content\/uploads\/sites\/24\/2025\/12\/Pauta-Quarta-Camara-18.12.2025.pdf\">Pauta Quarta C\u00e2mara 18.12.2025 &#8211; Sess\u00e3o Virtual<\/a><\/p>\n\n\n\n<p><\/p>\n","protected":false},"excerpt":{"rendered":"<p>Pauta Quarta C\u00e2mara 03.06.2025 &#8211; Sess\u00e3o Virtual Pauta Quarta C\u00e2mara 12.08.2025 &#8211; Sess\u00e3o Virtual Pauta Quarta C\u00e2mara 18.12.2025 &#8211; Sess\u00e3o Virtual<\/p>\n","protected":false},"author":67,"featured_media":0,"parent":293,"menu_order":1,"comment_status":"closed","ping_status":"closed","template":"","meta":{"_acf_changed":false,"custom_icon_class":"","footnotes":""},"class_list":["post-2566","page","type-page","status-publish","hentry"],"acf":[],"_links":{"self":[{"href":"https:\/\/www.goiania.go.gov.br\/conselhotributario\/wp-json\/wp\/v2\/pages\/2566","targetHints":{"allow":["GET"]}}],"collection":[{"href":"https:\/\/www.goiania.go.gov.br\/conselhotributario\/wp-json\/wp\/v2\/pages"}],"about":[{"href":"https:\/\/www.goiania.go.gov.br\/conselhotributario\/wp-json\/wp\/v2\/types\/page"}],"author":[{"embeddable":true,"href":"https:\/\/www.goiania.go.gov.br\/conselhotributario\/wp-json\/wp\/v2\/users\/67"}],"replies":[{"embeddable":true,"href":"https:\/\/www.goiania.go.gov.br\/conselhotributario\/wp-json\/wp\/v2\/comments?post=2566"}],"version-history":[{"count":4,"href":"https:\/\/www.goiania.go.gov.br\/conselhotributario\/wp-json\/wp\/v2\/pages\/2566\/revisions"}],"predecessor-version":[{"id":2718,"href":"https:\/\/www.goiania.go.gov.br\/conselhotributario\/wp-json\/wp\/v2\/pages\/2566\/revisions\/2718"}],"up":[{"embeddable":true,"href":"https:\/\/www.goiania.go.gov.br\/conselhotributario\/wp-json\/wp\/v2\/pages\/293"}],"wp:attachment":[{"href":"https:\/\/www.goiania.go.gov.br\/conselhotributario\/wp-json\/wp\/v2\/media?parent=2566"}],"curies":[{"name":"wp","href":"https:\/\/api.w.org\/{rel}","templated":true}]}}