{"id":2545,"date":"2025-01-16T09:41:37","date_gmt":"2025-01-16T12:41:37","guid":{"rendered":"https:\/\/www.goiania.go.gov.br\/conselhotributario\/1a-camara\/pautas-primeira-camara-2025\/"},"modified":"2026-03-30T15:04:02","modified_gmt":"2026-03-30T18:04:02","slug":"pautas-primeira-camara-2025","status":"publish","type":"page","link":"https:\/\/www.goiania.go.gov.br\/conselhotributario\/1a-camara\/pautas-primeira-camara-2025\/","title":{"rendered":"Pautas Primeira C\u00e2mara &#8211; 2025"},"content":{"rendered":"\n<p><a href=\"https:\/\/www.goiania.go.gov.br\/conselhotributario\/wp-content\/uploads\/sites\/24\/2025\/05\/Pauta-de-Julgamento-1a-Camara.pdf\">Pauta Primeira C\u00e2mara 04.06.2025 &#8211; Sess\u00e3o Virtual<\/a><\/p>\n\n\n\n<p><a href=\"https:\/\/www.goiania.go.gov.br\/conselhotributario\/wp-content\/uploads\/sites\/24\/2025\/07\/Pauta-Sessao-de-Julgamento-Virtual-Primeira-Camara-1.pdf\">Pauta Primeira C\u00e2mara 06.08.2025 &#8211; Sess\u00e3o Virtual<\/a><\/p>\n\n\n\n<p><a href=\"https:\/\/www.goiania.go.gov.br\/conselhotributario\/wp-content\/uploads\/sites\/24\/2025\/12\/Pauta-Primeira-Camara-16.12.2025.pdf\">Pauta Primeira C\u00e2mara 16.12.2025 &#8211; Sess\u00e3o Virtual<\/a><\/p>\n\n\n\n<p><a href=\"https:\/\/www.goiania.go.gov.br\/conselhotributario\/wp-content\/uploads\/sites\/24\/2025\/12\/Decisao-4404-Paradigma-25.5.000060132-1.pdf\">Decis\u00e3o n\u00ba 4404 &#8211; Processo Paradigma n\u00ba 25.5.000060132-1<\/a><\/p>\n\n\n\n<p><a href=\"https:\/\/www.goiania.go.gov.br\/conselhotributario\/wp-content\/uploads\/sites\/24\/2025\/12\/Decisao-4406-Paradigma-25.5.000054147-7.pdf\">Decis\u00e3o n\u00ba 4406 &#8211; Processo Paradigma n\u00ba 25.5.000054147-7<\/a><\/p>\n\n\n\n<p><a href=\"https:\/\/www.goiania.go.gov.br\/conselhotributario\/wp-content\/uploads\/sites\/24\/2025\/12\/Decisao-4407-Paradigma-25.5.000055764-0.pdf\">Decis\u00e3o n\u00ba 4407 &#8211; Processo Paradigma n\u00ba 25.5.000055764-0<\/a><\/p>\n\n\n\n<p><a href=\"https:\/\/www.goiania.go.gov.br\/conselhotributario\/wp-content\/uploads\/sites\/24\/2025\/12\/Decisao-4409-Paradigma-25.5.000074694-0.pdf\">Decis\u00e3o n\u00ba 4409 &#8211; Processo Paradigma n\u00ba 25.5.000074694-0<\/a><\/p>\n\n\n\n<p><\/p>\n\n\n\n<p><\/p>\n","protected":false},"excerpt":{"rendered":"<p>Pauta Primeira C\u00e2mara 04.06.2025 &#8211; Sess\u00e3o Virtual Pauta Primeira C\u00e2mara 06.08.2025 &#8211; Sess\u00e3o Virtual Pauta Primeira C\u00e2mara 16.12.2025 &#8211; Sess\u00e3o Virtual Decis\u00e3o n\u00ba 4404 &#8211; Processo Paradigma n\u00ba 25.5.000060132-1 Decis\u00e3o n\u00ba 4406 &#8211; Processo Paradigma n\u00ba 25.5.000054147-7 Decis\u00e3o n\u00ba 4407 &#8211; Processo Paradigma n\u00ba 25.5.000055764-0 Decis\u00e3o n\u00ba 4409 &#8211; Processo Paradigma n\u00ba 25.5.000074694-0<\/p>\n","protected":false},"author":67,"featured_media":0,"parent":61,"menu_order":1,"comment_status":"closed","ping_status":"closed","template":"","meta":{"_acf_changed":false,"custom_icon_class":"","footnotes":""},"class_list":["post-2545","page","type-page","status-publish","hentry"],"acf":[],"_links":{"self":[{"href":"https:\/\/www.goiania.go.gov.br\/conselhotributario\/wp-json\/wp\/v2\/pages\/2545","targetHints":{"allow":["GET"]}}],"collection":[{"href":"https:\/\/www.goiania.go.gov.br\/conselhotributario\/wp-json\/wp\/v2\/pages"}],"about":[{"href":"https:\/\/www.goiania.go.gov.br\/conselhotributario\/wp-json\/wp\/v2\/types\/page"}],"author":[{"embeddable":true,"href":"https:\/\/www.goiania.go.gov.br\/conselhotributario\/wp-json\/wp\/v2\/users\/67"}],"replies":[{"embeddable":true,"href":"https:\/\/www.goiania.go.gov.br\/conselhotributario\/wp-json\/wp\/v2\/comments?post=2545"}],"version-history":[{"count":7,"href":"https:\/\/www.goiania.go.gov.br\/conselhotributario\/wp-json\/wp\/v2\/pages\/2545\/revisions"}],"predecessor-version":[{"id":2849,"href":"https:\/\/www.goiania.go.gov.br\/conselhotributario\/wp-json\/wp\/v2\/pages\/2545\/revisions\/2849"}],"up":[{"embeddable":true,"href":"https:\/\/www.goiania.go.gov.br\/conselhotributario\/wp-json\/wp\/v2\/pages\/61"}],"wp:attachment":[{"href":"https:\/\/www.goiania.go.gov.br\/conselhotributario\/wp-json\/wp\/v2\/media?parent=2545"}],"curies":[{"name":"wp","href":"https:\/\/api.w.org\/{rel}","templated":true}]}}