{"id":2538,"date":"2025-01-16T09:33:29","date_gmt":"2025-01-16T12:33:29","guid":{"rendered":"https:\/\/www.goiania.go.gov.br\/conselhotributario\/atas-colegio-pleno-tributario\/atas-colegio-pleno-tributario-2025\/"},"modified":"2026-01-08T09:42:26","modified_gmt":"2026-01-08T12:42:26","slug":"atas-colegio-pleno-tributario-2025","status":"publish","type":"page","link":"https:\/\/www.goiania.go.gov.br\/conselhotributario\/atas-colegio-pleno-tributario\/atas-colegio-pleno-tributario-2025\/","title":{"rendered":"Atas Col\u00e9gio Pleno Tribut\u00e1rio &#8211; 2025"},"content":{"rendered":"\n<p><a href=\"https:\/\/www.goiania.go.gov.br\/conselhotributario\/wp-content\/uploads\/sites\/24\/2025\/08\/Ata-Colegio-Pleno-Tributario-13.08.2025.pdf\">Ata Col\u00e9gio Pleno Tribut\u00e1rio 1\u00aa e 2\u00aa C\u00e2maras 13.08.2025 &#8211; Sess\u00e3o Virtual<\/a><\/p>\n\n\n\n<p><a href=\"https:\/\/www.goiania.go.gov.br\/conselhotributario\/wp-content\/uploads\/sites\/24\/2025\/12\/Ata-Sessao-de-Julgamento-Virtual-Colegio-Pleno-Tributario-15.12.2025.pdf\">Ata Col\u00e9gio Pleno Tribut\u00e1rio 1\u00aa e 2\u00aa C\u00e2maras 15.12.2025 &#8211; Sess\u00e3o Virtual<\/a><\/p>\n\n\n\n<p><a href=\"https:\/\/www.goiania.go.gov.br\/conselhotributario\/wp-content\/uploads\/sites\/24\/2026\/01\/Ata-Eleicao-Vice-CTF.pdf\">Ata Elei\u00e7\u00e3o Vice-Presidente do Conselho Tribut\u00e1rio Fiscal 15.12.2025 &#8211; Sess\u00e3o Virtual<\/a><\/p>\n\n\n\n<p><\/p>\n","protected":false},"excerpt":{"rendered":"<p>Ata Col\u00e9gio Pleno Tribut\u00e1rio 1\u00aa e 2\u00aa C\u00e2maras 13.08.2025 &#8211; Sess\u00e3o Virtual Ata Col\u00e9gio Pleno Tribut\u00e1rio 1\u00aa e 2\u00aa C\u00e2maras 15.12.2025 &#8211; Sess\u00e3o Virtual Ata Elei\u00e7\u00e3o Vice-Presidente do Conselho Tribut\u00e1rio Fiscal 15.12.2025 &#8211; Sess\u00e3o Virtual<\/p>\n","protected":false},"author":67,"featured_media":0,"parent":694,"menu_order":1,"comment_status":"closed","ping_status":"closed","template":"","meta":{"_acf_changed":false,"custom_icon_class":"","footnotes":""},"class_list":["post-2538","page","type-page","status-publish","hentry"],"acf":[],"_links":{"self":[{"href":"https:\/\/www.goiania.go.gov.br\/conselhotributario\/wp-json\/wp\/v2\/pages\/2538","targetHints":{"allow":["GET"]}}],"collection":[{"href":"https:\/\/www.goiania.go.gov.br\/conselhotributario\/wp-json\/wp\/v2\/pages"}],"about":[{"href":"https:\/\/www.goiania.go.gov.br\/conselhotributario\/wp-json\/wp\/v2\/types\/page"}],"author":[{"embeddable":true,"href":"https:\/\/www.goiania.go.gov.br\/conselhotributario\/wp-json\/wp\/v2\/users\/67"}],"replies":[{"embeddable":true,"href":"https:\/\/www.goiania.go.gov.br\/conselhotributario\/wp-json\/wp\/v2\/comments?post=2538"}],"version-history":[{"count":4,"href":"https:\/\/www.goiania.go.gov.br\/conselhotributario\/wp-json\/wp\/v2\/pages\/2538\/revisions"}],"predecessor-version":[{"id":2765,"href":"https:\/\/www.goiania.go.gov.br\/conselhotributario\/wp-json\/wp\/v2\/pages\/2538\/revisions\/2765"}],"up":[{"embeddable":true,"href":"https:\/\/www.goiania.go.gov.br\/conselhotributario\/wp-json\/wp\/v2\/pages\/694"}],"wp:attachment":[{"href":"https:\/\/www.goiania.go.gov.br\/conselhotributario\/wp-json\/wp\/v2\/media?parent=2538"}],"curies":[{"name":"wp","href":"https:\/\/api.w.org\/{rel}","templated":true}]}}