{"id":2517,"date":"2025-01-16T09:24:23","date_gmt":"2025-01-16T12:24:23","guid":{"rendered":"https:\/\/www.goiania.go.gov.br\/conselhotributario\/atas-4a-camara\/atas-quarta-camara-2025\/"},"modified":"2026-03-12T08:38:32","modified_gmt":"2026-03-12T11:38:32","slug":"atas-quarta-camara-2025","status":"publish","type":"page","link":"https:\/\/www.goiania.go.gov.br\/conselhotributario\/atas-4a-camara\/atas-quarta-camara-2025\/","title":{"rendered":"Atas Quarta C\u00e2mara &#8211; 2025"},"content":{"rendered":"\n<p><a href=\"https:\/\/www.goiania.go.gov.br\/conselhotributario\/wp-content\/uploads\/sites\/24\/2025\/06\/Ata-Sessao-Virtual-03.06.2025-Quarta-Camara.pdf\">Ata <\/a><a href=\"https:\/\/www.goiania.go.gov.br\/conselhotributario\/wp-content\/uploads\/sites\/24\/2026\/03\/Ata-Sessao-de-Julgamento-4aC-realizada-em-03.06.2025.pdf\">Quarta C\u00e2mara 03.06.2025 &#8211; Sess\u00e3<\/a><a href=\"https:\/\/www.goiania.go.gov.br\/conselhotributario\/wp-content\/uploads\/sites\/24\/2025\/06\/Ata-Sessao-Virtual-03.06.2025-Quarta-Camara.pdf\">o Virtual<\/a><\/p>\n\n\n\n<p><a href=\"https:\/\/www.goiania.go.gov.br\/conselhotributario\/wp-content\/uploads\/sites\/24\/2026\/03\/Ata-Sessao-de-Julgamento-4aC-realizada-em-12.08.2025.pdf\">Ata Quarta C\u00e2mara 12.08.2025 &#8211; Sess\u00e3o Virtual<\/a><\/p>\n\n\n\n<p><a href=\"https:\/\/www.goiania.go.gov.br\/conselhotributario\/wp-content\/uploads\/sites\/24\/2026\/03\/Ata-Sessao-de-Julgamento-4aC-realizada-em-18.12.2025.pdf\">Ata Quarta C\u00e2mara 18.12.2025 &#8211; Sess\u00e3o Virtual<\/a><\/p>\n\n\n\n<p><a href=\"https:\/\/www.goiania.go.gov.br\/conselhotributario\/wp-content\/uploads\/sites\/24\/2026\/03\/Ata-Eleicao-Presidente-e-Vice-4aC.pdf\">Ata Elei\u00e7\u00e3o Presidente da Quarta C\u00e2mara 18.12.2025 &#8211; Sess\u00e3o Virtual<\/a><\/p>\n\n\n\n<p><\/p>\n","protected":false},"excerpt":{"rendered":"<p>Ata Quarta C\u00e2mara 03.06.2025 &#8211; Sess\u00e3o Virtual Ata Quarta C\u00e2mara 12.08.2025 &#8211; Sess\u00e3o Virtual Ata Quarta C\u00e2mara 18.12.2025 &#8211; Sess\u00e3o Virtual Ata Elei\u00e7\u00e3o Presidente da Quarta C\u00e2mara 18.12.2025 &#8211; Sess\u00e3o Virtual<\/p>\n","protected":false},"author":67,"featured_media":0,"parent":632,"menu_order":1,"comment_status":"closed","ping_status":"closed","template":"","meta":{"_acf_changed":false,"custom_icon_class":"","footnotes":""},"class_list":["post-2517","page","type-page","status-publish","hentry"],"acf":[],"_links":{"self":[{"href":"https:\/\/www.goiania.go.gov.br\/conselhotributario\/wp-json\/wp\/v2\/pages\/2517","targetHints":{"allow":["GET"]}}],"collection":[{"href":"https:\/\/www.goiania.go.gov.br\/conselhotributario\/wp-json\/wp\/v2\/pages"}],"about":[{"href":"https:\/\/www.goiania.go.gov.br\/conselhotributario\/wp-json\/wp\/v2\/types\/page"}],"author":[{"embeddable":true,"href":"https:\/\/www.goiania.go.gov.br\/conselhotributario\/wp-json\/wp\/v2\/users\/67"}],"replies":[{"embeddable":true,"href":"https:\/\/www.goiania.go.gov.br\/conselhotributario\/wp-json\/wp\/v2\/comments?post=2517"}],"version-history":[{"count":9,"href":"https:\/\/www.goiania.go.gov.br\/conselhotributario\/wp-json\/wp\/v2\/pages\/2517\/revisions"}],"predecessor-version":[{"id":2821,"href":"https:\/\/www.goiania.go.gov.br\/conselhotributario\/wp-json\/wp\/v2\/pages\/2517\/revisions\/2821"}],"up":[{"embeddable":true,"href":"https:\/\/www.goiania.go.gov.br\/conselhotributario\/wp-json\/wp\/v2\/pages\/632"}],"wp:attachment":[{"href":"https:\/\/www.goiania.go.gov.br\/conselhotributario\/wp-json\/wp\/v2\/media?parent=2517"}],"curies":[{"name":"wp","href":"https:\/\/api.w.org\/{rel}","templated":true}]}}