{"id":2511,"date":"2019-05-13T11:37:32","date_gmt":"2025-01-16T12:18:52","guid":{"rendered":"https:\/\/www.goiania.go.gov.br\/conselhotributario\/atas-sessao-3a-camara\/atas-de-sessao-3a-camara-2025\/"},"modified":"2026-03-12T08:37:30","modified_gmt":"2026-03-12T11:37:30","slug":"atas-de-sessao-3a-camara-2025","status":"publish","type":"page","link":"https:\/\/www.goiania.go.gov.br\/conselhotributario\/atas-sessao-3a-camara\/atas-de-sessao-3a-camara-2025\/","title":{"rendered":"Atas Terceira C\u00e2mara &#8211; 2025"},"content":{"rendered":"\n<p><a href=\"https:\/\/www.goiania.go.gov.br\/conselhotributario\/wp-content\/uploads\/sites\/24\/2026\/03\/Ata-Sessao-de-Julgamento-3aC-realizada-em-10.06.2025.pdf\">Ata Terceira C\u00e2mara 10.06.2025 &#8211; Sess\u00e3o Virtual<\/a><\/p>\n\n\n\n<p><a href=\"https:\/\/www.goiania.go.gov.br\/conselhotributario\/wp-content\/uploads\/sites\/24\/2026\/03\/Ata-Sessao-de-Julgamento-3aC-realizada-em-17.12.2025.pdf\">Ata Terceira C\u00e2mara 17.12.2025 &#8211; Sess\u00e3o Virtual<\/a><\/p>\n\n\n\n<p><a href=\"https:\/\/www.goiania.go.gov.br\/conselhotributario\/wp-content\/uploads\/sites\/24\/2026\/03\/Ata-Eleicao-Presidente-e-Vice-3aC.pdf\">Ata Elei\u00e7\u00e3o Presidente e Vice-Presidente da Terceira C\u00e2mara 17.12.2025 &#8211; Sess\u00e3o Virtual<\/a><\/p>\n\n\n\n<p><\/p>\n","protected":false},"excerpt":{"rendered":"<p>Ata Terceira C\u00e2mara 10.06.2025 &#8211; Sess\u00e3o Virtual Ata Terceira C\u00e2mara 17.12.2025 &#8211; Sess\u00e3o Virtual Ata Elei\u00e7\u00e3o Presidente e Vice-Presidente da Terceira C\u00e2mara 17.12.2025 &#8211; Sess\u00e3o Virtual<\/p>\n","protected":false},"author":67,"featured_media":0,"parent":533,"menu_order":1,"comment_status":"closed","ping_status":"closed","template":"","meta":{"_acf_changed":false,"custom_icon_class":"","footnotes":""},"class_list":["post-2511","page","type-page","status-publish","hentry"],"acf":[],"_links":{"self":[{"href":"https:\/\/www.goiania.go.gov.br\/conselhotributario\/wp-json\/wp\/v2\/pages\/2511","targetHints":{"allow":["GET"]}}],"collection":[{"href":"https:\/\/www.goiania.go.gov.br\/conselhotributario\/wp-json\/wp\/v2\/pages"}],"about":[{"href":"https:\/\/www.goiania.go.gov.br\/conselhotributario\/wp-json\/wp\/v2\/types\/page"}],"author":[{"embeddable":true,"href":"https:\/\/www.goiania.go.gov.br\/conselhotributario\/wp-json\/wp\/v2\/users\/67"}],"replies":[{"embeddable":true,"href":"https:\/\/www.goiania.go.gov.br\/conselhotributario\/wp-json\/wp\/v2\/comments?post=2511"}],"version-history":[{"count":6,"href":"https:\/\/www.goiania.go.gov.br\/conselhotributario\/wp-json\/wp\/v2\/pages\/2511\/revisions"}],"predecessor-version":[{"id":2820,"href":"https:\/\/www.goiania.go.gov.br\/conselhotributario\/wp-json\/wp\/v2\/pages\/2511\/revisions\/2820"}],"up":[{"embeddable":true,"href":"https:\/\/www.goiania.go.gov.br\/conselhotributario\/wp-json\/wp\/v2\/pages\/533"}],"wp:attachment":[{"href":"https:\/\/www.goiania.go.gov.br\/conselhotributario\/wp-json\/wp\/v2\/media?parent=2511"}],"curies":[{"name":"wp","href":"https:\/\/api.w.org\/{rel}","templated":true}]}}