{"id":2507,"date":"2025-01-16T09:15:32","date_gmt":"2025-01-16T12:15:33","guid":{"rendered":"https:\/\/www.goiania.go.gov.br\/conselhotributario\/atas-segunda-camara\/atas-segunda-camara-2025\/"},"modified":"2026-01-08T09:41:34","modified_gmt":"2026-01-08T12:41:34","slug":"atas-segunda-camara-2025","status":"publish","type":"page","link":"https:\/\/www.goiania.go.gov.br\/conselhotributario\/atas-segunda-camara\/atas-segunda-camara-2025\/","title":{"rendered":"Atas Segunda C\u00e2mara \u2013 2025"},"content":{"rendered":"\n<p><a href=\"https:\/\/www.goiania.go.gov.br\/conselhotributario\/wp-content\/uploads\/sites\/24\/2025\/06\/Ata-05-06-2025-Segunda-Camara.pdf\">Ata Segunda C\u00e2mara 05.06.2025 &#8211; Sess\u00e3o Virtual<\/a><\/p>\n\n\n\n<p><a href=\"https:\/\/www.goiania.go.gov.br\/conselhotributario\/wp-content\/uploads\/sites\/24\/2025\/08\/Ata-Sessao-de-Julgamento-2a-Camara-07.08.2025.pdf\">Ata Segunda C\u00e2mara 07.08.2025 &#8211; Sess\u00e3o Virtual<\/a><\/p>\n\n\n\n<p><a href=\"https:\/\/www.goiania.go.gov.br\/conselhotributario\/wp-content\/uploads\/sites\/24\/2025\/12\/Ata-Sessao-de-Julgamento-Virtual-Segunda-Camara-19.12.2025.pdf\">Ata Segunda C\u00e2mara 19.12.2025 &#8211; Sess\u00e3o Virtual<\/a><\/p>\n\n\n\n<p><a href=\"https:\/\/www.goiania.go.gov.br\/conselhotributario\/wp-content\/uploads\/sites\/24\/2026\/01\/Ata-Eleicao-2a-C.pdf\">Ata Elei\u00e7\u00e3o Presidente da Segunda C\u00e2mara 19.12.2025 &#8211; Sess\u00e3o Virtual<\/a><\/p>\n\n\n\n<p><\/p>\n","protected":false},"excerpt":{"rendered":"<p>Ata Segunda C\u00e2mara 05.06.2025 &#8211; Sess\u00e3o Virtual Ata Segunda C\u00e2mara 07.08.2025 &#8211; Sess\u00e3o Virtual Ata Segunda C\u00e2mara 19.12.2025 &#8211; Sess\u00e3o Virtual Ata Elei\u00e7\u00e3o Presidente da Segunda C\u00e2mara 19.12.2025 &#8211; Sess\u00e3o Virtual<\/p>\n","protected":false},"author":67,"featured_media":0,"parent":476,"menu_order":1,"comment_status":"closed","ping_status":"closed","template":"","meta":{"_acf_changed":false,"custom_icon_class":"","footnotes":""},"class_list":["post-2507","page","type-page","status-publish","hentry"],"acf":[],"_links":{"self":[{"href":"https:\/\/www.goiania.go.gov.br\/conselhotributario\/wp-json\/wp\/v2\/pages\/2507","targetHints":{"allow":["GET"]}}],"collection":[{"href":"https:\/\/www.goiania.go.gov.br\/conselhotributario\/wp-json\/wp\/v2\/pages"}],"about":[{"href":"https:\/\/www.goiania.go.gov.br\/conselhotributario\/wp-json\/wp\/v2\/types\/page"}],"author":[{"embeddable":true,"href":"https:\/\/www.goiania.go.gov.br\/conselhotributario\/wp-json\/wp\/v2\/users\/67"}],"replies":[{"embeddable":true,"href":"https:\/\/www.goiania.go.gov.br\/conselhotributario\/wp-json\/wp\/v2\/comments?post=2507"}],"version-history":[{"count":7,"href":"https:\/\/www.goiania.go.gov.br\/conselhotributario\/wp-json\/wp\/v2\/pages\/2507\/revisions"}],"predecessor-version":[{"id":2764,"href":"https:\/\/www.goiania.go.gov.br\/conselhotributario\/wp-json\/wp\/v2\/pages\/2507\/revisions\/2764"}],"up":[{"embeddable":true,"href":"https:\/\/www.goiania.go.gov.br\/conselhotributario\/wp-json\/wp\/v2\/pages\/476"}],"wp:attachment":[{"href":"https:\/\/www.goiania.go.gov.br\/conselhotributario\/wp-json\/wp\/v2\/media?parent=2507"}],"curies":[{"name":"wp","href":"https:\/\/api.w.org\/{rel}","templated":true}]}}